{"id":295325,"date":"2021-07-13T13:20:21","date_gmt":"2021-07-13T13:20:21","guid":{"rendered":"https:\/\/globecore.com\/products\/moinho-coloidal\/colloid-mills-for-bitumen-modification\/colloid-mill-clm-10-20\/"},"modified":"2026-03-09T08:30:21","modified_gmt":"2026-03-09T08:30:21","slug":"colloid-mill-clm-10-20","status":"publish","type":"page","link":"https:\/\/globecore.com\/pt-pt\/products\/moinho-coloidal\/colloid-mills-for-bitumen-modification\/colloid-mill-clm-10-20\/","title":{"rendered":"CLM-10\/20 Moinho coloidal"},"content":{"rendered":"","protected":false},"excerpt":{"rendered":"<p>O moinho coloidal CLM-10\/20 \u00e9 projetado para homogeneiza\u00e7\u00e3o e emulsifica\u00e7\u00e3o em linha de produtos l\u00edquidos, lidando com suspens\u00f5es espessas com altos esfor\u00e7os de cisalhamento. \u00c9 particularmente adequado para a modifica\u00e7\u00e3o de betumes \u00e0 base de pol\u00edmeros, garantindo dispers\u00e3o uniforme e qualidade consistente do produto. Capacidade: 10\u201320 m\u00b3\/h.<\/p>\n","protected":false},"author":7,"featured_media":67243,"parent":68020,"menu_order":0,"comment_status":"closed","ping_status":"closed","template":"templates\/single-product.php","meta":{"_acf_changed":false,"_bbp_topic_count":0,"_bbp_reply_count":0,"_bbp_total_topic_count":0,"_bbp_total_reply_count":0,"_bbp_voice_count":0,"_bbp_anonymous_reply_count":0,"_bbp_topic_count_hidden":0,"_bbp_reply_count_hidden":0,"_bbp_forum_subforum_count":0,"footnotes":""},"categories":[1345],"class_list":["post-295325","page","type-page","status-publish","has-post-thumbnail","hentry","category-fresagem","oil_type-industria-petrolifera","oil_type-industria-quimica","process_type-fresagem","process_type-mistura"],"acf":{"add_tab":[{"tab_title":"Descri\u00e7\u00e3o","tab_content":"<p style=\"text-align: justify;\">O moinho de col\u00f3ides CLM-10\/20 foi projetado para homogeneiza\u00e7\u00e3o e emulsifica\u00e7\u00e3o inline de produtos l\u00edquidos (misturas espessas de alta tens\u00e3o de cisalhamento), em particular, para modifica\u00e7\u00e3o de asfalto \u00e0 base de pol\u00edmero.<\/p>\r\n<p style=\"text-align: justify;\">\u00c9 aceit\u00e1vel o uso do moinho de col\u00f3ides para prepara\u00e7\u00e3o, dissolu\u00e7\u00e3o e processamento de diversos produtos em v\u00e1rias ind\u00fastrias.<\/p>\r\n\r\n<h2 style=\"text-align: center;\">Design e princ\u00edpio de opera\u00e7\u00e3o<\/h2>\r\n<p style=\"text-align: justify;\">O princ\u00edpio de opera\u00e7\u00e3o do moinho de col\u00f3ides CLM-10\/20 \u00e9 baseado no diagrama do sistema rotor\/estator. O rotor e o estator consistem em an\u00e9is de ferramentas conc\u00eantricos (cortadores, l\u00e2minas) com configura\u00e7\u00f5es especiais de ranhuras e (ou) furos que garantem o modo \u00f3timo de impacto mec\u00e2nico sobre o produto processado.<\/p>\r\n<p style=\"text-align: justify;\">Na posi\u00e7\u00e3o de trabalho, os an\u00e9is de ferramenta do rotor (ferramenta m\u00f3vel) e do estator (ferramenta estacion\u00e1ria) entram coaxialmente um contra o outro e giram de forma sem contato a uma alta velocidade relativa (at\u00e9 52 m\/s). A rota\u00e7\u00e3o sem contato \u00e9 garantida por lacunas axiais e radiais tecnol\u00f3gicas.<\/p>\r\n<p style=\"text-align: justify;\">O produto processado entra na c\u00e2mara de opera\u00e7\u00e3o da carca\u00e7a do moinho atrav\u00e9s do furo axial do estator (entrada do produto), passa pelo sistema rotor\/estator e \u00e9 descarregado na dire\u00e7\u00e3o radial (sa\u00edda do produto).<\/p>\r\n<p style=\"text-align: justify;\">Ao passar pelo sistema rotor\/estator, o produto \u00e9 influenciado por processos hidrodin\u00e2micos complexos associados a mudan\u00e7as nas tens\u00f5es de cisalhamento, for\u00e7as de cisalhamento e velocidade de fluxo. As rea\u00e7\u00f5es qu\u00edmicas ocorrem mais rapidamente devido ao aumento das superf\u00edcies de contato dos agentes qu\u00edmicos. Como resultado, s\u00e3o alcan\u00e7ados processos intensivos de dispers\u00e3o, emulsifica\u00e7\u00e3o, homogeneiza\u00e7\u00e3o, moagem e pulveriza\u00e7\u00e3o do produto processado.<\/p>\r\n\r\n<h2 style=\"text-align: center;\"><strong>Argamassas betuminosas \u2014 campo de aplica\u00e7\u00e3o <\/strong><\/h2>\r\n<ol>\r\n \t<li>As argamassas betuminosas s\u00e3o classificadas tanto por campos de aplica\u00e7\u00e3o quanto por m\u00e9todos de uso (aplica\u00e7\u00e3o a frio e a quente).<\/li>\r\n \t<li>Algumas argamassas requerem prepara\u00e7\u00e3o preliminar da superf\u00edcie com prim\u00e1rios. Um prim\u00e1rio \u00e9 um material betuminoso de preparo que cont\u00e9m betume e um solvente, e possui alta penetra\u00e7\u00e3o e tempo de secagem curto.<\/li>\r\n \t<li>Tipos de argamassas e suas utiliza\u00e7\u00f5es:<\/li>\r\n<\/ol>\r\n\u0430) Argamassa de revestimento (aplica\u00e7\u00e3o a frio):\r\n<ul>\r\n \t<li>impermeabiliza\u00e7\u00e3o de superf\u00edcies;<\/li>\r\n \t<li>tratamento de juntas e fissuras;<\/li>\r\n \t<li>massa para superf\u00edcies;<\/li>\r\n \t<li>fixa\u00e7\u00e3o de materiais betuminosos enrolados;<\/li>\r\n \t<li>prote\u00e7\u00e3o anticorrosiva de estruturas met\u00e1licas.<\/li>\r\n<\/ul>\r\n<ol>\r\n \t<li>b) Argamassa de revestimento (aplica\u00e7\u00e3o a frio). Pode ser usada em temperaturas ambientes abaixo de zero. \u00c9 utilizada para reparo e forma um revestimento imperme\u00e1vel ultra resistente em estruturas de a\u00e7o, concreto e madeira enterradas no solo.<\/li>\r\n<\/ol>\r\n\u0441) Argamassa betuminoso-rubber (aplica\u00e7\u00e3o a frio) \u00e9 usada para impermeabiliza\u00e7\u00e3o de funda\u00e7\u00f5es, paredes, tanques, tubula\u00e7\u00f5es, etc.\r\n<ol>\r\n \t<li>d) Argamassa adesiva (aplica\u00e7\u00e3o a frio). Projetada para fixa\u00e7\u00e3o de poliestireno extrudido a materiais isolantes betuminosos e betuminoso-polim\u00e9ricos em sistemas de isolamento de funda\u00e7\u00f5es.<\/li>\r\n<\/ol>\r\n<h2 style=\"text-align: center;\"><strong>Asfalto modificado \u2014 Campos de aplica\u00e7\u00e3o <\/strong><\/h2>\r\n<ol>\r\n \t<li>Constru\u00e7\u00e3o rodovi\u00e1ria:<\/li>\r\n<\/ol>\r\n<ul>\r\n \t<li>produ\u00e7\u00e3o de concreto asf\u00e1ltico utilizado para novas constru\u00e7\u00f5es e reparo de estradas de primeira classe, pontes, viadutos, interse\u00e7\u00f5es rodovi\u00e1rias, etc.;<\/li>\r\n \t<li>produ\u00e7\u00e3o de concreto asf\u00e1ltico de matriz de pedra (SMA) para pavimenta\u00e7\u00e3o de rodovias de primeira classe;<\/li>\r\n \t<li>produ\u00e7\u00e3o de concreto asf\u00e1ltico poroso;<\/li>\r\n \t<li>coloca\u00e7\u00e3o de membranas de impermeabiliza\u00e7\u00e3o contra rachaduras.<\/li>\r\n<\/ul>\r\n<ol start=\"2\">\r\n \t<li>Instala\u00e7\u00f5es de engenharia hidr\u00e1ulica:<\/li>\r\n<\/ol>\r\n<ul>\r\n \t<li>produ\u00e7\u00e3o de argamassas \u00e0 base de PMB para revestimento de instala\u00e7\u00f5es de armazenamento de \u00e1gua, piscinas, revestimentos de tubula\u00e7\u00f5es de abastecimento de \u00e1gua.<\/li>\r\n<\/ul>\r\n<ol start=\"3\">\r\n \t<li>Impermeabiliza\u00e7\u00e3o de telhados:<\/li>\r\n<\/ol>\r\n<ul>\r\n \t<li>produ\u00e7\u00e3o de materiais de cobertura enrolados \u00e0 base de PMB (Ruberoid, Euroruberoid).<\/li>\r\n<\/ul>\r\n<ol start=\"4\">\r\n \t<li>Telhas betuminosas:<\/li>\r\n<\/ol>\r\n<ul>\r\n \t<li>produ\u00e7\u00e3o de argamassas para assentamento e reparo de superf\u00edcies de telhados.<\/li>\r\n<\/ul>"}],"add_def_tab":[{"tab_title":"Especifica\u00e7\u00e3o","tab_content":"<table>\r\n<tbody>\r\n<tr>\r\n<td><b>No.<\/b><\/td>\r\n<td>\r\n<p style=\"text-align: center;\"><b>Especifica\u00e7\u00e3o<\/b><\/p>\r\n<\/td>\r\n<td>\r\n<p style=\"text-align: center;\"><b>Valor<\/b><\/p>\r\n<\/td>\r\n<\/tr>\r\n<tr>\r\n<td>1<\/td>\r\n<td>\r\n<p style=\"text-align: left;\">Capacidade da unidade, m<sup>3<\/sup>\/h (gpm)<\/p>\r\n<\/td>\r\n<td>\r\n<p style=\"text-align: center;\">10\u202620 (44\u2026 88)*<\/p>\r\n<\/td>\r\n<\/tr>\r\n<tr>\r\n<td>3<\/td>\r\n<td>\r\n<p style=\"text-align: left;\">Temperatura de opera\u00e7\u00e3o, \u00b0C (\u00b0F), n\u00e3o mais que<\/p>\r\n<\/td>\r\n<td>\r\n<p style=\"text-align: center;\">200 (392)<\/p>\r\n<\/td>\r\n<\/tr>\r\n<tr>\r\n<td>4<\/td>\r\n<td>\r\n<p style=\"text-align: left;\">Press\u00e3o m\u00e1xima, bar (psi), n\u00e3o mais que<\/p>\r\n<\/td>\r\n<td>\r\n<p style=\"text-align: center;\">20 (290)<\/p>\r\n<\/td>\r\n<\/tr>\r\n<tr>\r\n<td>5<\/td>\r\n<td>\r\n<p style=\"text-align: left;\">Volume operacional do produto, L<\/p>\r\n<\/td>\r\n<td>\r\n<p style=\"text-align: center;\">fluxo<\/p>\r\n<\/td>\r\n<\/tr>\r\n<tr>\r\n<td>6<\/td>\r\n<td>\r\n<p style=\"text-align: left;\">Tipo de selo do eixo<\/p>\r\n<\/td>\r\n<td>\r\n<p style=\"text-align: center;\">veda\u00e7\u00e3o (mec\u00e2nica)<\/p>\r\n<\/td>\r\n<\/tr>\r\n<tr>\r\n<td>7<\/td>\r\n<td>\r\n<p style=\"text-align: left;\">Tipo de ferramenta rotor\/stator<\/p>\r\n<\/td>\r\n<td>\r\n<p style=\"text-align: center;\">c\u00e2mara<\/p>\r\n<\/td>\r\n<\/tr>\r\n<tr>\r\n<td>8<\/td>\r\n<td>\r\n<p style=\"text-align: left;\">Kit de l\u00e2minas substitu\u00edveis<\/p>\r\n<\/td>\r\n<td>\r\n<p style=\"text-align: center;\">opcional<\/p>\r\n<\/td>\r\n<\/tr>\r\n<tr>\r\n<td>9<\/td>\r\n<td>\r\n<p style=\"text-align: left;\">Folga axial da l\u00e2mina (pr\u00e9-ajustada), mm (in)<\/p>\r\n<\/td>\r\n<td>\r\n<p style=\"text-align: center;\">0,2\u20262 (8\u00b710<sup>-3<\/sup>\u2026 8\u00b710<sup>-2<\/sup>)<\/p>\r\n<\/td>\r\n<\/tr>\r\n<tr>\r\n<td>10<\/td>\r\n<td>\r\n<p style=\"text-align: left;\">Folga radial da l\u00e2mina, mm (in)<\/p>\r\n<\/td>\r\n<td>\r\n<p style=\"text-align: center;\">0,3 (10<sup>-2<\/sup>)<\/p>\r\n<\/td>\r\n<\/tr>\r\n<tr>\r\n<td>11<\/td>\r\n<td>\r\n<p style=\"text-align: left;\">Velocidade da ponta da l\u00e2mina, m\/s (mph), n\u00e3o mais que<\/p>\r\n<\/td>\r\n<td>\r\n<p style=\"text-align: center;\">52 (116)<\/p>\r\n<\/td>\r\n<\/tr>\r\n<tr>\r\n<td>12<\/td>\r\n<td>\r\n<p style=\"text-align: left;\">Velocidade de rota\u00e7\u00e3o do eixo e rolamento do moinho, rpm<\/p>\r\n<\/td>\r\n<td>\r\n<p style=\"text-align: center;\">4.500<\/p>\r\n<\/td>\r\n<\/tr>\r\n<tr>\r\n<td>13<\/td>\r\n<td>\r\n<p style=\"text-align: left;\">Velocidade de rota\u00e7\u00e3o do eixo do motor el\u00e9trico, rpm<\/p>\r\n<\/td>\r\n<td>\r\n<p style=\"text-align: center;\">3.000<\/p>\r\n<\/td>\r\n<\/tr>\r\n<tr>\r\n<td>14<\/td>\r\n<td>\r\n<p style=\"text-align: left;\">Pot\u00eancia do acionamento, kW<\/p>\r\n<\/td>\r\n<td>\r\n<p style=\"text-align: center;\">75 (90)<\/p>\r\n<\/td>\r\n<\/tr>\r\n<tr>\r\n<td>15<\/td>\r\n<td>\r\n<p style=\"text-align: left;\">Tens\u00e3o de alimenta\u00e7\u00e3o, V<\/p>\r\n<\/td>\r\n<td>\r\n<p style=\"text-align: center;\">personalizada<\/p>\r\n<\/td>\r\n<\/tr>\r\n<tr>\r\n<td rowspan=\"4\">16<\/td>\r\n<td>\r\n<p style=\"text-align: left;\">Dimens\u00f5es, mm (in), n\u00e3o mais que:<\/p>\r\n<\/td>\r\n<td><\/td>\r\n<\/tr>\r\n<tr>\r\n<td>\r\n<p style=\"text-align: left;\">-comprimento<\/p>\r\n<\/td>\r\n<td>\r\n<p style=\"text-align: center;\">1.200 (47)<\/p>\r\n<\/td>\r\n<\/tr>\r\n<tr>\r\n<td>\r\n<p style=\"text-align: left;\">-largura<\/p>\r\n<\/td>\r\n<td>\r\n<p style=\"text-align: center;\">1.000 (39)<\/p>\r\n<\/td>\r\n<\/tr>\r\n<tr>\r\n<td>\r\n<p style=\"text-align: left;\">-altura<\/p>\r\n<\/td>\r\n<td>\r\n<p style=\"text-align: center;\">850 (33)<\/p>\r\n<\/td>\r\n<\/tr>\r\n<tr>\r\n<td>17<\/td>\r\n<td>\r\n<p style=\"text-align: left;\">Peso, n\u00e3o mais que, kg (lb)<\/p>\r\n<\/td>\r\n<td>\r\n<p style=\"text-align: center;\">900 (1.985)<\/p>\r\n<\/td>\r\n<\/tr>\r\n<\/tbody>\r\n<\/table>\r\n<b>\u00a0<\/b>* \u2013 dependendo do produto (l\u00edquido)."},{"tab_title":"Vantagens","tab_content":"<ul>\r\n \t<li style=\"text-align: justify;\">o moinho pode ser usado em v\u00e1rias ind\u00fastrias;<\/li>\r\n \t<li style=\"text-align: justify;\">tamanhos compactos;<\/li>\r\n \t<li style=\"text-align: justify;\">dependendo das tarefas a serem realizadas, o produto \u00e9 fornecido com diferentes tipos de ferramentas rotor\/stator e selos de eixo;<\/li>\r\n \t<li style=\"text-align: justify;\">a parte molhada do moinho e os componentes podem ser feitos de a\u00e7o de qualidade estrutural, a\u00e7o inoxid\u00e1vel resistente a produtos qu\u00edmicos e a\u00e7o aceit\u00e1vel para uso na ind\u00fastria aliment\u00edcia;<\/li>\r\n \t<li style=\"text-align: justify;\">o moinho pode ser operado tanto em ambientes internos quanto em espa\u00e7os externos cobertos.<\/li>\r\n<\/ul>"},{"tab_title":"Webinar","tab_content":"<div class=\"responsive-embed widescreen\">\r\n<div class=\"responsive-embed widescreen\">\r\n<div class=\"responsive-embed widescreen\">\r\n<div class=\"responsive-embed widescreen\"><iframe title=\"Produ\u00e7\u00e3o de betume modificado. Abordagem moderna\" src=\"https:\/\/www.youtube.com\/embed\/9qGOp1erhKs?feature=oembed\" width=\"500\" height=\"281\" frameborder=\"0\" allowfullscreen=\"allowfullscreen\"><\/iframe><\/div>\r\n<\/div>\r\n<\/div>\r\n<\/div>"}],"add_video_tab":[{"video_tab_title":"Video","add_video_id":[{"video_id":"8T3417nstRQ"},{"video_id":"6WjhUjc4IRo"}]}],"add_gallery_tab":null,"add_price_tab":[{"price_tab_title":"Get a quote"}]},"language":"pt-pt","_links":{"self":[{"href":"https:\/\/globecore.com\/pt-pt\/wp-json\/wp\/v2\/pages\/295325","targetHints":{"allow":["GET"]}}],"collection":[{"href":"https:\/\/globecore.com\/pt-pt\/wp-json\/wp\/v2\/pages"}],"about":[{"href":"https:\/\/globecore.com\/pt-pt\/wp-json\/wp\/v2\/types\/page"}],"author":[{"embeddable":true,"href":"https:\/\/globecore.com\/pt-pt\/wp-json\/wp\/v2\/users\/7"}],"replies":[{"embeddable":true,"href":"https:\/\/globecore.com\/pt-pt\/wp-json\/wp\/v2\/comments?post=295325"}],"version-history":[{"count":1,"href":"https:\/\/globecore.com\/pt-pt\/wp-json\/wp\/v2\/pages\/295325\/revisions"}],"predecessor-version":[{"id":341784,"href":"https:\/\/globecore.com\/pt-pt\/wp-json\/wp\/v2\/pages\/295325\/revisions\/341784"}],"up":[{"embeddable":true,"href":"https:\/\/globecore.com\/pt-pt\/wp-json\/wp\/v2\/pages\/68020"}],"wp:featuredmedia":[{"embeddable":true,"href":"https:\/\/globecore.com\/pt-pt\/wp-json\/wp\/v2\/media\/67243"}],"wp:attachment":[{"href":"https:\/\/globecore.com\/pt-pt\/wp-json\/wp\/v2\/media?parent=295325"}],"wp:term":[{"taxonomy":"category","embeddable":true,"href":"https:\/\/globecore.com\/pt-pt\/wp-json\/wp\/v2\/categories?post=295325"}],"curies":[{"name":"wp","href":"https:\/\/api.w.org\/{rel}","templated":true}]}}