{"id":295338,"date":"2021-07-14T05:22:16","date_gmt":"2021-07-14T05:22:16","guid":{"rendered":"https:\/\/globecore.com\/products\/moinho-coloidal\/colloid-mills-for-bitumen-modification\/colloid-mill-clm-8-16\/"},"modified":"2026-03-09T08:25:24","modified_gmt":"2026-03-09T08:25:24","slug":"colloid-mill-clm-8-16","status":"publish","type":"page","link":"https:\/\/globecore.com\/pt-pt\/products\/moinho-coloidal\/colloid-mills-for-bitumen-modification\/colloid-mill-clm-8-16\/","title":{"rendered":"CLM-8\/16 Moinho coloidal"},"content":{"rendered":"","protected":false},"excerpt":{"rendered":"<p>O moinho coloidal CLM-8\/16 \u00e9 projetado para homogeneiza\u00e7\u00e3o e emulsifica\u00e7\u00e3o em linha de produtos l\u00edquidos, processando de forma eficiente suspens\u00f5es espessas com altos esfor\u00e7os de cisalhamento. \u00c9 amplamente utilizado em v\u00e1rias ind\u00fastrias, incluindo a moagem de pol\u00edmero SBS granulado na produ\u00e7\u00e3o de betumes modificados. O moinho garante misturas uniformes e est\u00e1veis, mantendo alta efici\u00eancia de processamento. Capacidade: 8\u201316 m\u00b3\/h.<\/p>\n","protected":false},"author":7,"featured_media":67256,"parent":68020,"menu_order":0,"comment_status":"closed","ping_status":"closed","template":"templates\/single-product.php","meta":{"_acf_changed":false,"_bbp_topic_count":0,"_bbp_reply_count":0,"_bbp_total_topic_count":0,"_bbp_total_reply_count":0,"_bbp_voice_count":0,"_bbp_anonymous_reply_count":0,"_bbp_topic_count_hidden":0,"_bbp_reply_count_hidden":0,"_bbp_forum_subforum_count":0,"footnotes":""},"categories":[1345],"class_list":["post-295338","page","type-page","status-publish","has-post-thumbnail","hentry","category-fresagem","oil_type-industria-petrolifera","oil_type-industria-quimica","process_type-fresagem","process_type-mistura"],"acf":{"add_tab":[{"tab_title":"Descri\u00e7\u00e3o","tab_content":"<p style=\"text-align: justify;\">O moinho CLM-8\/16 \u00e9 projetado para homogeneiza\u00e7\u00e3o e emulsifica\u00e7\u00e3o em linha de produtos l\u00edquidos (misturas espessas de alto estresse de cisalhamento).<\/p>\r\n<p style=\"text-align: justify;\">O moinho pode ser usado para preparar, dissolver e processar muitos produtos em v\u00e1rias ind\u00fastrias, em particular, ao moer o pol\u00edmero SBS granulado aplicado na prepara\u00e7\u00e3o de asfalto modificado.<\/p>\r\n\r\n<h2 style=\"text-align: center;\">Princ\u00edpio de opera\u00e7\u00e3o<\/h2>\r\n<p style=\"text-align: justify;\">O princ\u00edpio de opera\u00e7\u00e3o do moinho CLM-8\/16 \u00e9 baseado em um diagrama de sistema rotor\/stator. O rotor e o estator consistem em an\u00e9is conc\u00eantricos de ferramenta (cortadores, facas) com configura\u00e7\u00f5es especiais de ranhuras e (ou) furos que garantem o modo ideal de impacto mec\u00e2nico no produto processado.<\/p>\r\n<p style=\"text-align: justify;\">Na posi\u00e7\u00e3o de opera\u00e7\u00e3o, os an\u00e9is de ferramenta do rotor (ferramenta m\u00f3vel) e do estator (ferramenta estacion\u00e1ria) entram coaxialmente um contra o outro e giram de forma sem contato a uma alta velocidade relativa (at\u00e9 47 m\/s). A rota\u00e7\u00e3o sem contato \u00e9 garantida por folgas axiais e radiais tecnol\u00f3gicas.<\/p>\r\n<p style=\"text-align: justify;\">O produto processado entra na c\u00e2mara de opera\u00e7\u00e3o do corpo do moinho atrav\u00e9s do furo axial do estator (entrada do produto), passa pelo sistema rotor\/stator e \u00e9 descarregado na dire\u00e7\u00e3o radial (sa\u00edda do produto).<\/p>\r\n<p style=\"text-align: justify;\">Ao passar pelo sistema rotor\/stator, o produto \u00e9 influenciado por processos hidrodin\u00e2micos complexos associados a mudan\u00e7as nos estresses de cisalhamento, for\u00e7as de cisalhamento e velocidade de fluxo. Rea\u00e7\u00f5es qu\u00edmicas ocorrem mais rapidamente devido ao aumento das superf\u00edcies de contato dos agentes qu\u00edmicos. Como resultado, ocorre dispers\u00e3o, emulsifica\u00e7\u00e3o, homogeneiza\u00e7\u00e3o, moagem e pulveriza\u00e7\u00e3o intensivas do produto processado.<\/p>\r\n\r\n<h2 style=\"text-align: center;\">Massa asf\u00e1ltica \u2014 campo de aplica\u00e7\u00e3o<\/h2>\r\n<ol>\r\n \t<li>As massas asf\u00e1lticas s\u00e3o classificadas tanto pelos campos de aplica\u00e7\u00e3o quanto pelos m\u00e9todos de uso (aplica\u00e7\u00e3o a frio e a quente).<\/li>\r\n \t<li>Algumas massas requerem prepara\u00e7\u00e3o preliminar da superf\u00edcie com primers. Um primer \u00e9 um material de prepara\u00e7\u00e3o asf\u00e1ltica contendo betume e um solvente, tendo alta penetra\u00e7\u00e3o e tempo de secagem curto.<\/li>\r\n \t<li>Tipos de massas e suas utiliza\u00e7\u00f5es:<\/li>\r\n<\/ol>\r\na) Massa de revestimento (aplica\u00e7\u00e3o a frio):\r\n<ul>\r\n \t<li>impermeabiliza\u00e7\u00e3o de superf\u00edcies;<\/li>\r\n \t<li>tratamento de juntas e rachaduras;<\/li>\r\n \t<li>reboco de superf\u00edcies;<\/li>\r\n \t<li>fixa\u00e7\u00e3o de materiais asf\u00e1lticos enrolados;<\/li>\r\n \t<li>prote\u00e7\u00e3o anticorrosiva de estruturas met\u00e1licas.<\/li>\r\n<\/ul>\r\n<ol>\r\n \t<li>b) Massa de revestimento (aplica\u00e7\u00e3o a frio). Pode ser usada em temperaturas ambientes abaixo de zero. \u00c9 usada para reparos e forma uma camada imperme\u00e1vel ultra-resistente em estruturas de a\u00e7o, concreto e madeira enterradas no solo.<\/li>\r\n<\/ol>\r\nc) Massa asf\u00e1ltica-borracha (aplica\u00e7\u00e3o a frio) \u00e9 usada para impermeabiliza\u00e7\u00e3o de funda\u00e7\u00f5es, paredes, tanques, tubula\u00e7\u00f5es, etc.\r\n<ol>\r\n \t<li>d) Massa adesiva (aplica\u00e7\u00e3o a frio). Projetada para fixa\u00e7\u00e3o de poliestireno extrudido a materiais isolantes asf\u00e1lticos e asf\u00e1ltico-polim\u00e9ricos em sistemas de isolamento de funda\u00e7\u00f5es.<\/li>\r\n<\/ol>\r\n<h2 style=\"text-align: center;\">Asfalto modificado \u2014 campos de aplica\u00e7\u00e3o<\/h2>\r\n<ol>\r\n \t<li>Constru\u00e7\u00e3o rodovi\u00e1ria:<\/li>\r\n<\/ol>\r\n<ul>\r\n \t<li>produ\u00e7\u00e3o de concreto asf\u00e1ltico utilizado na constru\u00e7\u00e3o nova e reparo de estradas de primeira classe, pontes, viadutos, cruzamentos rodovi\u00e1rios, etc.;<\/li>\r\n \t<li>produ\u00e7\u00e3o de concreto asf\u00e1ltico de matriz de pedra (SMA) para revestimento de pavimentos de rodovias de primeira classe;<\/li>\r\n \t<li>produ\u00e7\u00e3o de concreto asf\u00e1ltico poroso;<\/li>\r\n \t<li>coloca\u00e7\u00e3o de membranas de parada de rachaduras.<\/li>\r\n<\/ul>\r\n<ol start=\"2\">\r\n \t<li>Instala\u00e7\u00f5es de engenharia hidr\u00e1ulica:<\/li>\r\n<\/ol>\r\n<ul>\r\n \t<li>produ\u00e7\u00e3o de massas \u00e0 base de PMB para revestimento de instala\u00e7\u00f5es de armazenamento de \u00e1gua, piscinas, revestimentos de tubula\u00e7\u00f5es de abastecimento de \u00e1gua.<\/li>\r\n<\/ul>\r\n<ol start=\"3\">\r\n \t<li>Cobertura:<\/li>\r\n<\/ol>\r\n<ul>\r\n \t<li>produ\u00e7\u00e3o de materiais de cobertura rolada \u00e0 base de PMB (Ruberoid, Euroruberoid).<\/li>\r\n<\/ul>\r\n<ol start=\"4\">\r\n \t<li>Telhas de asfalto:<\/li>\r\n<\/ol>\r\n<ul>\r\n \t<li>produ\u00e7\u00e3o de massas para assentamento e reparo de superf\u00edcies de cobertura.<\/li>\r\n<\/ul>"}],"add_def_tab":[{"tab_title":"Especifica\u00e7\u00f5es","tab_content":"<table>\r\n<tbody>\r\n<tr>\r\n<td>\r\n<p style=\"text-align: center;\"><b>Par\u00e2metro<\/b><\/p>\r\n<\/td>\r\n<td>\r\n<p style=\"text-align: center;\"><b>Valor<\/b><\/p>\r\n<\/td>\r\n<\/tr>\r\n<tr>\r\n<td>\r\n<p style=\"text-align: left;\">Capacidade do moinho, m<sup>3<\/sup>\/h (gpm)<\/p>\r\n<\/td>\r\n<td>\r\n<p style=\"text-align: center;\">8\u2026 16 (35\u2026 70)*<\/p>\r\n<\/td>\r\n<\/tr>\r\n<tr>\r\n<td>\r\n<p style=\"text-align: left;\">Viscosidade cinem\u00e1tica do produto, mm<sup>2<\/sup>\/s (St), n\u00e3o mais que<\/p>\r\n<\/td>\r\n<td>\r\n<p style=\"text-align: center;\">150 (1.5)<\/p>\r\n<\/td>\r\n<\/tr>\r\n<tr>\r\n<td>\r\n<p style=\"text-align: left;\">Tamanho inicial das part\u00edculas de pol\u00edmero, mm (in), n\u00e3o mais que<\/p>\r\n<\/td>\r\n<td>\r\n<p style=\"text-align: center;\">5 (0.2)<\/p>\r\n<\/td>\r\n<\/tr>\r\n<tr>\r\n<td>\r\n<p style=\"text-align: left;\">Press\u00e3o m\u00e1xima de opera\u00e7\u00e3o, MPa (psi)<\/p>\r\n<\/td>\r\n<td>\r\n<p style=\"text-align: center;\">0.6 (87)<\/p>\r\n<\/td>\r\n<\/tr>\r\n<tr>\r\n<td>\r\n<p style=\"text-align: left;\">Frequ\u00eancia de rota\u00e7\u00e3o nominal, rpm<\/p>\r\n<\/td>\r\n<td>\r\n<p style=\"text-align: center;\">2,950<\/p>\r\n<\/td>\r\n<\/tr>\r\n<tr>\r\n<td>\r\n<p style=\"text-align: left;\">Pot\u00eancia do motor de acionamento, kW<\/p>\r\n<\/td>\r\n<td>\r\n<p style=\"text-align: center;\">75<\/p>\r\n<\/td>\r\n<\/tr>\r\n<tr>\r\n<td>\r\n<p style=\"text-align: left;\">Par\u00e2metros da rede el\u00e9trica, V\/Hz<\/p>\r\n<\/td>\r\n<td>\r\n<p style=\"text-align: center;\">personalizado<\/p>\r\n<\/td>\r\n<\/tr>\r\n<tr>\r\n<td>\r\n<p style=\"text-align: left;\">Di\u00e2metro nominal da rosca das pe\u00e7as do moinho, mm (in)<\/p>\r\n<p style=\"text-align: left;\">\u00a0\u2013 entrada<\/p>\r\n<p style=\"text-align: left;\">\u00a0\u2013 sa\u00edda<\/p>\r\n<\/td>\r\n<td>&nbsp;\r\n<p style=\"text-align: center;\">120 (4.7)<\/p>\r\n<p style=\"text-align: center;\">80 (3.1)<\/p>\r\n<\/td>\r\n<\/tr>\r\n<tr>\r\n<td>\r\n<p style=\"text-align: left;\">Temperatura de opera\u00e7\u00e3o, \u00b0C (\u00b0F), n\u00e3o mais que<\/p>\r\n<\/td>\r\n<td>\r\n<p style=\"text-align: center;\">180 (356)<\/p>\r\n<\/td>\r\n<\/tr>\r\n<tr>\r\n<td>\r\n<p style=\"text-align: left;\">Veda\u00e7\u00e3o do eixo do moinho<\/p>\r\n<\/td>\r\n<td>\r\n<p style=\"text-align: center;\">embalagem<\/p>\r\n<\/td>\r\n<\/tr>\r\n<tr>\r\n<td>\r\n<p style=\"text-align: left;\">Tipo de ajuste da folga da l\u00e2mina<\/p>\r\n<\/td>\r\n<td>\r\n<p style=\"text-align: center;\">manual<\/p>\r\n<\/td>\r\n<\/tr>\r\n<tr>\r\n<td>\r\n<p style=\"text-align: left;\">Faixa de ajuste da folga da l\u00e2mina, mm (in)<\/p>\r\n<\/td>\r\n<td>\r\n<p style=\"text-align: center;\">0,2\u20262 (8\u00b710<sup>-3<\/sup>\u2026 8\u00b710<sup>-3<\/sup>)<\/p>\r\n<\/td>\r\n<\/tr>\r\n<tr>\r\n<td>\r\n<p style=\"text-align: left;\">Velocidade da ponta da l\u00e2mina a 3.000 rpm, m\/s (mph), n\u00e3o mais que<\/p>\r\n<\/td>\r\n<td>\r\n<p style=\"text-align: center;\">47 (105)<\/p>\r\n<\/td>\r\n<\/tr>\r\n<tr>\r\n<td>\r\n<p style=\"text-align: left;\">Dimens\u00f5es (n\u00e3o mais que), mm (in):<\/p>\r\n<p style=\"text-align: left;\">\u00a0\u2013 comprimento<\/p>\r\n<p style=\"text-align: left;\">\u00a0\u2013 largura<\/p>\r\n<p style=\"text-align: left;\">\u00a0\u2013 altura<\/p>\r\n<\/td>\r\n<td>&nbsp;\r\n<p style=\"text-align: center;\">1,690 (67)<\/p>\r\n<p style=\"text-align: center;\">650 (26)<\/p>\r\n<p style=\"text-align: center;\">770 (30)<\/p>\r\n<\/td>\r\n<\/tr>\r\n<tr>\r\n<td>\r\n<p style=\"text-align: left;\">Peso l\u00edquido (n\u00e3o mais que), kg (lb)<\/p>\r\n<\/td>\r\n<td>\r\n<p style=\"text-align: center;\">780 (1,720)<\/p>\r\n<\/td>\r\n<\/tr>\r\n<\/tbody>\r\n<\/table>\r\n<b>\u00a0<\/b>* \u2013 dependendo do produto (l\u00edquido)."},{"tab_title":"Vantagens","tab_content":"<ul>\r\n \t<li style=\"text-align: justify;\">o moinho pode ser utilizado em v\u00e1rias ind\u00fastrias;<\/li>\r\n \t<li style=\"text-align: justify;\">dependendo das tarefas a serem executadas, o item \u00e9 fornecido com v\u00e1rios tipos de ferramentas de rotor\/estator e veda\u00e7\u00e3o de eixo;<\/li>\r\n \t<li style=\"text-align: justify;\">a parte molhada do moinho e os componentes podem ser feitos de a\u00e7o de qualidade estrutural, a\u00e7o inoxid\u00e1vel resistente a produtos qu\u00edmicos e a\u00e7o aceit\u00e1vel para uso na ind\u00fastria aliment\u00edcia;<\/li>\r\n \t<li style=\"text-align: justify;\">o design do moinho permite ajustar a folga entre os cortadores de 0,2 a 2 mm;<\/li>\r\n \t<li style=\"text-align: justify;\">o moinho pode ser operado tanto em ambientes internos quanto em espa\u00e7os externos protegidos.<\/li>\r\n<\/ul>"},{"tab_title":"Webinar","tab_content":"<div class=\"responsive-embed widescreen\">\r\n<div class=\"responsive-embed widescreen\">\r\n<div class=\"responsive-embed widescreen\">\r\n<div class=\"responsive-embed widescreen\"><iframe title=\"Produ\u00e7\u00e3o de betume modificado. Abordagem moderna\" src=\"https:\/\/www.youtube.com\/embed\/9qGOp1erhKs?feature=oembed\" width=\"500\" height=\"281\" frameborder=\"0\" allowfullscreen=\"allowfullscreen\"><\/iframe><\/div>\r\n<\/div>\r\n<\/div>\r\n<\/div>"}],"add_video_tab":[{"video_tab_title":"Video","add_video_id":[{"video_id":"8T3417nstRQ"},{"video_id":"6WjhUjc4IRo"}]}],"add_gallery_tab":null,"add_price_tab":[{"price_tab_title":"Get a quote"}]},"language":"pt-pt","_links":{"self":[{"href":"https:\/\/globecore.com\/pt-pt\/wp-json\/wp\/v2\/pages\/295338","targetHints":{"allow":["GET"]}}],"collection":[{"href":"https:\/\/globecore.com\/pt-pt\/wp-json\/wp\/v2\/pages"}],"about":[{"href":"https:\/\/globecore.com\/pt-pt\/wp-json\/wp\/v2\/types\/page"}],"author":[{"embeddable":true,"href":"https:\/\/globecore.com\/pt-pt\/wp-json\/wp\/v2\/users\/7"}],"replies":[{"embeddable":true,"href":"https:\/\/globecore.com\/pt-pt\/wp-json\/wp\/v2\/comments?post=295338"}],"version-history":[{"count":1,"href":"https:\/\/globecore.com\/pt-pt\/wp-json\/wp\/v2\/pages\/295338\/revisions"}],"predecessor-version":[{"id":341780,"href":"https:\/\/globecore.com\/pt-pt\/wp-json\/wp\/v2\/pages\/295338\/revisions\/341780"}],"up":[{"embeddable":true,"href":"https:\/\/globecore.com\/pt-pt\/wp-json\/wp\/v2\/pages\/68020"}],"wp:featuredmedia":[{"embeddable":true,"href":"https:\/\/globecore.com\/pt-pt\/wp-json\/wp\/v2\/media\/67256"}],"wp:attachment":[{"href":"https:\/\/globecore.com\/pt-pt\/wp-json\/wp\/v2\/media?parent=295338"}],"wp:term":[{"taxonomy":"category","embeddable":true,"href":"https:\/\/globecore.com\/pt-pt\/wp-json\/wp\/v2\/categories?post=295338"}],"curies":[{"name":"wp","href":"https:\/\/api.w.org\/{rel}","templated":true}]}}