{"id":295345,"date":"2023-05-22T07:40:30","date_gmt":"2023-05-22T07:40:30","guid":{"rendered":"https:\/\/globecore.com\/products\/moinho-coloidal\/colloid-mills-for-bitumen-emulsion-production\/laboratory-colloid-mill-clm-0-25-1\/"},"modified":"2026-03-09T08:06:10","modified_gmt":"2026-03-09T08:06:10","slug":"laboratory-colloid-mill-clm-0-25-1","status":"publish","type":"page","link":"https:\/\/globecore.com\/pt-pt\/products\/moinho-coloidal\/colloid-mills-for-bitumen-emulsion-production\/laboratory-colloid-mill-clm-0-25-1\/","title":{"rendered":"CLM-0.25.1 Moinho coloidal de laborat\u00f3rio"},"content":{"rendered":"","protected":false},"excerpt":{"rendered":"<p>O moinho coloidal de laborat\u00f3rio CLM-0.25.1 \u00e9 destinado \u00e0 homogeneiza\u00e7\u00e3o e emulsifica\u00e7\u00e3o de materiais l\u00edquidos e suspens\u00f5es espessas com alto esfor\u00e7o de cisalhamento em condi\u00e7\u00f5es de laborat\u00f3rio. \u00c9 utilizado para a prepara\u00e7\u00e3o de lotes laboratoriais de emuls\u00f5es betuminosas e para a sele\u00e7\u00e3o de formula\u00e7\u00f5es \u00f3timas de emuls\u00e3o de acordo com os ingredientes e os requisitos de aplica\u00e7\u00e3o. O CLM-0.25.1 pode ser fornecido como unidade independente ou como parte do sistema de produ\u00e7\u00e3o de emuls\u00f5es betuminosas USB-2. A capacidade m\u00ednima \u00e9 de 25 L\/h (0,11 gpm).<\/p>\n","protected":false},"author":7,"featured_media":68050,"parent":68006,"menu_order":0,"comment_status":"closed","ping_status":"closed","template":"templates\/single-product.php","meta":{"_acf_changed":false,"_bbp_topic_count":0,"_bbp_reply_count":0,"_bbp_total_topic_count":0,"_bbp_total_reply_count":0,"_bbp_voice_count":0,"_bbp_anonymous_reply_count":0,"_bbp_topic_count_hidden":0,"_bbp_reply_count_hidden":0,"_bbp_forum_subforum_count":0,"footnotes":""},"categories":[1345],"class_list":["post-295345","page","type-page","status-publish","has-post-thumbnail","hentry","category-fresagem","oil_type-industria-petrolifera","oil_type-industria-quimica","process_type-fresagem","process_type-mistura"],"acf":{"add_tab":[{"tab_title":"Descri\u00e7\u00e3o","tab_content":"<p style=\"text-align: justify;\">O moinho de coloide CLM-0.25.1 \u00e9 projetado para homogeneiza\u00e7\u00e3o e emulsifica\u00e7\u00e3o de materiais l\u00edquidos (pastas espessas com altas tens\u00f5es de cisalhamento) em um ambiente de laborat\u00f3rio.<\/p>\r\n<p style=\"text-align: justify;\">O CLM-0.25.1 pode ser usado:<\/p>\r\n\r\n<ul style=\"text-align: justify;\">\r\n \t<li>para preparar lotes laboratoriais de emuls\u00f5es de asfalto;<\/li>\r\n \t<li>para selecionar a formula\u00e7\u00e3o de emuls\u00f5es de asfalto dependendo de seu conjunto de ingredientes e campo de aplica\u00e7\u00e3o.<\/li>\r\n<\/ul>\r\n<p style=\"text-align: justify;\">Este moinho de coloide pode ser fornecido como parte das unidades de produ\u00e7\u00e3o de emuls\u00f5es de asfalto USB-2, ou como um produto separado.<\/p>\r\n\r\n<h2 style=\"text-align: center;\">Emuls\u00f5es de asfalto \u2014 Campos de aplica\u00e7\u00e3o<\/h2>\r\n<ol>\r\n \t<li>Constru\u00e7\u00e3o de estradas:<\/li>\r\n<\/ol>\r\n<ul>\r\n \t<li>emuls\u00f5es para revestimentos;<\/li>\r\n \t<li>reparo de buracos;<\/li>\r\n \t<li>liga\u00e7\u00e3o de camadas de asfalto;<\/li>\r\n \t<li>uso nas tecnologias Slurry Seal e Multimac;<\/li>\r\n \t<li>estabiliza\u00e7\u00e3o de solo e base;<\/li>\r\n \t<li>emuls\u00f5es destinadas ao reaproveitamento de materiais asf\u00e1lticos (reciclagem);<\/li>\r\n \t<li>emuls\u00f5es para armazenamento de longo prazo (misturas de reparo de buracos no inverno);<\/li>\r\n \t<li>emuls\u00f5es removedoras de pegajosidade.<\/li>\r\n<\/ul>\r\n<ol start=\"2\">\r\n \t<li>Instala\u00e7\u00f5es de engenharia hidr\u00e1ulica:<\/li>\r\n<\/ol>\r\n<ul>\r\n \t<li>emuls\u00f5es destinadas \u00e0 forma\u00e7\u00e3o de membranas imperme\u00e1veis para funda\u00e7\u00f5es, piscinas, revestimentos de tubos e estacas, etc.;<\/li>\r\n \t<li>as emuls\u00f5es s\u00e3o aplicadas \u00e0 superf\u00edcie pelo m\u00e9todo de jato, m\u00e9todo de componente \u00fanico ou duplo (para acelerar a forma\u00e7\u00e3o da pel\u00edcula).<\/li>\r\n<\/ul>\r\n<ol start=\"3\">\r\n \t<li>Impermeabiliza\u00e7\u00e3o de telhados:<\/li>\r\n<\/ol>\r\n<ul>\r\n \t<li>emuls\u00f5es destinadas a obter membranas imperme\u00e1veis na superf\u00edcie de telhados de diferentes complexidades. Essas emuls\u00f5es s\u00e3o aplicadas \u00e0 superf\u00edcie pelo m\u00e9todo de jato.<\/li>\r\n<\/ul>"}],"add_def_tab":[{"tab_title":"Especifica\u00e7\u00e3o","tab_content":"<table>\r\n<tbody>\r\n<tr>\r\n<td width=\"37\"><strong>\u2116<\/strong><\/td>\r\n<td style=\"text-align: center;\" width=\"454\"><strong>Par\u00e2metro<\/strong><\/td>\r\n<td style=\"text-align: center;\" width=\"166\"><strong>Valor<\/strong><\/td>\r\n<\/tr>\r\n<tr>\r\n<td width=\"37\">1<\/td>\r\n<td width=\"454\">Capacidade, L\/h (gpm), (m\u00edn)<\/td>\r\n<td width=\"166\">\r\n<p style=\"text-align: center;\">25 (0,11)*<\/p>\r\n<\/td>\r\n<\/tr>\r\n<tr>\r\n<td width=\"37\">2<\/td>\r\n<td width=\"454\">Volume do funil de preenchimento, L (gal)<\/td>\r\n<td width=\"166\">\r\n<p style=\"text-align: center;\">1,5 (0,4)<\/p>\r\n<\/td>\r\n<\/tr>\r\n<tr>\r\n<td width=\"37\">3<\/td>\r\n<td width=\"454\">Temperatura de opera\u00e7\u00e3o, \u00b0C (\u00b0F), (m\u00e1x)<\/td>\r\n<td width=\"166\">\r\n<p style=\"text-align: center;\">150 (302)<\/p>\r\n<\/td>\r\n<\/tr>\r\n<tr>\r\n<td width=\"37\">4<\/td>\r\n<td width=\"454\">Folga axial da faca, mm (pol)<\/td>\r\n<td width=\"166\">\r\n<p style=\"text-align: center;\">0,25\u2026 1,25 (9,8\u221910<sup>-3<\/sup>\u2026 4,9\u221910<sup>-2<\/sup>)<\/p>\r\n<\/td>\r\n<\/tr>\r\n<tr>\r\n<td width=\"37\">5<\/td>\r\n<td width=\"454\">Folga radial da faca, mm (pol)<\/td>\r\n<td width=\"166\">\r\n<p style=\"text-align: center;\">0,25 (9,8\u221910<sup>-3<\/sup>)<\/p>\r\n<\/td>\r\n<\/tr>\r\n<tr>\r\n<td width=\"37\">6<\/td>\r\n<td width=\"454\">Velocidade da ponta da faca, m\/s (ips)<\/td>\r\n<td width=\"166\">\r\n<p style=\"text-align: center;\">50-57 (1.968,5-2.244)**<\/p>\r\n<\/td>\r\n<\/tr>\r\n<tr>\r\n<td width=\"37\">7<\/td>\r\n<td width=\"454\">Velocidade de rota\u00e7\u00e3o do eixo do moinho e acionamento el\u00e9trico, rpm<\/td>\r\n<td width=\"166\">\r\n<p style=\"text-align: center;\">16.750-19.250**<\/p>\r\n<\/td>\r\n<\/tr>\r\n<tr>\r\n<td width=\"37\">8<\/td>\r\n<td width=\"454\">Pot\u00eancia nominal do acionamento el\u00e9trico, kW<\/td>\r\n<td width=\"166\">\r\n<p style=\"text-align: center;\">0,7<\/p>\r\n<\/td>\r\n<\/tr>\r\n<tr>\r\n<td width=\"37\">9<\/td>\r\n<td width=\"454\">Tens\u00e3o do circuito de pot\u00eancia a 50 Hz (trif\u00e1sico), V<\/td>\r\n<td width=\"166\">\r\n<p style=\"text-align: center;\">400***<\/p>\r\n<\/td>\r\n<\/tr>\r\n<tr>\r\n<td width=\"37\">10<\/td>\r\n<td width=\"454\">Dimens\u00f5es na posi\u00e7\u00e3o operacional, mm (pol), (m\u00e1x)<\/td>\r\n<td width=\"166\"><\/td>\r\n<\/tr>\r\n<tr>\r\n<td width=\"37\"><\/td>\r\n<td width=\"454\">\u2013 comprimento<\/td>\r\n<td width=\"166\">\r\n<p style=\"text-align: center;\">340 (13)\/425 (17)<\/p>\r\n<\/td>\r\n<\/tr>\r\n<tr>\r\n<td width=\"37\"><\/td>\r\n<td width=\"454\">\u2013 largura<\/td>\r\n<td width=\"166\">\r\n<p style=\"text-align: center;\">290 (11)<\/p>\r\n<\/td>\r\n<\/tr>\r\n<tr>\r\n<td width=\"37\"><\/td>\r\n<td width=\"454\">\u2013 altura<\/td>\r\n<td width=\"166\">\r\n<p style=\"text-align: center;\">450 (18)<\/p>\r\n<\/td>\r\n<\/tr>\r\n<tr>\r\n<td width=\"37\">11<\/td>\r\n<td width=\"454\">Peso, kg (lbs), (m\u00e1x)<\/td>\r\n<td width=\"166\">\r\n<p style=\"text-align: center;\">15 (33)<\/p>\r\n<\/td>\r\n<\/tr>\r\n<\/tbody>\r\n<\/table>\r\n* Dependendo da viscosidade do produto\r\n\r\n** Dependendo da instala\u00e7\u00e3o do inversor de frequ\u00eancia\r\n\r\n*** Conforme solicitado pelo cliente"},{"tab_title":"Vantagens","tab_content":"<ul>\r\n \t<li>ajuste de capacidade;<\/li>\r\n \t<li>resist\u00eancia \u00e0 corros\u00e3o;<\/li>\r\n \t<li>compacta\u00e7\u00e3o;<\/li>\r\n \t<li>sele\u00e7\u00e3o da propor\u00e7\u00e3o ideal de componentes da emuls\u00e3o asf\u00e1ltica (receitas);<\/li>\r\n \t<li>prepara\u00e7\u00e3o de amostras de emuls\u00e3o de betume para testes posteriores;<\/li>\r\n \t<li>qualquer tipo de material para a produ\u00e7\u00e3o de emuls\u00e3o asf\u00e1ltica pode ser testado neste moinho, pois o moinho pode ser equipado com diferentes ferramentas rotor\/estator, dependendo do material e do processo necess\u00e1rio.<\/li>\r\n<\/ul>"},{"tab_title":"Webinar","tab_content":"<div class=\"responsive-embed widescreen\">\r\n<div class=\"responsive-embed widescreen\">\r\n<div class=\"responsive-embed widescreen\">\r\n<div class=\"responsive-embed widescreen\"><iframe title=\"Webinar - Moagem Ultrafina na Ind\u00fastria de Alimentos (17.11.2021)\" src=\"https:\/\/www.youtube.com\/embed\/f9boL_C1-Vc?feature=oembed\" width=\"500\" height=\"281\" frameborder=\"0\" allowfullscreen=\"allowfullscreen\"><\/iframe><\/div>\r\n<\/div>\r\n<\/div>\r\n<\/div>"}],"add_video_tab":[{"video_tab_title":"Video","add_video_id":[{"video_id":"r1JwcsHfA6k"},{"video_id":"O-e8bg0a934"},{"video_id":"LpzuqgCLFeE"}]}],"add_gallery_tab":null,"add_price_tab":null},"language":"pt-pt","_links":{"self":[{"href":"https:\/\/globecore.com\/pt-pt\/wp-json\/wp\/v2\/pages\/295345","targetHints":{"allow":["GET"]}}],"collection":[{"href":"https:\/\/globecore.com\/pt-pt\/wp-json\/wp\/v2\/pages"}],"about":[{"href":"https:\/\/globecore.com\/pt-pt\/wp-json\/wp\/v2\/types\/page"}],"author":[{"embeddable":true,"href":"https:\/\/globecore.com\/pt-pt\/wp-json\/wp\/v2\/users\/7"}],"replies":[{"embeddable":true,"href":"https:\/\/globecore.com\/pt-pt\/wp-json\/wp\/v2\/comments?post=295345"}],"version-history":[{"count":1,"href":"https:\/\/globecore.com\/pt-pt\/wp-json\/wp\/v2\/pages\/295345\/revisions"}],"predecessor-version":[{"id":341765,"href":"https:\/\/globecore.com\/pt-pt\/wp-json\/wp\/v2\/pages\/295345\/revisions\/341765"}],"up":[{"embeddable":true,"href":"https:\/\/globecore.com\/pt-pt\/wp-json\/wp\/v2\/pages\/68006"}],"wp:featuredmedia":[{"embeddable":true,"href":"https:\/\/globecore.com\/pt-pt\/wp-json\/wp\/v2\/media\/68050"}],"wp:attachment":[{"href":"https:\/\/globecore.com\/pt-pt\/wp-json\/wp\/v2\/media?parent=295345"}],"wp:term":[{"taxonomy":"category","embeddable":true,"href":"https:\/\/globecore.com\/pt-pt\/wp-json\/wp\/v2\/categories?post=295345"}],"curies":[{"name":"wp","href":"https:\/\/api.w.org\/{rel}","templated":true}]}}