{"id":295351,"date":"2021-07-13T08:51:57","date_gmt":"2021-07-13T08:51:57","guid":{"rendered":"https:\/\/globecore.com\/products\/moinho-coloidal\/colloid-mills-for-bitumen-emulsion-production\/colloid-mill-clm-16-25\/"},"modified":"2026-03-09T08:20:17","modified_gmt":"2026-03-09T08:20:17","slug":"colloid-mill-clm-16-25","status":"publish","type":"page","link":"https:\/\/globecore.com\/pt-pt\/products\/moinho-coloidal\/colloid-mills-for-bitumen-emulsion-production\/colloid-mill-clm-16-25\/","title":{"rendered":"CLM-16\/25 Moinho coloidal"},"content":{"rendered":"","protected":false},"excerpt":{"rendered":"<p>O moinho coloidal CLM-16\/25 \u00e9 projetado para homogeneiza\u00e7\u00e3o e emulsifica\u00e7\u00e3o em linha de produtos l\u00edquidos, especialmente para a prepara\u00e7\u00e3o de emuls\u00f5es betuminosas. Processa de forma eficiente suspens\u00f5es espessas com altos esfor\u00e7os de cisalhamento, garantindo uma mistura uniforme e est\u00e1vel. O moinho \u00e9 compacto, tornando-o adequado para integra\u00e7\u00e3o em linhas de produ\u00e7\u00e3o cont\u00ednua. Capacidade: 16\u201325 m\u00b3\/h (70\u2013110 gpm).<\/p>\n","protected":false},"author":7,"featured_media":102089,"parent":68006,"menu_order":0,"comment_status":"closed","ping_status":"closed","template":"templates\/single-product.php","meta":{"_acf_changed":false,"_bbp_topic_count":0,"_bbp_reply_count":0,"_bbp_total_topic_count":0,"_bbp_total_reply_count":0,"_bbp_voice_count":0,"_bbp_anonymous_reply_count":0,"_bbp_topic_count_hidden":0,"_bbp_reply_count_hidden":0,"_bbp_forum_subforum_count":0,"footnotes":""},"categories":[1345],"class_list":["post-295351","page","type-page","status-publish","has-post-thumbnail","hentry","category-fresagem","oil_type-industria-petrolifera","oil_type-industria-quimica","process_type-fresagem","process_type-mistura"],"acf":{"add_tab":[{"tab_title":"Descri\u00e7\u00e3o","tab_content":"<p style=\"text-align: justify;\">O moinho coloidal CLM-16\/25 \u00e9 projetado para homogeneiza\u00e7\u00e3o e emulsifica\u00e7\u00e3o inline de produtos l\u00edquidos (misturas espessas de altas tens\u00f5es de cisalhamento), em particular, para a prepara\u00e7\u00e3o de emuls\u00f5es de betume.<\/p>\r\n<p style=\"text-align: justify;\">\u00c9 aceit\u00e1vel o uso do moinho para prepara\u00e7\u00e3o, dissolu\u00e7\u00e3o e processamento de muitos produtos em diversas ind\u00fastrias.<\/p>\r\n\r\n<h2 style=\"text-align: center;\">Princ\u00edpio de opera\u00e7\u00e3o<\/h2>\r\n<p style=\"text-align: justify;\">O princ\u00edpio de opera\u00e7\u00e3o do moinho coloidal CLM-16\/25 baseia-se no diagrama de sistema rotor\/estator. O rotor e o estator consistem em an\u00e9is conc\u00eantricos de ferramentas (cortadores, facas) com configura\u00e7\u00f5es especiais de sulcos e (ou) furos que garantem o modo \u00f3timo de impacto mec\u00e2nico sobre o produto processado.<\/p>\r\n<p style=\"text-align: justify;\">Na posi\u00e7\u00e3o de trabalho, os an\u00e9is de ferramentas do rotor (ferramenta m\u00f3vel) e do estator (ferramenta estacion\u00e1ria) entram em contato coaxialmente um contra o outro e giram de maneira sem contato a uma alta velocidade relativa (at\u00e9 45 m\/s). A rota\u00e7\u00e3o sem contato \u00e9 garantida por lacunas axiais e radiais tecnol\u00f3gicas.<\/p>\r\n<p style=\"text-align: justify;\">O produto processado entra na c\u00e2mara de opera\u00e7\u00e3o do corpo do moinho atrav\u00e9s do furo axial do estator (entrada do produto), \u00e9 passado pelo sistema rotor\/estator e descarregado na dire\u00e7\u00e3o radial (sa\u00edda do produto).<\/p>\r\n<p style=\"text-align: justify;\">Ao passar pelo sistema rotor\/estator, o produto \u00e9 influenciado por processos hidrodin\u00e2micos complexos associados a mudan\u00e7as nas tens\u00f5es de cisalhamento, for\u00e7as de cisalhamento e velocidade de fluxo. As rea\u00e7\u00f5es qu\u00edmicas ocorrem mais rapidamente devido ao aumento da superf\u00edcie de contato dos agentes qu\u00edmicos. Como resultado, a dispers\u00e3o intensiva, emulsifica\u00e7\u00e3o, homogeneiza\u00e7\u00e3o, moagem e pulveriza\u00e7\u00e3o do produto processado s\u00e3o alcan\u00e7adas.<\/p>\r\n\r\n<h2 style=\"text-align: center;\">Emuls\u00f5es de betume \u2014 \u00c1reas de aplica\u00e7\u00e3o<\/h2>\r\n<ol>\r\n \t<li>Constru\u00e7\u00e3o de estradas:<\/li>\r\n<\/ol>\r\n<ul>\r\n \t<li>emuls\u00f5es para revestimento;<\/li>\r\n \t<li>reparo de buracos;<\/li>\r\n \t<li>uni\u00e3o de camadas de asfalto;<\/li>\r\n \t<li>uso nas tecnologias Slurry Seal e Multimac;<\/li>\r\n \t<li>estabiliza\u00e7\u00e3o de solo e base;<\/li>\r\n \t<li>emuls\u00f5es destinadas ao reaproveitamento de materiais asf\u00e1lticos (reciclagem);<\/li>\r\n \t<li>emuls\u00f5es de armazenamento de longo prazo (misturas para reparo de buracos no inverno);<\/li>\r\n \t<li>emuls\u00f5es removedoras de ader\u00eancia.<\/li>\r\n<\/ul>\r\n<ol start=\"2\">\r\n \t<li>Instala\u00e7\u00f5es de engenharia hidr\u00e1ulica:<\/li>\r\n<\/ol>\r\n<ul>\r\n \t<li>emuls\u00f5es destinadas a formar membranas imperme\u00e1veis para funda\u00e7\u00f5es, piscinas, revestimentos de tubos e estacas, etc.;<\/li>\r\n \t<li>as emuls\u00f5es s\u00e3o aplicadas na superf\u00edcie pelo m\u00e9todo de jato, m\u00e9todo de componente \u00fanico ou duplo (para acelerar a forma\u00e7\u00e3o do filme).<\/li>\r\n<\/ul>\r\n<ol start=\"3\">\r\n \t<li>Cobertura:<\/li>\r\n<\/ol>\r\n<ul>\r\n \t<li>emuls\u00f5es destinadas a obter membranas imperme\u00e1veis na superf\u00edcie de telhados de complexidade variada. Essas emuls\u00f5es s\u00e3o aplicadas na superf\u00edcie pelo m\u00e9todo de jato.<\/li>\r\n<\/ul>"}],"add_def_tab":[{"tab_title":"Especifica\u00e7\u00f5es","tab_content":"<table>\r\n<tbody>\r\n<tr>\r\n<td><b><i>No. Seq.<\/i><\/b><\/td>\r\n<td>\r\n<p style=\"text-align: center;\"><b>Par\u00e2metro<\/b><\/p>\r\n<\/td>\r\n<td>\r\n<p style=\"text-align: center;\"><b>Valor<\/b><\/p>\r\n<\/td>\r\n<\/tr>\r\n<tr>\r\n<td>1<\/td>\r\n<td>\r\n<p style=\"text-align: left;\">Capacidade da unidade, m3\/h (gpm)<\/p>\r\n<\/td>\r\n<td>\r\n<p style=\"text-align: center;\">16\u202625 (70\u2026 110)*<\/p>\r\n<\/td>\r\n<\/tr>\r\n<tr>\r\n<td>2<\/td>\r\n<td>\r\n<p style=\"text-align: left;\">Viscosidade cinem\u00e1tica do produto, mm 2\/s (St),<\/p>\r\nn\u00e3o mais que<\/td>\r\n<td>\r\n<p style=\"text-align: center;\">150 (1,5)<\/p>\r\n<\/td>\r\n<\/tr>\r\n<tr>\r\n<td>3<\/td>\r\n<td>\r\n<p style=\"text-align: left;\">Temperatura de opera\u00e7\u00e3o, \u00b0C (\u00b0F), n\u00e3o mais que<\/p>\r\n<\/td>\r\n<td>\r\n<p style=\"text-align: center;\">150 (302)<\/p>\r\n<\/td>\r\n<\/tr>\r\n<tr>\r\n<td>4<\/td>\r\n<td>\r\n<p style=\"text-align: left;\">Press\u00e3o de opera\u00e7\u00e3o, bar (psi), n\u00e3o mais que<\/p>\r\n<\/td>\r\n<td>\r\n<p style=\"text-align: center;\">10 (145)<\/p>\r\n<\/td>\r\n<\/tr>\r\n<tr>\r\n<td>5<\/td>\r\n<td>\r\n<p style=\"text-align: left;\">Cabe\u00e7ote de press\u00e3o preliminar no lado de fornecimento do produto, bar (psi), n\u00e3o mais que<\/p>\r\n<\/td>\r\n<td>\r\n<p style=\"text-align: center;\">0,1 (1,45)<\/p>\r\n<\/td>\r\n<\/tr>\r\n<tr>\r\n<td>6<\/td>\r\n<td>\r\n<p style=\"text-align: left;\">Tipo de veda\u00e7\u00e3o do eixo<\/p>\r\n<\/td>\r\n<td>\r\n<p style=\"text-align: center;\">empacotamento<\/p>\r\n<\/td>\r\n<\/tr>\r\n<tr>\r\n<td>7<\/td>\r\n<td>\r\n<p style=\"text-align: left;\">Tipo de ferramenta do rotor\/estator<\/p>\r\n<\/td>\r\n<td>\r\n<p style=\"text-align: center;\">bocal<\/p>\r\n<\/td>\r\n<\/tr>\r\n<tr>\r\n<td>8<\/td>\r\n<td>\r\n<p style=\"text-align: left;\">Kit de facas substitu\u00edveis<\/p>\r\n<\/td>\r\n<td>\r\n<p style=\"text-align: center;\">opcional<\/p>\r\n<\/td>\r\n<\/tr>\r\n<tr>\r\n<td>9<\/td>\r\n<td>\r\n<p style=\"text-align: left;\">Ajuste axial da faca<\/p>\r\n<\/td>\r\n<td>\r\n<p style=\"text-align: center;\">pr\u00e9-ajustado<\/p>\r\n<\/td>\r\n<\/tr>\r\n<tr>\r\n<td>10<\/td>\r\n<td>\r\n<p style=\"text-align: left;\">Folga axial m\u00ednima da faca, mm (pol)<\/p>\r\n<\/td>\r\n<td>\r\n<p style=\"text-align: center;\">0,5 (2\u00b710<sup>-2<\/sup>)<\/p>\r\n<\/td>\r\n<\/tr>\r\n<tr>\r\n<td>11<\/td>\r\n<td>\r\n<p style=\"text-align: left;\">Folga radial m\u00ednima da faca, mm (pol)<\/p>\r\n<\/td>\r\n<td>\r\n<p style=\"text-align: center;\">0,25 (10<sup>-3<\/sup>)<\/p>\r\n<\/td>\r\n<\/tr>\r\n<tr>\r\n<td>12<\/td>\r\n<td>\r\n<p style=\"text-align: left;\">Velocidade da ponta da faca, m\/s (mph), n\u00e3o menos que<\/p>\r\n<\/td>\r\n<td>\r\n<p style=\"text-align: center;\">45 (100)<\/p>\r\n<\/td>\r\n<\/tr>\r\n<tr>\r\n<td>13<\/td>\r\n<td>\r\n<p style=\"text-align: left;\">Velocidade de rota\u00e7\u00e3o do eixo do moinho e dos rolamentos, rpm<\/p>\r\n<\/td>\r\n<td>\r\n<p style=\"text-align: center;\">7.425<\/p>\r\n<\/td>\r\n<\/tr>\r\n<tr>\r\n<td>14<\/td>\r\n<td>\r\n<p style=\"text-align: left;\">Velocidade de rota\u00e7\u00e3o do eixo do motor el\u00e9trico, rpm<\/p>\r\n<\/td>\r\n<td>\r\n<p style=\"text-align: center;\">2.970<\/p>\r\n<\/td>\r\n<\/tr>\r\n<tr>\r\n<td>15<\/td>\r\n<td>\r\n<p style=\"text-align: left;\">Lubrifica\u00e7\u00e3o e resfriamento dos rolamentos do eixo do moinho<\/p>\r\n<\/td>\r\n<td>\r\n<p style=\"text-align: center;\">banho de \u00f3leo<\/p>\r\n<\/td>\r\n<\/tr>\r\n<tr>\r\n<td>16<\/td>\r\n<td>\r\n<p style=\"text-align: left;\">Volume de \u00f3leo na montagem do rolamento, dm3 (gal)<\/p>\r\n<\/td>\r\n<td>\r\n<p style=\"text-align: center;\">0,2 (0,05)<\/p>\r\n<\/td>\r\n<\/tr>\r\n<tr>\r\n<td>17<\/td>\r\n<td>\r\n<p style=\"text-align: left;\">Aquecimento do moinho<\/p>\r\n<\/td>\r\n<td style=\"text-align: center;\">\u00f3leo t\u00e9rmico<\/td>\r\n<\/tr>\r\n<tr>\r\n<td>18<\/td>\r\n<td>\r\n<p style=\"text-align: left;\">Pot\u00eancia necess\u00e1ria, kW<\/p>\r\n<\/td>\r\n<td>\r\n<p style=\"text-align: center;\">37<\/p>\r\n<\/td>\r\n<\/tr>\r\n<tr>\r\n<td>19<\/td>\r\n<td>\r\n<p style=\"text-align: left;\">Tens\u00e3o da rede el\u00e9trica, V<\/p>\r\n<\/td>\r\n<td>\r\n<p style=\"text-align: center;\">sob medida<\/p>\r\n<\/td>\r\n<\/tr>\r\n<tr>\r\n<td rowspan=\"4\">20<\/td>\r\n<td>\r\n<p style=\"text-align: left;\">Dimens\u00f5es, mm (pol), n\u00e3o mais que:<\/p>\r\n<\/td>\r\n<td><\/td>\r\n<\/tr>\r\n<tr>\r\n<td>\r\n<p style=\"text-align: left;\">-comprimento<\/p>\r\n<\/td>\r\n<td>\r\n<p style=\"text-align: center;\">1.060 (42)<\/p>\r\n<\/td>\r\n<\/tr>\r\n<tr>\r\n<td>\r\n<p style=\"text-align: left;\">-largura<\/p>\r\n<\/td>\r\n<td>\r\n<p style=\"text-align: center;\">860 (34)<\/p>\r\n<\/td>\r\n<\/tr>\r\n<tr>\r\n<td>\r\n<p style=\"text-align: left;\">-altura<\/p>\r\n<\/td>\r\n<td>\r\n<p style=\"text-align: center;\">680 (27)<\/p>\r\n<\/td>\r\n<\/tr>\r\n<tr>\r\n<td>21<\/td>\r\n<td>\r\n<p style=\"text-align: left;\">Peso, n\u00e3o mais que, kg (lb)<\/p>\r\n<\/td>\r\n<td>\r\n<p style=\"text-align: center;\">470 (1036)<\/p>\r\n<\/td>\r\n<\/tr>\r\n<\/tbody>\r\n<\/table>\r\n&nbsp;\r\n\r\n* \u2013 dependendo do produto (l\u00edquido)."},{"tab_title":"Vantagens","tab_content":"<ul>\r\n \t<li style=\"text-align: justify;\">o moinho pode ser utilizado em v\u00e1rias ind\u00fastrias;<\/li>\r\n \t<li style=\"text-align: justify;\">tamanhos compactos;<\/li>\r\n \t<li style=\"text-align: justify;\">o moinho pode ter ferramentas rotor\/estator de v\u00e1rios tipos: bico, c\u00e2mara, cone (para moagem) e apenas cone (para produtos viscosos);<\/li>\r\n \t<li style=\"text-align: justify;\">dependendo da intensidade requerida no processamento mec\u00e2nico e t\u00e9rmico do produto, n\u00e3o s\u00f3 o tipo de ferramenta rotor\/estator, mas tamb\u00e9m o n\u00famero de est\u00e1gios operacionais (an\u00e9is) s\u00e3o selecionados. As ferramentas podem ser desmont\u00e1veis ou feitas de uma pe\u00e7a s\u00f3lida e de v\u00e1rios tipos de a\u00e7o, dependendo do prop\u00f3sito do item; a geometria da ferramenta ideal para a tarefa definida e o material da ferramenta podem ser escolhidos;<\/li>\r\n \t<li style=\"text-align: justify;\">o moinho pode ser operado tanto em ambientes internos quanto em espa\u00e7os externos abrigados.<\/li>\r\n<\/ul>"},{"tab_title":"Webinar","tab_content":"<div class=\"responsive-embed widescreen\">\r\n<div class=\"responsive-embed widescreen\">\r\n<div class=\"responsive-embed widescreen\">\r\n<div class=\"responsive-embed widescreen\"><iframe title=\"Webinar - Novas Aplica\u00e7\u00f5es de Emuls\u00f5es Betuminosas (28.10.2021)\" src=\"https:\/\/www.youtube.com\/embed\/NR0Cw3bFVbU?feature=oembed\" width=\"500\" height=\"281\" frameborder=\"0\" allowfullscreen=\"allowfullscreen\"><\/iframe><\/div>\r\n<\/div>\r\n<\/div>\r\n<\/div>"}],"add_video_tab":[{"video_tab_title":"Video","add_video_id":[{"video_id":"6WjhUjc4IRo"},{"video_id":"aycE1vu-TH8"},{"video_id":"dB6F6Izrk0U"}]}],"add_gallery_tab":null,"add_price_tab":[{"price_tab_title":"Get a quote"}]},"language":"pt-pt","_links":{"self":[{"href":"https:\/\/globecore.com\/pt-pt\/wp-json\/wp\/v2\/pages\/295351","targetHints":{"allow":["GET"]}}],"collection":[{"href":"https:\/\/globecore.com\/pt-pt\/wp-json\/wp\/v2\/pages"}],"about":[{"href":"https:\/\/globecore.com\/pt-pt\/wp-json\/wp\/v2\/types\/page"}],"author":[{"embeddable":true,"href":"https:\/\/globecore.com\/pt-pt\/wp-json\/wp\/v2\/users\/7"}],"replies":[{"embeddable":true,"href":"https:\/\/globecore.com\/pt-pt\/wp-json\/wp\/v2\/comments?post=295351"}],"version-history":[{"count":2,"href":"https:\/\/globecore.com\/pt-pt\/wp-json\/wp\/v2\/pages\/295351\/revisions"}],"predecessor-version":[{"id":341776,"href":"https:\/\/globecore.com\/pt-pt\/wp-json\/wp\/v2\/pages\/295351\/revisions\/341776"}],"up":[{"embeddable":true,"href":"https:\/\/globecore.com\/pt-pt\/wp-json\/wp\/v2\/pages\/68006"}],"wp:featuredmedia":[{"embeddable":true,"href":"https:\/\/globecore.com\/pt-pt\/wp-json\/wp\/v2\/media\/102089"}],"wp:attachment":[{"href":"https:\/\/globecore.com\/pt-pt\/wp-json\/wp\/v2\/media?parent=295351"}],"wp:term":[{"taxonomy":"category","embeddable":true,"href":"https:\/\/globecore.com\/pt-pt\/wp-json\/wp\/v2\/categories?post=295351"}],"curies":[{"name":"wp","href":"https:\/\/api.w.org\/{rel}","templated":true}]}}