{"id":295373,"date":"2021-04-22T06:57:22","date_gmt":"2021-04-22T06:57:22","guid":{"rendered":"https:\/\/globecore.com\/products\/moinho-magnetico\/avsp-100-vortex-layer-device-semi-automated\/"},"modified":"2026-04-10T11:31:06","modified_gmt":"2026-04-10T11:31:06","slug":"avsp-100-vortex-layer-device-semi-automated","status":"publish","type":"page","link":"https:\/\/globecore.com\/pt-pt\/products\/moinho-magnetico\/avsp-100-vortex-layer-device-semi-automated\/","title":{"rendered":"AVSp-100 Moinho Magn\u00e9tico (Semi-Autom\u00e1tico)"},"content":{"rendered":"","protected":false},"excerpt":{"rendered":"<p>A GlobeCore \u00e9 a \u00fanica empresa de alta tecnologia no mundo que fabrica dispositivos industriais de camada de v\u00f3rtice com desempenho comprovado em aplica\u00e7\u00f5es reais. O dispositivo de camada de v\u00f3rtice AVSp-100 (vers\u00e3o semiautomatizada, capacidade de at\u00e9 50 kg\/h) foi projetado para a dispers\u00e3o c\u00edclica de sistemas multicomponentes e a mistura de materiais secos de fluxo livre, excluindo misturas explosivas. \u00c9 adequado para fins de pesquisa em plantas piloto e laborat\u00f3rios, permitindo o processamento de uma ampla variedade de produtos em pequenos lotes.<\/p>\n","protected":false},"author":7,"featured_media":36022,"parent":20385,"menu_order":0,"comment_status":"closed","ping_status":"closed","template":"templates\/single-product.php","meta":{"_acf_changed":false,"_bbp_topic_count":0,"_bbp_reply_count":0,"_bbp_total_topic_count":0,"_bbp_total_reply_count":0,"_bbp_voice_count":0,"_bbp_anonymous_reply_count":0,"_bbp_topic_count_hidden":0,"_bbp_reply_count_hidden":0,"_bbp_forum_subforum_count":0,"footnotes":""},"categories":[1345],"class_list":["post-295373","page","type-page","status-publish","has-post-thumbnail","hentry","category-fresagem","oil_type-industria-da-construcao","oil_type-industria-quimica","process_type-ativacao","process_type-fresagem","process_type-mistura"],"acf":{"add_tab":[{"tab_title":"Descri\u00e7\u00e3o","tab_content":"<em><strong>GlobeCore<\/strong><\/em> \u00e9 a \u00fanica empresa de alta tecnologia no mundo especializada na produ\u00e7\u00e3o de dispositivos de camada v\u00f3rtice em funcionamento com aplica\u00e7\u00f5es reais no setor industrial que entregam os resultados esperados.\r\n<p style=\"text-align: justify;\">O dispositivo de camada v\u00f3rtice AVSp-100 (semi-automatizado) \u00e9 projetado para dispers\u00e3o c\u00edclica de sistemas multicomponentes, assim como para mistura de materiais secos fluindo (com exce\u00e7\u00e3o de misturas explosivas); pode ser usado para fins de pesquisa em plantas piloto com uma ampla gama de produtos e pequenas quantidades de materiais secos processados, bem como em condi\u00e7\u00f5es laboratoriais.<\/p>\r\n<p style=\"text-align: justify;\">O AVSp-100 consiste em um suporte, uma estrutura que cont\u00e9m a bobina de indu\u00e7\u00e3o do campo rotativo, uma c\u00e2mara de rea\u00e7\u00e3o com um manto de resfriamento e um inserto substitu\u00edvel. A parte superior do suporte possui um acionamento para mover a c\u00e2mara de rea\u00e7\u00e3o.<\/p>\r\n<p style=\"text-align: justify;\">Na parede frontal do suporte, abaixo da c\u00e2mara de rea\u00e7\u00e3o, h\u00e1 uma mesa para opera\u00e7\u00f5es auxiliares. Na parte inferior do suporte, est\u00e3o os elementos do sistema de resfriamento para a bobina de indu\u00e7\u00e3o: um tanque de \u00f3leo, uma bomba de \u00f3leo e um trocador de calor. O sistema semi-automatizado \u00e9 controlado a partir de um painel de controle com os dispositivos necess\u00e1rios de monitoramento e sinaliza\u00e7\u00e3o.<\/p>"}],"add_def_tab":[{"tab_title":"Especifica\u00e7\u00e3o","tab_content":"<table>\r\n<tbody>\r\n<tr>\r\n<td>\r\n<p style=\"text-align: center;\"><strong>\u2116<\/strong><\/p>\r\n<\/td>\r\n<td style=\"text-align: center;\"><strong>Par\u00e2metro<\/strong><\/td>\r\n<td>\r\n<p style=\"text-align: center;\"><strong>Valor<\/strong><\/p>\r\n<\/td>\r\n<\/tr>\r\n<tr>\r\n<td><span style=\"font-weight: 400;\">1<\/span><\/td>\r\n<td><span style=\"font-weight: 400;\">Comprimento da zona de opera\u00e7\u00e3o da c\u00e2mara, mm<\/span><\/td>\r\n<td>\r\n<p style=\"text-align: center;\"><span style=\"font-weight: 400;\">100<\/span><\/p>\r\n<\/td>\r\n<\/tr>\r\n<tr>\r\n<td><span style=\"font-weight: 400;\">2<\/span><\/td>\r\n<td><span style=\"font-weight: 400;\">Volume da c\u00e2mara de trabalho, l<\/span><\/td>\r\n<td>\r\n<p style=\"text-align: center;\"><span style=\"font-weight: 400;\">2,5<\/span><\/p>\r\n<\/td>\r\n<\/tr>\r\n<tr>\r\n<td><span style=\"font-weight: 400;\">3<\/span><\/td>\r\n<td><span style=\"font-weight: 400;\">Capacidade, at\u00e9 kg\/hora* <\/span><\/td>\r\n<td>\r\n<p style=\"text-align: center;\"><span style=\"font-weight: 400;\">50<\/span><\/p>\r\n<\/td>\r\n<\/tr>\r\n<tr>\r\n<td><span style=\"font-weight: 400;\">4<\/span><\/td>\r\n<td><span style=\"font-weight: 400;\">Tens\u00e3o nominal, V<\/span><\/td>\r\n<td>\r\n<p style=\"text-align: center;\"><span style=\"font-weight: 400;\">380<\/span><\/p>\r\n<\/td>\r\n<\/tr>\r\n<tr>\r\n<td><span style=\"font-weight: 400;\">5<\/span><\/td>\r\n<td><span style=\"font-weight: 400;\">Frequ\u00eancia, Hz<\/span><\/td>\r\n<td>\r\n<p style=\"text-align: center;\"><span style=\"font-weight: 400;\">50<\/span><\/p>\r\n<\/td>\r\n<\/tr>\r\n<tr>\r\n<td><span style=\"font-weight: 400;\">6<\/span><\/td>\r\n<td><span style=\"font-weight: 400;\">Pot\u00eancia ativa, kW<\/span><\/td>\r\n<td>\r\n<p style=\"text-align: center;\"><span style=\"font-weight: 400;\">4,5<\/span><\/p>\r\n<\/td>\r\n<\/tr>\r\n<tr>\r\n<td><span style=\"font-weight: 400;\">7<\/span><\/td>\r\n<td><span style=\"font-weight: 400;\">Pot\u00eancia total, kWA<\/span><\/td>\r\n<td>\r\n<p style=\"text-align: center;\"><span style=\"font-weight: 400;\">15<\/span><\/p>\r\n<\/td>\r\n<\/tr>\r\n<tr>\r\n<td><span style=\"font-weight: 400;\">8<\/span><\/td>\r\n<td><span style=\"font-weight: 400;\">Dimens\u00f5es, mm, n\u00e3o mais do que:<\/span><\/td>\r\n<td><\/td>\r\n<\/tr>\r\n<tr>\r\n<td><\/td>\r\n<td><span style=\"font-weight: 400;\">Se\u00e7\u00e3o de controle:<\/span>\r\n<span style=\"font-weight: 400;\">\u2013 comprimento<\/span><span style=\"font-weight: 400;\">\u2013 largura<\/span><span style=\"font-weight: 400;\">\u2013 altura<\/span><\/td>\r\n<td><span style=\"font-weight: 400;\">\u00a0<\/span>\r\n<p style=\"text-align: center;\"><span style=\"font-weight: 400;\">1073<\/span><\/p>\r\n<p style=\"text-align: center;\"><span style=\"font-weight: 400;\">552<\/span><\/p>\r\n<p style=\"text-align: center;\"><span style=\"font-weight: 400;\">1532<\/span><\/p>\r\n<\/td>\r\n<\/tr>\r\n<tr>\r\n<td><\/td>\r\n<td><span style=\"font-weight: 400;\">Se\u00e7\u00e3o de opera\u00e7\u00e3o:<\/span>\r\n<span style=\"font-weight: 400;\">\u2013 comprimento<\/span><span style=\"font-weight: 400;\">\u2013 largura<\/span><span style=\"font-weight: 400;\">\u2013 altura<\/span><\/td>\r\n<td>\r\n<p style=\"text-align: center;\"><span style=\"font-weight: 400;\">1637<\/span> <span style=\"font-weight: 400;\">835<\/span> <span style=\"font-weight: 400;\">1375<\/span><\/p>\r\n<\/td>\r\n<\/tr>\r\n<tr>\r\n<td><span style=\"font-weight: 400;\">9<\/span><\/td>\r\n<td><span style=\"font-weight: 400;\">Peso, kg, n\u00e3o mais do que:<\/span><\/td>\r\n<td><\/td>\r\n<\/tr>\r\n<tr>\r\n<td><\/td>\r\n<td><span style=\"font-weight: 400;\">Se\u00e7\u00e3o de controle<\/span>\r\n<span style=\"font-weight: 400;\">Se\u00e7\u00e3o de opera\u00e7\u00e3o<\/span><\/td>\r\n<td>\r\n<p style=\"text-align: center;\"><span style=\"font-weight: 400;\">300<\/span><\/p>\r\n<p style=\"text-align: center;\"><span style=\"font-weight: 400;\">530<\/span><\/p>\r\n<\/td>\r\n<\/tr>\r\n<\/tbody>\r\n<\/table>\r\n<span style=\"font-weight: 400;\">*Depende do produto processado<\/span>"},{"tab_title":"Vantagens","tab_content":"<ul>\r\n \t<li style=\"text-align: justify;\">m\u00faltiplas fun\u00e7\u00f5es (pulveriza\u00e7\u00e3o, moagem, mistura e ativa\u00e7\u00e3o de meios processados);<\/li>\r\n \t<li style=\"text-align: justify;\">alta fidelidade na moagem;<\/li>\r\n \t<li style=\"text-align: justify;\">intensifica\u00e7\u00e3o do processo. O tratamento dura segundos ou at\u00e9 menos;<\/li>\r\n \t<li style=\"text-align: justify;\">redu\u00e7\u00e3o do consumo de energia;<\/li>\r\n \t<li style=\"text-align: justify;\">economia de mat\u00e9rias-primas;<\/li>\r\n \t<li style=\"text-align: justify;\">integra\u00e7\u00e3o simples nas linhas de processo existentes.<\/li>\r\n<\/ul>"},{"tab_title":"Aplica\u00e7\u00e3o","tab_content":"[product_oil_types]"}],"add_video_tab":[{"video_tab_title":"Video","add_video_id":[{"video_id":"J9_IP2oMWeQ"},{"video_id":"Q36Vk4RYMWQ"},{"video_id":"I1pghAZOX5w"}]}],"add_gallery_tab":null,"add_price_tab":[{"price_tab_title":"Get a quote"}]},"language":"pt-pt","_links":{"self":[{"href":"https:\/\/globecore.com\/pt-pt\/wp-json\/wp\/v2\/pages\/295373","targetHints":{"allow":["GET"]}}],"collection":[{"href":"https:\/\/globecore.com\/pt-pt\/wp-json\/wp\/v2\/pages"}],"about":[{"href":"https:\/\/globecore.com\/pt-pt\/wp-json\/wp\/v2\/types\/page"}],"author":[{"embeddable":true,"href":"https:\/\/globecore.com\/pt-pt\/wp-json\/wp\/v2\/users\/7"}],"replies":[{"embeddable":true,"href":"https:\/\/globecore.com\/pt-pt\/wp-json\/wp\/v2\/comments?post=295373"}],"version-history":[{"count":2,"href":"https:\/\/globecore.com\/pt-pt\/wp-json\/wp\/v2\/pages\/295373\/revisions"}],"predecessor-version":[{"id":342615,"href":"https:\/\/globecore.com\/pt-pt\/wp-json\/wp\/v2\/pages\/295373\/revisions\/342615"}],"up":[{"embeddable":true,"href":"https:\/\/globecore.com\/pt-pt\/wp-json\/wp\/v2\/pages\/20385"}],"wp:featuredmedia":[{"embeddable":true,"href":"https:\/\/globecore.com\/pt-pt\/wp-json\/wp\/v2\/media\/36022"}],"wp:attachment":[{"href":"https:\/\/globecore.com\/pt-pt\/wp-json\/wp\/v2\/media?parent=295373"}],"wp:term":[{"taxonomy":"category","embeddable":true,"href":"https:\/\/globecore.com\/pt-pt\/wp-json\/wp\/v2\/categories?post=295373"}],"curies":[{"name":"wp","href":"https:\/\/api.w.org\/{rel}","templated":true}]}}