{"id":295376,"date":"2024-03-18T12:40:57","date_gmt":"2024-03-18T12:40:57","guid":{"rendered":"https:\/\/globecore.com\/products\/moinho-magnetico\/avsp-150-vortex-layer-device-semi-automated\/"},"modified":"2026-04-10T11:31:15","modified_gmt":"2026-04-10T11:31:15","slug":"avsp-150-vortex-layer-device-semi-automated","status":"publish","type":"page","link":"https:\/\/globecore.com\/pt-pt\/products\/moinho-magnetico\/avsp-150-vortex-layer-device-semi-automated\/","title":{"rendered":"AVSp-150 Moinho Magn\u00e9tico (Semi-Autom\u00e1tico)"},"content":{"rendered":"","protected":false},"excerpt":{"rendered":"<p>A GlobeCore \u00e9 a \u00fanica empresa de alta tecnologia no mundo que fabrica dispositivos industriais de camada de v\u00f3rtice com desempenho comprovado e previs\u00edvel. O dispositivo de camada de v\u00f3rtice semiautomatizado AVSp-150 foi projetado para intensificar processos f\u00edsicos e qu\u00edmicos, garantindo dispers\u00e3o eficiente e mistura a seco de materiais a granel, incluindo microp\u00f3s, bem como a ativa\u00e7\u00e3o e modifica\u00e7\u00e3o de aditivos, a pulveriza\u00e7\u00e3o de p\u00f3s de ferrita e o processamento de materiais em p\u00f3 em estados seco e l\u00edquido.<\/p>\n","protected":false},"author":7,"featured_media":111208,"parent":20385,"menu_order":0,"comment_status":"closed","ping_status":"closed","template":"templates\/single-product.php","meta":{"_acf_changed":false,"_bbp_topic_count":0,"_bbp_reply_count":0,"_bbp_total_topic_count":0,"_bbp_total_reply_count":0,"_bbp_voice_count":0,"_bbp_anonymous_reply_count":0,"_bbp_topic_count_hidden":0,"_bbp_reply_count_hidden":0,"_bbp_forum_subforum_count":0,"footnotes":""},"categories":[1345],"class_list":["post-295376","page","type-page","status-publish","has-post-thumbnail","hentry","category-fresagem","oil_type-industria-da-construcao","oil_type-industria-quimica","process_type-ativacao","process_type-fresagem","process_type-mistura"],"acf":{"add_tab":[{"tab_title":"Descri\u00e7\u00e3o","tab_content":"<p style=\"text-align: justify;\"><strong>GlobeCore<\/strong> \u00e9 a \u00fanica empresa de alta tecnologia do mundo para a produ\u00e7\u00e3o de dispositivos de camada v\u00f3rtice operacionais com aplica\u00e7\u00f5es reais no setor industrial, que entregam os resultados esperados.<\/p>\r\n<p style=\"text-align: justify;\">O dispositivo de camada v\u00f3rtice AVSp-150 (vers\u00e3o semi-autom\u00e1tica) \u00e9 projetado para intensificar uma ampla gama de processos f\u00edsico-qu\u00edmicos. Este dispositivo trabalha de forma eficiente com uma variedade de materiais a granel s\u00f3lidos e garante sua dispers\u00e3o, mistura a seco, incluindo microp\u00f3los, bem como ativa\u00e7\u00e3o e modifica\u00e7\u00e3o de aditivos em borrachas puras, pulveriza\u00e7\u00e3o de p\u00f3s de ferrite para produ\u00e7\u00e3o de ferrites e outros processos de materiais em p\u00f3 no estado seco ou l\u00edquido.<\/p>\r\n<p style=\"text-align: justify;\">O design do dispositivo n\u00e3o inclui veda\u00e7\u00f5es din\u00e2micas e \u00e9 centrado em dois componentes principais \u2014 a se\u00e7\u00e3o operacional e a se\u00e7\u00e3o de controle.<\/p>\r\n<p style=\"text-align: justify;\">A se\u00e7\u00e3o operacional cont\u00e9m um quadro com a carca\u00e7a do indutor montada sobre ele. Uma caixa protetora \u00e9 anexada \u00e0 tampa traseira da carca\u00e7a do indutor e ao quadro, e cont\u00e9m alimentadores com acionamento e um carrinho. Sob a caixa protetora, existem caixas para armazenar os reatores durante o transporte ou quando o dispositivo n\u00e3o est\u00e1 em uso. A tampa frontal da carca\u00e7a do indutor cont\u00e9m uma capa protetora para seguran\u00e7a humana durante a opera\u00e7\u00e3o.<\/p>\r\n<p style=\"text-align: justify;\">A se\u00e7\u00e3o de controle combina um tanque de \u00f3leo com um quadro e uma carca\u00e7a, um sistema de resfriamento e uma bomba. O painel frontal da se\u00e7\u00e3o de controle possui um painel de controle remoto com controles para o dispositivo.<\/p>"}],"add_def_tab":[{"tab_title":"Especifica\u00e7\u00f5es","tab_content":"<table>\r\n<tbody>\r\n<tr>\r\n<td>\r\n<p style=\"text-align: center;\"><strong>\u2116<\/strong><\/p>\r\n<\/td>\r\n<td style=\"text-align: center;\"><strong>Par\u00e2metro<\/strong><\/td>\r\n<td>\r\n<p style=\"text-align: center;\"><strong>Valor<\/strong><\/p>\r\n<\/td>\r\n<\/tr>\r\n<tr>\r\n<td><span style=\"font-weight: 400;\">1<\/span><\/td>\r\n<td><span style=\"font-weight: 400;\">Di\u00e2metro da c\u00e2mara de opera\u00e7\u00e3o, mm<\/span><\/td>\r\n<td>\r\n<p style=\"text-align: center;\"><span style=\"font-weight: 400;\">128<\/span><\/p>\r\n<\/td>\r\n<\/tr>\r\n<tr>\r\n<td><span style=\"font-weight: 400;\">2<\/span><\/td>\r\n<td><span style=\"font-weight: 400;\">Comprimento da zona de opera\u00e7\u00e3o da c\u00e2mara, mm<\/span><\/td>\r\n<td>\r\n<p style=\"text-align: center;\"><span style=\"font-weight: 400;\">150<\/span><\/p>\r\n<\/td>\r\n<\/tr>\r\n<tr>\r\n<td><span style=\"font-weight: 400;\">3<\/span><\/td>\r\n<td><span style=\"font-weight: 400;\">Press\u00e3o de opera\u00e7\u00e3o, MPa, max:<\/span><\/td>\r\n<td>\r\n<p style=\"text-align: center;\"><span style=\"font-weight: 400;\">0,6<\/span><\/p>\r\n<\/td>\r\n<\/tr>\r\n<tr>\r\n<td><span style=\"font-weight: 400;\">4<\/span><\/td>\r\n<td><span style=\"font-weight: 400;\">Volume da c\u00e2mara de opera\u00e7\u00e3o, l<\/span><\/td>\r\n<td>\r\n<p style=\"text-align: center;\"><span style=\"font-weight: 400;\">7,5<\/span><\/p>\r\n<\/td>\r\n<\/tr>\r\n<tr>\r\n<td><span style=\"font-weight: 400;\">5<\/span><\/td>\r\n<td><span style=\"font-weight: 400;\">Capacidade, kg\/hora* <\/span><\/td>\r\n<td>\r\n<p style=\"text-align: center;\"><span style=\"font-weight: 400;\">50<\/span><\/p>\r\n<\/td>\r\n<\/tr>\r\n<tr>\r\n<td><span style=\"font-weight: 400;\">6<\/span><\/td>\r\n<td><span style=\"font-weight: 400;\">Tens\u00e3o nominal, V<\/span><\/td>\r\n<td>\r\n<p style=\"text-align: center;\"><span style=\"font-weight: 400;\">380<\/span><\/p>\r\n<\/td>\r\n<\/tr>\r\n<tr>\r\n<td><span style=\"font-weight: 400;\">7<\/span><\/td>\r\n<td><span style=\"font-weight: 400;\">Frequ\u00eancia, Hz<\/span><\/td>\r\n<td>\r\n<p style=\"text-align: center;\"><span style=\"font-weight: 400;\">50<\/span><\/p>\r\n<\/td>\r\n<\/tr>\r\n<tr>\r\n<td><span style=\"font-weight: 400;\">8<\/span><\/td>\r\n<td><span style=\"font-weight: 400;\">Pot\u00eancia ativa, kW<\/span><\/td>\r\n<td>\r\n<p style=\"text-align: center;\"><span style=\"font-weight: 400;\">9<\/span><\/p>\r\n<\/td>\r\n<\/tr>\r\n<tr>\r\n<td><span style=\"font-weight: 400;\">9<\/span><\/td>\r\n<td><span style=\"font-weight: 400;\">Pot\u00eancia total, kWA<\/span><\/td>\r\n<td>\r\n<p style=\"text-align: center;\"><span style=\"font-weight: 400;\">21<\/span><\/p>\r\n<\/td>\r\n<\/tr>\r\n<tr>\r\n<td><span style=\"font-weight: 400;\">10<\/span><\/td>\r\n<td><span style=\"font-weight: 400;\">Dimens\u00f5es, mm, n\u00e3o mais que:<\/span><\/td>\r\n<td><\/td>\r\n<\/tr>\r\n<tr>\r\n<td><\/td>\r\n<td><span style=\"font-weight: 400;\">Se\u00e7\u00e3o de controle:<\/span>\r\n\r\n<span style=\"font-weight: 400;\">\u2013 comprimento<\/span>\r\n\r\n<span style=\"font-weight: 400;\">\u2013 largura<\/span>\r\n\r\n<span style=\"font-weight: 400;\">\u2013 altura<\/span><\/td>\r\n<td>&nbsp;\r\n<p style=\"text-align: center;\"><span style=\"font-weight: 400;\">1073<\/span><\/p>\r\n<p style=\"text-align: center;\"><span style=\"font-weight: 400;\">552<\/span><\/p>\r\n<p style=\"text-align: center;\"><span style=\"font-weight: 400;\">1532<\/span><\/p>\r\n<\/td>\r\n<\/tr>\r\n<tr>\r\n<td><\/td>\r\n<td><span style=\"font-weight: 400;\">Se\u00e7\u00e3o de opera\u00e7\u00e3o:<\/span>\r\n\r\n<span style=\"font-weight: 400;\">\u2013 comprimento<\/span>\r\n\r\n<span style=\"font-weight: 400;\">\u2013 largura<\/span>\r\n\r\n<span style=\"font-weight: 400;\">\u2013 altura<\/span><\/td>\r\n<td>\r\n<p style=\"text-align: center;\"><span style=\"font-weight: 400;\">1637<\/span><span style=\"font-weight: 400;\">\r\n<\/span><span style=\"font-weight: 400;\">835<\/span><span style=\"font-weight: 400;\">\r\n<\/span><span style=\"font-weight: 400;\">1376<\/span><\/p>\r\n<\/td>\r\n<\/tr>\r\n<tr>\r\n<td><span style=\"font-weight: 400;\">11<\/span><\/td>\r\n<td><span style=\"font-weight: 400;\">Peso, kg, n\u00e3o mais que:<\/span><\/td>\r\n<td><\/td>\r\n<\/tr>\r\n<tr>\r\n<td><\/td>\r\n<td><span style=\"font-weight: 400;\">Se\u00e7\u00e3o de controle<\/span>\r\n\r\n<span style=\"font-weight: 400;\">Se\u00e7\u00e3o de opera\u00e7\u00e3o<\/span><\/td>\r\n<td>\r\n<p style=\"text-align: center;\"><span style=\"font-weight: 400;\">300<\/span><\/p>\r\n<p style=\"text-align: center;\"><span style=\"font-weight: 400;\">530<\/span><\/p>\r\n<\/td>\r\n<\/tr>\r\n<\/tbody>\r\n<\/table>\r\n<span style=\"font-weight: 400;\">*Depende do produto processado<\/span>"},{"tab_title":"Vantagens","tab_content":"<ul>\r\n \t<li style=\"text-align: justify;\">versatilidade de aplica\u00e7\u00e3o: capacidade de moagem, mistura e ativa\u00e7\u00e3o dos materiais processados;<\/li>\r\n \t<li style=\"text-align: justify;\">moagem fina;<\/li>\r\n \t<li style=\"text-align: justify;\">melhoria da efici\u00eancia dos processos: o processamento \u00e9 realizado em quest\u00e3o de segundos ou fra\u00e7\u00f5es;<\/li>\r\n \t<li style=\"text-align: justify;\">redu\u00e7\u00e3o dos custos de energia el\u00e9trica;<\/li>\r\n \t<li style=\"text-align: justify;\">otimiza\u00e7\u00e3o no uso de materiais brutos e consum\u00edveis;<\/li>\r\n \t<li style=\"text-align: justify;\">facilidade de integra\u00e7\u00e3o \u00e0s linhas de produ\u00e7\u00e3o existentes.<\/li>\r\n<\/ul>"},{"tab_title":"Aplica\u00e7\u00e3o","tab_content":"[product_oil_types]"}],"add_video_tab":[{"video_tab_title":"Video","add_video_id":[{"video_id":"J9_IP2oMWeQ"},{"video_id":"Q36Vk4RYMWQ"},{"video_id":"I1pghAZOX5w"}]}],"add_gallery_tab":[{"gallery_tab_title":"Foto","add_img":[111214,111226,111238,111250,111262,111274,111286,111298,111310,111322]}],"add_price_tab":null},"language":"pt-pt","_links":{"self":[{"href":"https:\/\/globecore.com\/pt-pt\/wp-json\/wp\/v2\/pages\/295376","targetHints":{"allow":["GET"]}}],"collection":[{"href":"https:\/\/globecore.com\/pt-pt\/wp-json\/wp\/v2\/pages"}],"about":[{"href":"https:\/\/globecore.com\/pt-pt\/wp-json\/wp\/v2\/types\/page"}],"author":[{"embeddable":true,"href":"https:\/\/globecore.com\/pt-pt\/wp-json\/wp\/v2\/users\/7"}],"replies":[{"embeddable":true,"href":"https:\/\/globecore.com\/pt-pt\/wp-json\/wp\/v2\/comments?post=295376"}],"version-history":[{"count":3,"href":"https:\/\/globecore.com\/pt-pt\/wp-json\/wp\/v2\/pages\/295376\/revisions"}],"predecessor-version":[{"id":342616,"href":"https:\/\/globecore.com\/pt-pt\/wp-json\/wp\/v2\/pages\/295376\/revisions\/342616"}],"up":[{"embeddable":true,"href":"https:\/\/globecore.com\/pt-pt\/wp-json\/wp\/v2\/pages\/20385"}],"wp:featuredmedia":[{"embeddable":true,"href":"https:\/\/globecore.com\/pt-pt\/wp-json\/wp\/v2\/media\/111208"}],"wp:attachment":[{"href":"https:\/\/globecore.com\/pt-pt\/wp-json\/wp\/v2\/media?parent=295376"}],"wp:term":[{"taxonomy":"category","embeddable":true,"href":"https:\/\/globecore.com\/pt-pt\/wp-json\/wp\/v2\/categories?post=295376"}],"curies":[{"name":"wp","href":"https:\/\/api.w.org\/{rel}","templated":true}]}}