{"id":295390,"date":"2021-08-18T13:05:22","date_gmt":"2021-08-18T13:05:22","guid":{"rendered":"https:\/\/globecore.com\/products\/producao-de-betume-modificado\/bitumen-modification-unit-usb-3-12-m3-h\/"},"modified":"2026-03-09T09:56:21","modified_gmt":"2026-03-09T09:56:21","slug":"bitumen-modification-unit-usb-3-12-m3-h","status":"publish","type":"page","link":"https:\/\/globecore.com\/pt-pt\/products\/producao-de-betume-modificado\/bitumen-modification-unit-usb-3-12-m3-h\/","title":{"rendered":"USB-3 Unidade de Modifica\u00e7\u00e3o Cont\u00ednua de Betume (12 m\u00b3\/hora)"},"content":{"rendered":"","protected":false},"excerpt":{"rendered":"<p>A unidade USB-3 foi projetada para a produ\u00e7\u00e3o cont\u00ednua de betume modificado e opera em modo cont\u00ednuo com capacidade nominal de 12 m\u00b3\/h. Durante o processo de prepara\u00e7\u00e3o, a unidade permite o uso de todos os modificadores atualmente conhecidos, incluindo borracha triturada, v\u00e1rios aditivos especiais e todos os tipos de pol\u00edmeros SBS fornecidos em forma de gr\u00e2nulos, p\u00f3 ou l\u00edquido. A USB-3 tamb\u00e9m possibilita a implementa\u00e7\u00e3o de novas formula\u00e7\u00f5es de betume modificado que incorporam aditivos de ades\u00e3o e plastificantes, oferecendo flexibilidade para diferentes requisitos de produ\u00e7\u00e3o.<\/p>\n","protected":false},"author":7,"featured_media":40135,"parent":17086,"menu_order":0,"comment_status":"closed","ping_status":"closed","template":"templates\/single-product.php","meta":{"_acf_changed":false,"_bbp_topic_count":0,"_bbp_reply_count":0,"_bbp_total_topic_count":0,"_bbp_total_reply_count":0,"_bbp_voice_count":0,"_bbp_anonymous_reply_count":0,"_bbp_topic_count_hidden":0,"_bbp_reply_count_hidden":0,"_bbp_forum_subforum_count":0,"footnotes":""},"categories":[1344],"class_list":["post-295390","page","type-page","status-publish","has-post-thumbnail","hentry","category-producao-de-betume","oil_type-industria-da-construcao","process_type-fresagem","process_type-mistura"],"acf":{"add_tab":[{"tab_title":"Descri\u00e7\u00e3o","tab_content":"<p style=\"text-align: justify;\">A unidade USB-3 \u00e9 projetada para a produ\u00e7\u00e3o cont\u00ednua de betume modificado (unidade de opera\u00e7\u00e3o cont\u00ednua). A capacidade nominal da unidade \u00e9 de 12 metros c\u00fabicos por hora.<\/p>\r\n<p style=\"text-align: justify;\">Ao preparar betume modificado, a unidade USB-3 permite o uso de quaisquer modificadores conhecidos at\u00e9 hoje, incluindo borracha triturada e v\u00e1rios aditivos especiais, juntamente com todos os pol\u00edmeros SBS conhecidos, que podem ser alimentados na forma de gr\u00e2nulos, p\u00f3 e l\u00edquido.<\/p>\r\n<p style=\"text-align: justify;\">A unidade possibilita implementar novas formula\u00e7\u00f5es de betume modificado que envolvem aditivos de ades\u00e3o e plastificantes.<\/p>\r\n<p style=\"text-align: justify;\">A unidade pode ser opcionalmente equipada com os seguintes componentes:<\/p>\r\n\r\n<ul style=\"text-align: justify;\">\r\n \t<li>alimentador de enxofre;<\/li>\r\n \t<li>alimentador de \u00e1cido polifosf\u00f3rico;<\/li>\r\n \t<li>guincho monorra\u00edl para Big-bag;<\/li>\r\n \t<li>dosador de pesagem;<\/li>\r\n \t<li>compressor;<\/li>\r\n<\/ul>\r\n<p style=\"text-align: justify;\">O moinho pode ser completado com um selo mec\u00e2nico incluindo um sistema de suporte.<\/p>\r\n\r\n<h2 style=\"text-align: center;\">Princ\u00edpio de funcionamento<\/h2>\r\n<p style=\"text-align: center;\"><img class=\"aligncenter wp-image-40166\" src=\"https:\/\/globecore.com\/wp-content\/uploads\/2021\/08\/usb-3-stroeniye-1.jpg\" alt=\"\" width=\"800\" height=\"565\" \/><\/p>\r\n<p style=\"text-align: center;\"><img class=\"aligncenter wp-image-40177\" src=\"https:\/\/globecore.com\/wp-content\/uploads\/2021\/08\/usb-3-stroyeniye-2.jpg\" alt=\"\" width=\"800\" height=\"565\" \/><\/p>\r\n<p style=\"text-align: center;\"><strong>Figura 1 \u2014 Design da unidade USB-3<\/strong><\/p>\r\n\r\n<ol>\r\n \t<li>O pol\u00edmero \u00e9 alimentado no funil.<\/li>\r\n \t<li>O operador configura a formula\u00e7\u00e3o do betume modificado com pol\u00edmero (percentagem de pol\u00edmero e aditivos no betume) no gabinete de controle.<\/li>\r\n \t<li>A unidade \u00e9 iniciada.<\/li>\r\n \t<li>O betume \u00e9 alimentado e dosado no tanque intermedi\u00e1rio. O pol\u00edmero \u00e9 alimentado e dosado no mesmo tanque.<\/li>\r\n \t<li>Os aditivos l\u00edquidos (plastificantes, aditivos de ades\u00e3o, etc.) s\u00e3o previamente alimentados e dosados no betume.<\/li>\r\n \t<li>Um misturador de alta velocidade dentro do tanque mistura preliminarmente o pol\u00edmero e o betume.<\/li>\r\n \t<li>Uma bomba de engrenagem fornece essa mistura ao moinho onde o betume modificado com pol\u00edmero (PMB) \u00e9 mo\u00eddo e homogenizado.<\/li>\r\n \t<li>Ap\u00f3s a conclus\u00e3o da opera\u00e7\u00e3o, a unidade realiza automaticamente a lavagem com betume limpo (para evitar a forma\u00e7\u00e3o de entupimentos em conjuntos e tubula\u00e7\u00f5es).<\/li>\r\n \t<li>A unidade est\u00e1 pronta para ser utilizada a qualquer momento.<\/li>\r\n<\/ol>\r\n<h2 style=\"text-align: center;\">Caracter\u00edsticas t\u00e9cnicas<\/h2>\r\n<ol>\r\n \t<li>A unidade USB-3 \u00e9 instalada dentro de uma estrutura espacial cujas dimens\u00f5es permitem o transporte do equipamento em um cont\u00eainer padr\u00e3o de 20 p\u00e9s.<\/li>\r\n \t<li>A estrutura espacial refor\u00e7ada permite a montagem e desmontagem r\u00e1pida da unidade no campo, algo muito importante ao mudar a localiza\u00e7\u00e3o de uma f\u00e1brica de asfalto e concreto.<\/li>\r\n \t<li>A USB-3 \u00e9 equipada com um moinho coloidal de alta velocidade cujos cortadores possuem um perfil especial que permite moer, cortar e homogenizar betume com pol\u00edmero, bem como obter um produto acabado de excelente qualidade em uma \u00fanica execu\u00e7\u00e3o.<\/li>\r\n \t<li>Os cortadores do moinho t\u00eam um perfil sim\u00e9trico, permitindo dobrar sua vida \u00fatil. Basta alterar a dire\u00e7\u00e3o de rota\u00e7\u00e3o. Al\u00e9m disso, o moinho permite alterar o espa\u00e7o entre os cortadores de 0,1 a 1 mm (dependendo das tarefas).<\/li>\r\n \t<li>O equipamento de bombeamento da unidade \u00e9 completado com um conversor de frequ\u00eancia, o que permite que o betume e o pol\u00edmero pr\u00e9-misturados sejam fornecidos ao moinho com uma capacidade especificada. Portanto, o moinho \u00e9 aliviado das fun\u00e7\u00f5es de suc\u00e7\u00e3o e descarga, e toda a energia \u00e9 gasta apenas na homogeniza\u00e7\u00e3o do produto.<\/li>\r\n \t<li>O sistema de dosagem de pol\u00edmero \u00e9 um funil equipado com um transportador espiral cujo acionamento cont\u00e9m um controlador de frequ\u00eancia. O pol\u00edmero de entrada (tanto de sacos normais quanto de Big-bags) \u00e9 alimentado do funil para o tanque intermedi\u00e1rio por meio do transportador espiral, de acordo com a propor\u00e7\u00e3o percentual em rela\u00e7\u00e3o ao betume definida pelo operador no painel de controle.<\/li>\r\n \t<li>O tanque intermedi\u00e1rio \u00e9 projetado para a mistura preliminar de pol\u00edmero com betume e aumenta o tempo de contato entre betume e pol\u00edmero, permitindo o descarregamento do moinho. O tanque intermedi\u00e1rio \u00e9 equipado com um misturador de alta velocidade que assegura a mistura uniforme de betume e pol\u00edmero.<\/li>\r\n \t<li>Os aditivos l\u00edquidos, como plastificantes e aditivos de ades\u00e3o, s\u00e3o fornecidos por bombas autoescorvantes, de engrenagem e dosadoras; a porcentagem no PMB \u00e9 configurada e ajustada pelo operador no painel de controle central. Cada bomba possui seu pr\u00f3prio misturador, que mistura os aditivos no betume antes do tanque intermedi\u00e1rio e do moinho.<\/li>\r\n \t<li>A unidade \u00e9 equipada com v\u00e1lvulas eletropneum\u00e1ticas, e o ar comprimido pode ser fornecido por um compressor instalado na unidade (opcional), permitindo que a unidade seja independente de uma fonte externa de ar comprimido.<\/li>\r\n<\/ol>\r\nTodos os dutos de betume, bombas, o moinho e o tanque intermedi\u00e1rio s\u00e3o aquecidos com \u00f3leo t\u00e9rmico. O aquecimento com \u00f3leo t\u00e9rmico \u00e9 o aquecimento \u201cmais suave\u201d e eficiente para os conjuntos e as linhas de betume.\r\n<h2 style=\"text-align: center;\"><strong>Pastas betuminosas \u2014 campo de aplica\u00e7\u00e3o<\/strong><\/h2>\r\n<ol>\r\n \t<li>As pastas betuminosas s\u00e3o classificadas tanto por campos de aplica\u00e7\u00e3o quanto por m\u00e9todos de uso (revestimento a frio e a quente).<\/li>\r\n \t<li>Algumas pastas requerem prepara\u00e7\u00e3o pr\u00e9via da superf\u00edcie com primers. Um primer \u00e9 um material de prim\u00e1rio betuminoso que cont\u00e9m betume e um solvente e possui alta penetrabilidade e curto tempo de secagem.<\/li>\r\n \t<li>Tipos de pastas e seus usos:<\/li>\r\n<\/ol>\r\na) Pasta de revestimento (aplica\u00e7\u00e3o a frio):\r\n<ul>\r\n \t<li>impermeabiliza\u00e7\u00e3o de superf\u00edcies;<\/li>\r\n \t<li>tratamento de juntas e fissuras;<\/li>\r\n \t<li>calafeta\u00e7\u00e3o de superf\u00edcies;<\/li>\r\n \t<li>fixa\u00e7\u00e3o de materiais betuminosos laminados;<\/li>\r\n \t<li>prote\u00e7\u00e3o anticorrosiva de estruturas met\u00e1licas.<\/li>\r\n<\/ul>\r\n<ol>\r\n \t<li>b) Pasta de revestimento (aplica\u00e7\u00e3o a frio). Pode ser usada em temperaturas abaixo de zero. \u00c9 utilizada para reparos e forma um revestimento imperme\u00e1vel ultrarresistente em estruturas de a\u00e7o, concreto e madeira enterradas no solo.<\/li>\r\n<\/ol>\r\nc) Pasta betuminosa de borracha (aplica\u00e7\u00e3o a frio) \u00e9 usada para impermeabiliza\u00e7\u00e3o de funda\u00e7\u00f5es, paredes, tanques, tubula\u00e7\u00f5es, etc.\r\n<ol>\r\n \t<li>d) Pasta adesiva (aplica\u00e7\u00e3o a frio). Projetada para fixar o poliestireno extrudado em materiais isolantes betuminosos e betuminosos-polim\u00e9ricos em sistemas de isolamento de funda\u00e7\u00f5es.<\/li>\r\n<\/ol>\r\n<h2 style=\"text-align: center;\"><strong>Betume modificado \u2014 Campos de aplica\u00e7\u00e3o<\/strong><\/h2>\r\n<ol>\r\n \t<li>Constru\u00e7\u00e3o de estradas:<\/li>\r\n<\/ol>\r\n<ul>\r\n \t<li>produ\u00e7\u00e3o de concreto asf\u00e1ltico utilizado para constru\u00e7\u00e3o e reparo de estradas de primeira classe, pontes, viadutos, cruzamentos rodovi\u00e1rios, etc.;<\/li>\r\n \t<li>produ\u00e7\u00e3o de concreto asf\u00e1ltico de matriz de pedra (SMA) para a camada de revestimento de rodovias e estradas de primeira classe;<\/li>\r\n \t<li>produ\u00e7\u00e3o de concreto asf\u00e1ltico poroso;<\/li>\r\n \t<li>coloca\u00e7\u00e3o de camadas intercaladas de membranas antirrachaduras.<\/li>\r\n<\/ul>\r\n<ol start=\"2\">\r\n \t<li>Instala\u00e7\u00f5es de engenharia hidr\u00e1ulica:<\/li>\r\n<\/ol>\r\n<ul>\r\n \t<li>produ\u00e7\u00e3o de pastas \u00e0 base de PMB para revestimento de reservat\u00f3rios, piscinas e revestimentos de tubula\u00e7\u00f5es de abastecimento de \u00e1gua.<\/li>\r\n<\/ul>\r\n<ol start=\"3\">\r\n \t<li>Telhados:<\/li>\r\n<\/ol>\r\n<ul>\r\n \t<li>produ\u00e7\u00e3o de materiais de cobertura laminados \u00e0 base de PMB (Ruberoid, Euroruberoid).<\/li>\r\n<\/ul>\r\n<ol start=\"4\">\r\n \t<li>Telhas de betume:<\/li>\r\n<\/ol>\r\n<ul>\r\n \t<li>produ\u00e7\u00e3o de pastas para aplica\u00e7\u00e3o e reparo de superf\u00edcies de telhados.<\/li>\r\n<\/ul>"}],"add_def_tab":[{"tab_title":"Especifica\u00e7\u00f5es","tab_content":"<table width=\"630\">\r\n<thead>\r\n<tr>\r\n<td width=\"309\">\r\n<p style=\"text-align: center;\"><strong>Par\u00e2metro<\/strong><\/p>\r\n<\/td>\r\n<td width=\"77\">\r\n<p style=\"text-align: center;\"><strong>UOM<\/strong><\/p>\r\n<\/td>\r\n<td width=\"118\">\r\n<p style=\"text-align: center;\"><strong>Valor<\/strong><\/p>\r\n<\/td>\r\n<\/tr>\r\n<tr>\r\n<td width=\"309\">\r\n<p style=\"text-align: left;\">Capacidade<\/p>\r\n<\/td>\r\n<td width=\"77\">\r\n<p style=\"text-align: center;\">m<sup>3<\/sup>\/h<\/p>\r\n<\/td>\r\n<td width=\"118\">\r\n<p style=\"text-align: center;\">8\u2026 12<\/p>\r\n<\/td>\r\n<\/tr>\r\n<tr>\r\n<td width=\"309\">\r\n<p style=\"text-align: left;\">Quantidade de pol\u00edmero<\/p>\r\n<\/td>\r\n<td width=\"77\">\r\n<p style=\"text-align: center;\">%<\/p>\r\n<\/td>\r\n<td width=\"118\">\r\n<p style=\"text-align: center;\">1\u2026 5<\/p>\r\n<\/td>\r\n<\/tr>\r\n<tr>\r\n<td width=\"309\">\r\n<p style=\"text-align: left;\">Quantidade de plastificante por 1m\u00b3 de betume<\/p>\r\n<\/td>\r\n<td width=\"77\">\r\n<p style=\"text-align: center;\">kg<\/p>\r\n<\/td>\r\n<td width=\"118\">\r\n<p style=\"text-align: center;\">0\u2026100<\/p>\r\n<\/td>\r\n<\/tr>\r\n<tr>\r\n<td width=\"309\">\r\n<p style=\"text-align: left;\">Quantidade de aditivo de ades\u00e3o por 1 m\u00b3 de betume<\/p>\r\n<\/td>\r\n<td width=\"77\">\r\n<p style=\"text-align: center;\">kg<\/p>\r\n<\/td>\r\n<td width=\"118\">\r\n<p style=\"text-align: center;\">0\u202610<\/p>\r\n<\/td>\r\n<\/tr>\r\n<tr>\r\n<td width=\"309\">\r\n<p style=\"text-align: left;\">Modo de opera\u00e7\u00e3o<\/p>\r\n<\/td>\r\n<td width=\"77\"><\/td>\r\n<td colspan=\"2\" width=\"129\">\r\n<p style=\"text-align: center;\">cont\u00ednuo<\/p>\r\n<\/td>\r\n<\/tr>\r\n<tr>\r\n<td width=\"309\">\r\n<p style=\"text-align: left;\">Pot\u00eancia necess\u00e1ria<\/p>\r\n<\/td>\r\n<td width=\"77\"><\/td>\r\n<td colspan=\"3\" width=\"131\"><\/td>\r\n<\/tr>\r\n<tr>\r\n<td width=\"309\">-moedor, kW<\/td>\r\n<td width=\"77\">\r\n<p style=\"text-align: center;\"><\/p>\r\n<\/td>\r\n<td colspan=\"3\" width=\"131\">\r\n<p style=\"text-align: center;\">75<\/p>\r\n<\/td>\r\n<\/tr>\r\n<tr>\r\n<td width=\"309\">-total, kW<\/td>\r\n<td width=\"77\">\r\n<p style=\"text-align: center;\"><\/p>\r\n<\/td>\r\n<td colspan=\"3\" width=\"131\">\r\n<p style=\"text-align: center;\">110<\/p>\r\n<\/td>\r\n<\/tr>\r\n<tr>\r\n<td width=\"309\">\r\n<p style=\"text-align: left;\">Corrente el\u00e9trica<\/p>\r\n<\/td>\r\n<td width=\"77\"><\/td>\r\n<td colspan=\"3\" width=\"131\"><\/td>\r\n<\/tr>\r\n<tr>\r\n<td width=\"309\">-tens\u00e3o, V<\/td>\r\n<td width=\"77\">\r\n<p style=\"text-align: center;\"><\/p>\r\n<\/td>\r\n<td colspan=\"3\" width=\"131\">\r\n<p style=\"text-align: center;\">personaliz\u00e1vel<\/p>\r\n<\/td>\r\n<\/tr>\r\n<tr>\r\n<td width=\"309\">-frequ\u00eancia de corrente alternada (CA), Hz<\/td>\r\n<td width=\"77\">\r\n<p style=\"text-align: center;\"><\/p>\r\n<\/td>\r\n<td colspan=\"3\" width=\"131\">\r\n<p style=\"text-align: center;\">personaliz\u00e1vel<\/p>\r\n&nbsp;\r\n\r\n&nbsp;<\/td>\r\n<\/tr>\r\n<tr>\r\n<td width=\"309\">\r\n<p style=\"text-align: left;\">Dimens\u00f5es, n\u00e3o mais que:<\/p>\r\n<\/td>\r\n<td width=\"77\"><\/td>\r\n<td colspan=\"3\" width=\"131\"><\/td>\r\n<\/tr>\r\n<tr>\r\n<td width=\"309\">\r\n<p style=\"text-align: left;\">\u00a0\u00a0\u00a0\u00a0\u00a0\u00a0\u00a0\u00a0 -comprimento, mm<\/p>\r\n<\/td>\r\n<td width=\"77\">\r\n<p style=\"text-align: center;\"><\/p>\r\n<\/td>\r\n<td colspan=\"3\" width=\"131\">\r\n<p style=\"text-align: center;\">5.400<\/p>\r\n<\/td>\r\n<\/tr>\r\n<tr>\r\n<td width=\"309\">\r\n<p style=\"text-align: left;\">\u00a0\u00a0\u00a0\u00a0\u00a0\u00a0\u00a0\u00a0 -largura, mm<\/p>\r\n<\/td>\r\n<td width=\"77\">\r\n<p style=\"text-align: center;\"><\/p>\r\n<\/td>\r\n<td colspan=\"3\" width=\"131\">\r\n<p style=\"text-align: center;\">1.620<\/p>\r\n<\/td>\r\n<\/tr>\r\n<tr>\r\n<td width=\"309\">\r\n<p style=\"text-align: left;\">\u00a0\u00a0\u00a0\u00a0\u00a0\u00a0\u00a0\u00a0 -altura (posi\u00e7\u00e3o de opera\u00e7\u00e3o), mm<\/p>\r\n<\/td>\r\n<td width=\"77\">\r\n<p style=\"text-align: center;\"><\/p>\r\n<\/td>\r\n<td colspan=\"3\" width=\"131\">\r\n<p style=\"text-align: center;\">2.650<\/p>\r\n<\/td>\r\n<\/tr>\r\n<tr>\r\n<td width=\"309\">\r\n<p style=\"text-align: left;\">Peso, n\u00e3o mais que, kg<\/p>\r\n<\/td>\r\n<td width=\"77\">\r\n<p style=\"text-align: center;\"><\/p>\r\n<\/td>\r\n<td colspan=\"3\" width=\"131\">\r\n<p style=\"text-align: center;\">3.500<\/p>\r\n<\/td>\r\n<\/tr>\r\n<\/thead>\r\n<\/table>"},{"tab_title":"Vantagens","tab_content":"<ul>\r\n \t<li style=\"text-align: justify;\">opera\u00e7\u00e3o cont\u00ednua;<\/li>\r\n \t<li style=\"text-align: justify;\">uso de quaisquer modificadores que podem ser alimentados na forma de gr\u00e2nulos, p\u00f3 ou l\u00edquido;<\/li>\r\n \t<li style=\"text-align: justify;\">possibilidade de produzir produtos em qualquer quantidade e com v\u00e1rias concentra\u00e7\u00f5es de aditivos;<\/li>\r\n \t<li style=\"text-align: justify;\">alta qualidade do produto fabricado com pouco tempo consumido;<\/li>\r\n \t<li style=\"text-align: justify;\">facilidade de opera\u00e7\u00e3o e manuten\u00e7\u00e3o;<\/li>\r\n \t<li style=\"text-align: justify;\">compacta\u00e7\u00e3o \u2013 a unidade \u00e9 transportada em um cont\u00eainer padr\u00e3o de vinte p\u00e9s;<\/li>\r\n \t<li style=\"text-align: justify;\">sistema implementado para aquecimento com \u00f3leo t\u00e9rmico;<\/li>\r\n \t<li style=\"text-align: justify;\">sistema de controle moderno<\/li>\r\n<\/ul>"},{"tab_title":"Aplica\u00e7\u00e3o","tab_content":"[product_oil_types]"},{"tab_title":"Webinar","tab_content":"<div class=\"responsive-embed widescreen\">\r\n<div class=\"responsive-embed widescreen\">\r\n<div class=\"responsive-embed widescreen\">\r\n<div class=\"responsive-embed widescreen\">\r\n<div class=\"responsive-embed widescreen\">\r\n<div class=\"responsive-embed widescreen\">\r\n<div class=\"responsive-embed widescreen\">\r\n<div class=\"responsive-embed widescreen\">\r\n<div class=\"responsive-embed widescreen\"><iframe title=\"Produ\u00e7\u00e3o de betume modificado. Abordagem moderna\" src=\"https:\/\/www.youtube.com\/embed\/9qGOp1erhKs?feature=oembed\" width=\"500\" height=\"281\" frameborder=\"0\" allowfullscreen=\"allowfullscreen\"><\/iframe><\/div>\r\n<\/div>\r\n<\/div>\r\n<\/div>\r\n<\/div>\r\n<\/div>\r\n<\/div>\r\n<\/div>\r\n<\/div>"}],"add_video_tab":null,"add_gallery_tab":[{"gallery_tab_title":"Foto","add_img":[40238,40229]}],"add_price_tab":[{"price_tab_title":"Get a quote"}]},"language":"pt-pt","_links":{"self":[{"href":"https:\/\/globecore.com\/pt-pt\/wp-json\/wp\/v2\/pages\/295390","targetHints":{"allow":["GET"]}}],"collection":[{"href":"https:\/\/globecore.com\/pt-pt\/wp-json\/wp\/v2\/pages"}],"about":[{"href":"https:\/\/globecore.com\/pt-pt\/wp-json\/wp\/v2\/types\/page"}],"author":[{"embeddable":true,"href":"https:\/\/globecore.com\/pt-pt\/wp-json\/wp\/v2\/users\/7"}],"replies":[{"embeddable":true,"href":"https:\/\/globecore.com\/pt-pt\/wp-json\/wp\/v2\/comments?post=295390"}],"version-history":[{"count":1,"href":"https:\/\/globecore.com\/pt-pt\/wp-json\/wp\/v2\/pages\/295390\/revisions"}],"predecessor-version":[{"id":341837,"href":"https:\/\/globecore.com\/pt-pt\/wp-json\/wp\/v2\/pages\/295390\/revisions\/341837"}],"up":[{"embeddable":true,"href":"https:\/\/globecore.com\/pt-pt\/wp-json\/wp\/v2\/pages\/17086"}],"wp:featuredmedia":[{"embeddable":true,"href":"https:\/\/globecore.com\/pt-pt\/wp-json\/wp\/v2\/media\/40135"}],"wp:attachment":[{"href":"https:\/\/globecore.com\/pt-pt\/wp-json\/wp\/v2\/media?parent=295390"}],"wp:term":[{"taxonomy":"category","embeddable":true,"href":"https:\/\/globecore.com\/pt-pt\/wp-json\/wp\/v2\/categories?post=295390"}],"curies":[{"name":"wp","href":"https:\/\/api.w.org\/{rel}","templated":true}]}}