{"id":295397,"date":"2023-05-09T13:22:48","date_gmt":"2023-05-09T13:22:48","guid":{"rendered":"https:\/\/globecore.com\/products\/biodiesel-equipment\/biodiesel-laboratory-equipment-usb-1l\/"},"modified":"2026-03-09T12:12:49","modified_gmt":"2026-03-09T12:12:49","slug":"biodiesel-laboratory-equipment-usb-1l","status":"publish","type":"page","link":"https:\/\/globecore.com\/pt-pt\/products\/biodiesel-equipment\/biodiesel-laboratory-equipment-usb-1l\/","title":{"rendered":"USB-1L Equipamento de laborat\u00f3rio para biodiesel"},"content":{"rendered":"","protected":false},"excerpt":{"rendered":"<p>A unidade de laborat\u00f3rio de biodiesel USB-1L \u00e9 um sistema compacto e independente, projetado para pesquisa laboratorial e desenvolvimento de novas formula\u00e7\u00f5es de biodiesel. Possui capacidade de processamento de at\u00e9 1\u202fm\u00b3\/h para \u00f3leos residuais.<br \/>\nA unidade permite a produ\u00e7\u00e3o de \u00e9steres met\u00edlicos a partir de quaisquer \u00f3leos vegetais ou gorduras animais atrav\u00e9s de transesterifica\u00e7\u00e3o. \u00c9 adequada para uso em refinarias de \u00f3leo, instala\u00e7\u00f5es de produ\u00e7\u00e3o de biodiesel e empresas da ind\u00fastria aliment\u00edcia para testes, otimiza\u00e7\u00e3o e produ\u00e7\u00e3o de biodiesel em pequena escala.<\/p>\n","protected":false},"author":7,"featured_media":67904,"parent":122095,"menu_order":0,"comment_status":"closed","ping_status":"closed","template":"templates\/single-product.php","meta":{"_acf_changed":false,"_bbp_topic_count":0,"_bbp_reply_count":0,"_bbp_total_topic_count":0,"_bbp_total_reply_count":0,"_bbp_voice_count":0,"_bbp_anonymous_reply_count":0,"_bbp_topic_count_hidden":0,"_bbp_reply_count_hidden":0,"_bbp_forum_subforum_count":0,"footnotes":""},"categories":[2566],"class_list":["post-295397","page","type-page","status-publish","has-post-thumbnail","hentry","category-renovaveis-biocombustiveis","oil_type-industria-quimica","process_type-blending-pt-pt"],"acf":{"add_tab":[{"tab_title":"Descri\u00e7\u00e3o","tab_content":"<p style=\"text-align: justify;\"><strong><em>A unidade de laborat\u00f3rio de pequena escala<\/em><\/strong> da GlobeCore \u00e9 uma unidade independente para pesquisas laboratoriais e cria\u00e7\u00e3o de novas receitas de biodiesel. A unidade USB-1L destina-se \u00e0 produ\u00e7\u00e3o de \u00e9ter met\u00edlico a partir de \u00f3leos vegetais ou gorduras animais por meio de transesterifica\u00e7\u00e3o.<\/p>\r\n<p style=\"text-align: justify;\">A unidade pode ser utilizada por refinarias de petr\u00f3leo, plantas de produ\u00e7\u00e3o de biodiesel e empresas da ind\u00fastria aliment\u00edcia.<\/p>\r\n<p style=\"text-align: center;\"><strong>Modo de opera\u00e7\u00e3o<\/strong><\/p>\r\n<p style=\"text-align: justify;\">O modo de opera\u00e7\u00e3o consiste na prepara\u00e7\u00e3o dos componentes e na cria\u00e7\u00e3o das condi\u00e7\u00f5es necess\u00e1rias para a rea\u00e7\u00e3o de transesterifica\u00e7\u00e3o. Os vasos s\u00e3o preenchidos com \u00f3leo e metanol com agente catal\u00edtico. Todos os par\u00e2metros necess\u00e1rios para a temperatura do \u00f3leo e o aquecimento da bomba de \u00f3leo s\u00e3o ajustados. As bombas de \u00f3leo e metanol s\u00e3o ligadas para estabilizar a temperatura e descarregar os gases dos vasos ap\u00f3s atingir a temperatura necess\u00e1ria. Os fluxos de \u00f3leo e metanol, com a ajuda de uma eletrov\u00e1lvula, s\u00e3o direcionados para o misturador e, em seguida, passam para o vaso do produto final. Nesse vaso, ocorre a fracionamento do produto final. Finalmente, \u00e9 necess\u00e1rio drenar a fra\u00e7\u00e3o de biodiesel e a fra\u00e7\u00e3o de hidroglicerina utilizando diferentes v\u00e1lvulas.<\/p>"}],"add_def_tab":[{"tab_title":"Especifica\u00e7\u00e3o","tab_content":"<table width=\"614\">\r\n<tbody>\r\n<tr>\r\n<td width=\"54\"><strong><em>N\u00ba<\/em><\/strong><\/td>\r\n<td width=\"343\">\r\n<p style=\"text-align: center;\"><strong><em>Nome do par\u00e2metro<\/em><\/strong><\/p>\r\n<\/td>\r\n<td width=\"217\">\r\n<p style=\"text-align: center;\"><strong><em>Valor<\/em><\/strong><\/p>\r\n<\/td>\r\n<\/tr>\r\n<tr>\r\n<td width=\"54\">1<\/td>\r\n<td width=\"343\">Capacidade da unidade para processamento de \u00f3leo usado, m\u00b3\/h<\/td>\r\n<td width=\"217\">\r\n<p style=\"text-align: center;\">1<\/p>\r\n<\/td>\r\n<\/tr>\r\n<tr>\r\n<td width=\"54\">2<\/td>\r\n<td width=\"343\">Consumo de metanol, m\u00b3\/h<\/td>\r\n<td width=\"217\">\r\n<p style=\"text-align: center;\">0,06\u20260,25<\/p>\r\n<\/td>\r\n<\/tr>\r\n<tr>\r\n<td width=\"54\">3<\/td>\r\n<td width=\"343\">Capacidade do tanque de \u00f3leo, dm\u00b3<\/td>\r\n<td width=\"217\">\r\n<p style=\"text-align: center;\">48<\/p>\r\n<\/td>\r\n<\/tr>\r\n<tr>\r\n<td width=\"54\">4<\/td>\r\n<td width=\"343\">Capacidade do tanque de metanol, dm\u00b3<\/td>\r\n<td width=\"217\">\r\n<p style=\"text-align: center;\">6<\/p>\r\n<\/td>\r\n<\/tr>\r\n<tr>\r\n<td width=\"54\">5<\/td>\r\n<td width=\"343\">Capacidade do tanque para o produto final, dm\u00b3<\/td>\r\n<td width=\"217\">\r\n<p style=\"text-align: center;\">30<\/p>\r\n<\/td>\r\n<\/tr>\r\n<tr>\r\n<td width=\"54\">5<\/td>\r\n<td width=\"343\">Temperatura de aquecimento e manuten\u00e7\u00e3o do \u00f3leo, \u00b0C<\/td>\r\n<td width=\"217\">\r\n<p style=\"text-align: center;\">40\u202680<\/p>\r\n<\/td>\r\n<\/tr>\r\n<tr>\r\n<td width=\"54\">6<\/td>\r\n<td width=\"343\">M\u00e9todo de aquecimento do fluido de trabalho no tanque e no sistema de tubula\u00e7\u00e3o<\/td>\r\n<td width=\"217\">\r\n<p style=\"text-align: center;\">aquecedor termel\u00e9trico e fita t\u00e9rmica<\/p>\r\n<\/td>\r\n<\/tr>\r\n<tr>\r\n<td width=\"54\">7<\/td>\r\n<td width=\"343\">Consumo total de energia, kW, m\u00e1x<\/td>\r\n<td width=\"217\">\r\n<p style=\"text-align: center;\">4,5<\/p>\r\n<\/td>\r\n<\/tr>\r\n<tr>\r\n<td width=\"54\">8<\/td>\r\n<td width=\"343\">Tens\u00e3o de alimenta\u00e7\u00e3o 3~50 Hz<\/td>\r\n<td width=\"217\">\r\n<p style=\"text-align: center;\">380V<\/p>\r\n<\/td>\r\n<\/tr>\r\n<tr>\r\n<td width=\"54\">9<\/td>\r\n<td width=\"343\">Dimens\u00f5es gerais, mm, m\u00e1x\r\n\r\n\u2013 comprimento\r\n\u2013 largura\r\n\u2013 altura<\/td>\r\n<td width=\"217\">&nbsp;\r\n<p style=\"text-align: center;\">1210\r\n870\r\n1430<\/p>\r\n<\/td>\r\n<\/tr>\r\n<tr>\r\n<td width=\"54\">10<\/td>\r\n<td width=\"343\">Peso, kg, m\u00e1x<\/td>\r\n<td width=\"217\">\r\n<p style=\"text-align: center;\">420<\/p>\r\n<\/td>\r\n<\/tr>\r\n<\/tbody>\r\n<\/table>"},{"tab_title":"Vantagens","tab_content":"<ul>\r\n \t<li><span class=\"HwtZe\" lang=\"en\"><span class=\"jCAhz ChMk0b\"><span class=\"ryNqvb\">compacta\u00e7\u00e3o;<\/span><\/span> <\/span><\/li>\r\n \t<li><span class=\"HwtZe\" lang=\"en\"><span class=\"jCAhz ChMk0b\"><span class=\"ryNqvb\">f\u00e1cil de transportar;<\/span><\/span> <\/span><\/li>\r\n \t<li><span class=\"HwtZe\" lang=\"en\"><span class=\"jCAhz ChMk0b\"><span class=\"ryNqvb\">permite verificar o biodiesel para conformidade com os requisitos do padr\u00e3o ao alterar os componentes iniciais.<\/span><\/span><\/span><\/li>\r\n<\/ul>"},{"tab_title":"Aplica\u00e7\u00e3o","tab_content":"[product_oil_types]"}],"add_video_tab":[{"video_tab_title":"Video","add_video_id":[{"video_id":"FJAMj0fuX04"}]}],"add_gallery_tab":[{"gallery_tab_title":"Foto","add_img":[320058,320059,320060,320061]}],"add_price_tab":null},"language":"pt-pt","_links":{"self":[{"href":"https:\/\/globecore.com\/pt-pt\/wp-json\/wp\/v2\/pages\/295397","targetHints":{"allow":["GET"]}}],"collection":[{"href":"https:\/\/globecore.com\/pt-pt\/wp-json\/wp\/v2\/pages"}],"about":[{"href":"https:\/\/globecore.com\/pt-pt\/wp-json\/wp\/v2\/types\/page"}],"author":[{"embeddable":true,"href":"https:\/\/globecore.com\/pt-pt\/wp-json\/wp\/v2\/users\/7"}],"replies":[{"embeddable":true,"href":"https:\/\/globecore.com\/pt-pt\/wp-json\/wp\/v2\/comments?post=295397"}],"version-history":[{"count":1,"href":"https:\/\/globecore.com\/pt-pt\/wp-json\/wp\/v2\/pages\/295397\/revisions"}],"predecessor-version":[{"id":341863,"href":"https:\/\/globecore.com\/pt-pt\/wp-json\/wp\/v2\/pages\/295397\/revisions\/341863"}],"up":[{"embeddable":true,"href":"https:\/\/globecore.com\/pt-pt\/wp-json\/wp\/v2\/pages\/122095"}],"wp:featuredmedia":[{"embeddable":true,"href":"https:\/\/globecore.com\/pt-pt\/wp-json\/wp\/v2\/media\/67904"}],"wp:attachment":[{"href":"https:\/\/globecore.com\/pt-pt\/wp-json\/wp\/v2\/media?parent=295397"}],"wp:term":[{"taxonomy":"category","embeddable":true,"href":"https:\/\/globecore.com\/pt-pt\/wp-json\/wp\/v2\/categories?post=295397"}],"curies":[{"name":"wp","href":"https:\/\/api.w.org\/{rel}","templated":true}]}}