{"id":295401,"date":"2022-08-25T11:19:19","date_gmt":"2022-08-25T11:19:19","guid":{"rendered":"https:\/\/globecore.com\/gc-vane-vacuum-pumps-backing-pumps\/"},"modified":"2025-01-22T13:15:29","modified_gmt":"2025-01-22T13:15:29","slug":"gc-vane-vacuum-pumps-backing-pumps","status":"publish","type":"page","link":"https:\/\/globecore.com\/pt-pt\/products\/acessorios\/vacuum-pumps\/gc-vane-vacuum-pumps-backing-pumps\/","title":{"rendered":"Bombas de V\u00e1cuo de Palhetas GC (Bombas de Suporte)"},"content":{"rendered":"","protected":false},"excerpt":{"rendered":"","protected":false},"author":7,"featured_media":65156,"parent":295413,"menu_order":0,"comment_status":"closed","ping_status":"closed","template":"templates\/single-product.php","meta":{"_acf_changed":false,"_bbp_topic_count":0,"_bbp_reply_count":0,"_bbp_total_topic_count":0,"_bbp_total_reply_count":0,"_bbp_voice_count":0,"_bbp_anonymous_reply_count":0,"_bbp_topic_count_hidden":0,"_bbp_reply_count_hidden":0,"_bbp_forum_subforum_count":0,"footnotes":""},"categories":[2573],"class_list":["post-295401","page","type-page","status-publish","has-post-thumbnail","hentry","category-acessorios","oil_type-oleo-para-transformadores","process_type-enchimento"],"acf":{"add_tab":[{"tab_title":"Descri\u00e7\u00e3o","tab_content":"<p style=\"text-align: justify;\">Bombas de V\u00e1cuo de Palhetas GC (Bombas de Suporte)<\/p>\r\n<p style=\"text-align: justify;\">As bombas de v\u00e1cuo de palhetas GC s\u00e3o projetadas para criar um v\u00e1cuo preliminar. Essas bombas de suporte s\u00e3o normalmente usadas em sistemas de v\u00e1cuo de alta intensidade como uma primeira etapa, funcionando em conjunto com bombas de v\u00e1cuo de alto v\u00e1cuo.<\/p>\r\n<p style=\"text-align: justify;\">A bomba de v\u00e1cuo de palhetas \u00e9 composta por uma c\u00e2mara cil\u00edndrica e palhetas rotativas. As palhetas rotativas est\u00e3o fora de centro em rela\u00e7\u00e3o ao centro da c\u00e2mara. Esse deslocamento cria duas zonas dentro da c\u00e2mara: uma zona cria um v\u00e1cuo que suga o ar, enquanto a outra zona comprime e expulsa o ar.<\/p>\r\n<p style=\"text-align: justify;\">Algumas \u00e1reas potenciais de aplica\u00e7\u00e3o para as bombas de v\u00e1cuo de palhetas incluem: \u2022 Fabrica\u00e7\u00e3o de Pl\u00e1sticos (moldagem por v\u00e1cuo, enchimento, revestimento) \u2022 Produ\u00e7\u00e3o de Alimentos (esteriliza\u00e7\u00e3o, embalagem) \u2022 Setor M\u00e9dico (esteriliza\u00e7\u00e3o) \u2022 Ind\u00fastria Qu\u00edmica (produ\u00e7\u00e3o de tintas) \u2022 Ind\u00fastria Farmac\u00eautica (produ\u00e7\u00e3o de ampulas)<\/p>\r\n<p style=\"text-align: justify;\">E muito mais.<\/p>"}],"add_def_tab":[{"tab_title":"Especifica\u00e7\u00e3o","tab_content":"<table width=\"652\">\n<tbody>\n<tr>\n<td width=\"28\"><strong>No.<\/strong><\/td>\n<td width=\"84\">\n<p style=\"text-align: center;\"><strong>Modelo<\/strong><\/p>\n<\/td>\n<td width=\"105\">\n<p style=\"text-align: center;\"><strong>GC10-520<\/strong><strong> (50 Hz)<\/strong><\/p>\n<\/td>\n<td width=\"94\">\n<p style=\"text-align: center;\"><strong>GC10-520<\/strong><strong> (60 Hz)<\/strong><\/p>\n<\/td>\n<td width=\"89\">\n<p style=\"text-align: center;\"><strong>GC40-620<\/strong><strong> (50 Hz)<\/strong><\/p>\n<\/td>\n<td width=\"81\">\n<p style=\"text-align: center;\"><strong>GC40-620<\/strong><strong> (60 Hz)<\/strong><\/p>\n<\/td>\n<td width=\"76\">\n<p style=\"text-align: center;\"><strong>GC40-620<\/strong><strong> (50 Hz)<\/strong><\/p>\n<\/td>\n<td width=\"94\">\n<p style=\"text-align: center;\"><strong>GC40-620<\/strong><strong> (60 Hz)<\/strong><\/p>\n<\/td>\n<\/tr>\n<tr>\n<td width=\"28\">1<\/td>\n<td width=\"84\">Tens\u00e3o (V)<\/td>\n<td width=\"105\">\n<p style=\"text-align: center;\">200-240\/380-440<\/p>\n<\/td>\n<td width=\"94\">\n<p style=\"text-align: center;\">200-240\/380-440<\/p>\n<\/td>\n<td width=\"89\">200-240\/380-440<\/td>\n<td width=\"81\">\n<p style=\"text-align: center;\">200-240\/380-440<\/p>\n<\/td>\n<td width=\"76\">\n<p style=\"text-align: center;\">200-240\/380-440<\/p>\n<\/td>\n<td width=\"94\">\n<p style=\"text-align: center;\">200-240\/380-440<\/p>\n<\/td>\n<\/tr>\n<tr>\n<td width=\"28\">2<\/td>\n<td width=\"84\">Pot\u00eancia (kW)<\/td>\n<td width=\"105\">\n<p style=\"text-align: center;\">0.76<\/p>\n<\/td>\n<td width=\"94\">\n<p style=\"text-align: center;\">0.92<\/p>\n<\/td>\n<td width=\"89\">1.5<\/td>\n<td width=\"81\">\n<p style=\"text-align: center;\">2.2<\/p>\n<\/td>\n<td width=\"76\">\n<p style=\"text-align: center;\">3.0<\/p>\n<\/td>\n<td width=\"94\">\n<p style=\"text-align: center;\">3.5<\/p>\n<\/td>\n<\/tr>\n<tr>\n<td width=\"28\">3<\/td>\n<td width=\"84\">Corrente (A)<\/td>\n<td width=\"105\">\n<p style=\"text-align: center;\">2.5-2.9\/1.5-1.9<\/p>\n<\/td>\n<td width=\"94\">\n<p style=\"text-align: center;\">2.7-2.5\/1.6-1.5<\/p>\n<\/td>\n<td width=\"89\">6.1-7.6\/3.8-5.5<\/td>\n<td width=\"81\">\n<p style=\"text-align: center;\">5.4-6.3\/3.1-3.9<\/p>\n<\/td>\n<td width=\"76\">\n<p style=\"text-align: center;\">6.5-8\/4.5-5.2<\/p>\n<\/td>\n<td width=\"94\">\n<p style=\"text-align: center;\">6.6-6.8\/3.8-4.2<\/p>\n<\/td>\n<\/tr>\n<tr>\n<td width=\"28\">4<\/td>\n<td width=\"84\">Press\u00e3o Final (mbar)<\/td>\n<td width=\"105\">\n<p style=\"text-align: center;\">2<\/p>\n<\/td>\n<td width=\"94\">\n<p style=\"text-align: center;\">2<\/p>\n<\/td>\n<td width=\"89\">0.5<\/td>\n<td width=\"81\">\n<p style=\"text-align: center;\">0.5<\/p>\n<\/td>\n<td width=\"76\">\n<p style=\"text-align: center;\">0.5<\/p>\n<\/td>\n<td width=\"94\">\n<p style=\"text-align: center;\">0.5<\/p>\n<\/td>\n<\/tr>\n<tr>\n<td width=\"28\">5<\/td>\n<td width=\"84\">Taxa M\u00e1xima de Bombeamento (m<sup>3<\/sup>\/h)<\/td>\n<td width=\"105\">\n<p style=\"text-align: center;\">20<\/p>\n<\/td>\n<td width=\"94\">\n<p style=\"text-align: center;\">24<\/p>\n<\/td>\n<td width=\"89\">63<\/td>\n<td width=\"81\">\n<p style=\"text-align: center;\">76<\/p>\n<\/td>\n<td width=\"76\">\n<p style=\"text-align: center;\">100<\/p>\n<\/td>\n<td width=\"94\">\n<p style=\"text-align: center;\">120<\/p>\n<\/td>\n<\/tr>\n<tr>\n<td width=\"28\">6<\/td>\n<td width=\"84\">N\u00edvel de Ru\u00eddo (dB)<\/td>\n<td width=\"105\">\n<p style=\"text-align: center;\">72<\/p>\n<\/td>\n<td width=\"94\">\n<p style=\"text-align: center;\">72<\/p>\n<\/td>\n<td width=\"89\">74<\/td>\n<td width=\"81\">\n<p style=\"text-align: center;\">76<\/p>\n<\/td>\n<td width=\"76\">\n<p style=\"text-align: center;\">74<\/p>\n<\/td>\n<td width=\"94\">\n<p style=\"text-align: center;\">76<\/p>\n<\/td>\n<\/tr>\n<tr>\n<td width=\"28\">7<\/td>\n<td width=\"84\">Volume de \u00d3leo (L)<\/td>\n<td width=\"105\">\n<p style=\"text-align: center;\">0.5<\/p>\n<\/td>\n<td width=\"94\">\n<p style=\"text-align: center;\">0.5<\/p>\n<\/td>\n<td width=\"89\">2<\/td>\n<td width=\"81\">\n<p style=\"text-align: center;\">2<\/p>\n<\/td>\n<td width=\"76\">\n<p style=\"text-align: center;\">2<\/p>\n<\/td>\n<td width=\"94\">\n<p style=\"text-align: center;\">2<\/p>\n<\/td>\n<\/tr>\n<tr>\n<td width=\"28\">8<\/td>\n<td width=\"84\">Peso (kg)<\/td>\n<td width=\"105\">\n<p style=\"text-align: center;\">21.9<\/p>\n<\/td>\n<td width=\"94\">\n<p style=\"text-align: center;\">21.9<\/p>\n<\/td>\n<td width=\"89\">61.6<\/td>\n<td width=\"81\">\n<p style=\"text-align: center;\">61.6<\/p>\n<\/td>\n<td width=\"76\">\n<p style=\"text-align: center;\">70<\/p>\n<\/td>\n<td width=\"94\">\n<p style=\"text-align: center;\">70<\/p>\n<\/td>\n<\/tr>\n<\/tbody>\n<\/table>\n"},{"tab_title":"Vantagens","tab_content":"<ul>\n<li>Instala\u00e7\u00e3o e manuten\u00e7\u00e3o simples;<\/li>\n<li>N\u00edvel de ru\u00eddo baixo;<\/li>\n<li>Baixo consumo de energia.<\/li>\n<\/ul>\n"}],"add_video_tab":null,"add_gallery_tab":null,"add_price_tab":null},"language":"pt-pt","_links":{"self":[{"href":"https:\/\/globecore.com\/pt-pt\/wp-json\/wp\/v2\/pages\/295401","targetHints":{"allow":["GET"]}}],"collection":[{"href":"https:\/\/globecore.com\/pt-pt\/wp-json\/wp\/v2\/pages"}],"about":[{"href":"https:\/\/globecore.com\/pt-pt\/wp-json\/wp\/v2\/types\/page"}],"author":[{"embeddable":true,"href":"https:\/\/globecore.com\/pt-pt\/wp-json\/wp\/v2\/users\/7"}],"replies":[{"embeddable":true,"href":"https:\/\/globecore.com\/pt-pt\/wp-json\/wp\/v2\/comments?post=295401"}],"version-history":[{"count":0,"href":"https:\/\/globecore.com\/pt-pt\/wp-json\/wp\/v2\/pages\/295401\/revisions"}],"up":[{"embeddable":true,"href":"https:\/\/globecore.com\/pt-pt\/wp-json\/wp\/v2\/pages\/295413"}],"wp:featuredmedia":[{"embeddable":true,"href":"https:\/\/globecore.com\/pt-pt\/wp-json\/wp\/v2\/media\/65156"}],"wp:attachment":[{"href":"https:\/\/globecore.com\/pt-pt\/wp-json\/wp\/v2\/media?parent=295401"}],"wp:term":[{"taxonomy":"category","embeddable":true,"href":"https:\/\/globecore.com\/pt-pt\/wp-json\/wp\/v2\/categories?post=295401"}],"curies":[{"name":"wp","href":"https:\/\/api.w.org\/{rel}","templated":true}]}}