{"id":295409,"date":"2022-08-25T11:11:39","date_gmt":"2022-08-25T11:11:39","guid":{"rendered":"https:\/\/globecore.com\/gc-roots-vacuum-pumps\/"},"modified":"2025-01-22T13:11:49","modified_gmt":"2025-01-22T13:11:49","slug":"gc-roots-vacuum-pumps","status":"publish","type":"page","link":"https:\/\/globecore.com\/pt-pt\/products\/acessorios\/vacuum-pumps\/gc-roots-vacuum-pumps\/","title":{"rendered":"Bombas de V\u00e1cuo GC Roots"},"content":{"rendered":"","protected":false},"excerpt":{"rendered":"","protected":false},"author":7,"featured_media":65142,"parent":295413,"menu_order":0,"comment_status":"closed","ping_status":"closed","template":"templates\/single-product.php","meta":{"_acf_changed":false,"_bbp_topic_count":0,"_bbp_reply_count":0,"_bbp_total_topic_count":0,"_bbp_total_reply_count":0,"_bbp_voice_count":0,"_bbp_anonymous_reply_count":0,"_bbp_topic_count_hidden":0,"_bbp_reply_count_hidden":0,"_bbp_forum_subforum_count":0,"footnotes":""},"categories":[2573],"class_list":["post-295409","page","type-page","status-publish","has-post-thumbnail","hentry","category-acessorios","oil_type-oleo-para-transformadores","process_type-enchimento"],"acf":{"add_tab":[{"tab_title":"Descri\u00e7\u00e3o","tab_content":"As bombas de v\u00e1cuo GC Roots s\u00e3o projetadas para criar v\u00e1cuos de alta e m\u00e9dia intensidade. O princ\u00edpio de funcionamento da bomba Roots \u00e9 baseado na admiss\u00e3o e exaust\u00e3o de g\u00e1s devido \u00e0 rota\u00e7\u00e3o de dois rotores dentro da bomba. A bomba Roots n\u00e3o pode descarregar g\u00e1s diretamente na atmosfera; portanto, \u00e9 normalmente usada em conjunto com uma bomba de apoio.\r\n\r\nAlgumas aplica\u00e7\u00f5es potenciais para as bombas Roots incluem:\r\n\u2022 Remo\u00e7\u00e3o de g\u00e1s por v\u00e1cuo\r\n\u2022 Fus\u00e3o a v\u00e1cuo\r\n\u2022 Processamento a v\u00e1cuo de a\u00e7o fundido\r\n\u2022 Tratamento t\u00e9rmico a v\u00e1cuo na ind\u00fastria metal\u00fargica\r\n\u2022 Ind\u00fastria qu\u00edmica\r\n\u2022 Aplica\u00e7\u00f5es m\u00e9dicas\r\n\u2022 Produ\u00e7\u00e3o de alimentos\r\n\u2022 Fabrica\u00e7\u00e3o de motores, etc."}],"add_def_tab":[{"tab_title":"Especifica\u00e7\u00e3o","tab_content":"<table width=\"592\">\n<tbody>\n<tr>\n<td width=\"36\"><strong>\u2116<\/strong><\/td>\n<td colspan=\"2\" width=\"158\">\n<p style=\"text-align: center;\"><strong>Modelo<\/strong><\/p>\n<\/td>\n<td width=\"63\"><strong>\u00a0<\/strong><\/td>\n<td width=\"59\">\n<p style=\"text-align: center;\"><strong>GC-70<\/strong><\/p>\n<\/td>\n<td width=\"67\">\n<p style=\"text-align: center;\"><strong>GC-150<\/strong><\/p>\n<\/td>\n<td width=\"67\">\n<p style=\"text-align: center;\"><strong>GC-300<\/strong><\/p>\n<\/td>\n<td width=\"67\">\n<p style=\"text-align: center;\"><strong>GC-600<\/strong><\/p>\n<\/td>\n<td width=\"75\">\n<p style=\"text-align: center;\"><strong>GC-1200<\/strong><\/p>\n<\/td>\n<\/tr>\n<tr>\n<td rowspan=\"2\" width=\"36\">1<\/td>\n<td rowspan=\"2\" width=\"102\">Taxa Nominal da Bomba<\/td>\n<td width=\"56\">50 Hz<\/td>\n<td rowspan=\"2\" width=\"63\">\n<p style=\"text-align: center;\">m\u00b3\/hora<\/p>\n<\/td>\n<td width=\"59\">\n<p style=\"text-align: center;\">250<\/p>\n<\/td>\n<td width=\"67\">\n<p style=\"text-align: center;\">540<\/p>\n<\/td>\n<td width=\"67\">\n<p style=\"text-align: center;\">1080<\/p>\n<\/td>\n<td width=\"67\">\n<p style=\"text-align: center;\">2160<\/p>\n<\/td>\n<td width=\"75\">\n<p style=\"text-align: center;\">4320<\/p>\n<\/td>\n<\/tr>\n<tr>\n<td width=\"56\">60 Hz<\/td>\n<td width=\"59\">\n<p style=\"text-align: center;\">300<\/p>\n<\/td>\n<td width=\"67\">\n<p style=\"text-align: center;\">650<\/p>\n<\/td>\n<td width=\"67\">\n<p style=\"text-align: center;\">1300<\/p>\n<\/td>\n<td width=\"67\">\n<p style=\"text-align: center;\">2590<\/p>\n<\/td>\n<td width=\"75\">\n<p style=\"text-align: center;\">5200<\/p>\n<\/td>\n<\/tr>\n<tr>\n<td width=\"36\">2<\/td>\n<td colspan=\"2\" width=\"158\">Press\u00e3o Final<\/td>\n<td width=\"63\">\n<p style=\"text-align: center;\">Pa<\/p>\n<\/td>\n<td width=\"59\">\n<p style=\"text-align: center;\">3&#215;10<sup>-2<\/sup><\/p>\n<\/td>\n<td width=\"67\">\n<p style=\"text-align: center;\">3&#215;10<sup>-2<\/sup><\/p>\n<\/td>\n<td width=\"67\">\n<p style=\"text-align: center;\">3&#215;10<sup>-2<\/sup><\/p>\n<\/td>\n<td width=\"67\">\n<p style=\"text-align: center;\">3&#215;10<sup>-2<\/sup><\/p>\n<\/td>\n<td width=\"75\">\n<p style=\"text-align: center;\">3&#215;10<sup>-2<\/sup><\/p>\n<\/td>\n<\/tr>\n<tr>\n<td width=\"36\">3<\/td>\n<td colspan=\"2\" width=\"158\">Diferen\u00e7a de Press\u00e3o Permitida<\/td>\n<td width=\"63\">\n<p style=\"text-align: center;\">hPa<\/p>\n<\/td>\n<td width=\"59\">\n<p style=\"text-align: center;\">100<\/p>\n<\/td>\n<td width=\"67\">\n<p style=\"text-align: center;\">80<\/p>\n<\/td>\n<td width=\"67\">\n<p style=\"text-align: center;\">60<\/p>\n<\/td>\n<td width=\"67\">\n<p style=\"text-align: center;\">45<\/p>\n<\/td>\n<td width=\"75\">\n<p style=\"text-align: center;\">53<\/p>\n<\/td>\n<\/tr>\n<tr>\n<td width=\"36\">4<\/td>\n<td colspan=\"2\" width=\"158\">Faixa de Temperatura Ambiente<\/td>\n<td width=\"63\">\n<p style=\"text-align: center;\">\u00b0C<\/p>\n<\/td>\n<td width=\"59\">\n<p style=\"text-align: center;\">5-40<\/p>\n<\/td>\n<td width=\"67\">\n<p style=\"text-align: center;\">5-40<\/p>\n<\/td>\n<td width=\"67\">\n<p style=\"text-align: center;\">5-40<\/p>\n<\/td>\n<td width=\"67\">\n<p style=\"text-align: center;\">5-40<\/p>\n<\/td>\n<td width=\"75\">\n<p style=\"text-align: center;\">5-40<\/p>\n<\/td>\n<\/tr>\n<tr>\n<td width=\"36\">5<\/td>\n<td colspan=\"2\" width=\"158\">Tens\u00e3o do Motor, 50 Hz<\/td>\n<td width=\"63\">\n<p style=\"text-align: center;\">V<\/p>\n<\/td>\n<td width=\"59\">\n<p style=\"text-align: center;\">380<\/p>\n<\/td>\n<td width=\"67\">\n<p style=\"text-align: center;\">380<\/p>\n<\/td>\n<td width=\"67\">\n<p style=\"text-align: center;\">380<\/p>\n<\/td>\n<td width=\"67\">\n<p style=\"text-align: center;\">380<\/p>\n<\/td>\n<td width=\"75\">\n<p style=\"text-align: center;\">380<\/p>\n<\/td>\n<\/tr>\n<tr>\n<td width=\"36\">6<\/td>\n<td colspan=\"2\" width=\"158\">Pot\u00eancia do Motor, 50 Hz<\/td>\n<td width=\"63\">\n<p style=\"text-align: center;\">kW<\/p>\n<\/td>\n<td width=\"59\">\n<p style=\"text-align: center;\">1.1<\/p>\n<\/td>\n<td width=\"67\">\n<p style=\"text-align: center;\">2.2<\/p>\n<\/td>\n<td width=\"67\">\n<p style=\"text-align: center;\">4<\/p>\n<\/td>\n<td width=\"67\">\n<p style=\"text-align: center;\">7.5<\/p>\n<\/td>\n<td width=\"75\">\n<p style=\"text-align: center;\">11<\/p>\n<\/td>\n<\/tr>\n<tr>\n<td width=\"36\">7<\/td>\n<td colspan=\"2\" width=\"158\">Velocidade de Rota\u00e7\u00e3o, 50 Hz<\/td>\n<td width=\"63\">\n<p style=\"text-align: center;\">rpm<\/p>\n<\/td>\n<td width=\"59\">\n<p style=\"text-align: center;\">2825<\/p>\n<\/td>\n<td width=\"67\">\n<p style=\"text-align: center;\">2840<\/p>\n<\/td>\n<td width=\"67\">\n<p style=\"text-align: center;\">2890<\/p>\n<\/td>\n<td width=\"67\">\n<p style=\"text-align: center;\">2900<\/p>\n<\/td>\n<td width=\"75\">\n<p style=\"text-align: center;\">2900<\/p>\n<\/td>\n<\/tr>\n<tr>\n<td width=\"36\">8<\/td>\n<td colspan=\"2\" width=\"158\">Prote\u00e7\u00e3o<\/td>\n<td style=\"text-align: center;\" width=\"63\">IP<\/td>\n<td width=\"59\">\n<p style=\"text-align: center;\">44<\/p>\n<\/td>\n<td width=\"67\">\n<p style=\"text-align: center;\">44<\/p>\n<\/td>\n<td width=\"67\">\n<p style=\"text-align: center;\">44<\/p>\n<\/td>\n<td width=\"67\">\n<p style=\"text-align: center;\">44<\/p>\n<\/td>\n<td width=\"75\">\n<p style=\"text-align: center;\">44<\/p>\n<\/td>\n<\/tr>\n<tr>\n<td width=\"36\">9<\/td>\n<td colspan=\"2\" width=\"158\">Volume de \u00d3leo de Engrenagem<\/td>\n<td width=\"63\">\n<p style=\"text-align: center;\">L<\/p>\n<\/td>\n<td width=\"59\">\n<p style=\"text-align: center;\">0.8<\/p>\n<\/td>\n<td width=\"67\">\n<p style=\"text-align: center;\">2.8<\/p>\n<\/td>\n<td width=\"67\">\n<p style=\"text-align: center;\">2.8<\/p>\n<\/td>\n<td width=\"67\">\n<p style=\"text-align: center;\">7.5<\/p>\n<\/td>\n<td width=\"75\">\n<p style=\"text-align: center;\">7.5<\/p>\n<\/td>\n<\/tr>\n<tr>\n<td rowspan=\"2\" width=\"36\">10<\/td>\n<td rowspan=\"2\" width=\"102\">Di\u00e2metro da Flange Interna<\/td>\n<td style=\"text-align: center;\" width=\"56\">Entrada<\/td>\n<td rowspan=\"2\" width=\"63\">\n<p style=\"text-align: center;\">mm<\/p>\n<\/td>\n<td rowspan=\"2\" width=\"59\">\n<p style=\"text-align: center;\">80<\/p>\n<p style=\"text-align: center;\">50<\/p>\n<\/td>\n<td rowspan=\"2\" width=\"67\">\n<p style=\"text-align: center;\">100<\/p>\n<\/td>\n<td rowspan=\"2\" width=\"67\">\n<p style=\"text-align: center;\">150<\/p>\n<\/td>\n<td rowspan=\"2\" width=\"67\">\n<p style=\"text-align: center;\">200<\/p>\n<\/td>\n<td rowspan=\"2\" width=\"75\">\n<p style=\"text-align: center;\">250<\/p>\n<p style=\"text-align: center;\">200<\/p>\n<\/td>\n<\/tr>\n<tr>\n<td style=\"text-align: center;\" width=\"56\">Sa\u00edda<\/td>\n<\/tr>\n<tr>\n<td width=\"36\">11<\/td>\n<td colspan=\"2\" width=\"158\">Abastecimento de \u00c1gua de Resfriamento<\/td>\n<td width=\"63\">\n<p style=\"text-align: center;\">L\/hora<\/p>\n<\/td>\n<td width=\"59\">\n<p style=\"text-align: center;\">\/<\/p>\n<\/td>\n<td width=\"67\">\n<p style=\"text-align: center;\">\/<\/p>\n<\/td>\n<td width=\"67\">\n<p style=\"text-align: center;\">\/<\/p>\n<\/td>\n<td width=\"67\">\n<p style=\"text-align: center;\">\/<\/p>\n<\/td>\n<td width=\"75\">\n<p style=\"text-align: center;\">\/<\/p>\n<\/td>\n<\/tr>\n<tr>\n<td width=\"36\">12<\/td>\n<td colspan=\"2\" width=\"158\">Peso com Motor<\/td>\n<td width=\"63\">\n<p style=\"text-align: center;\">kg<\/p>\n<\/td>\n<td width=\"59\">\n<p style=\"text-align: center;\">80<\/p>\n<\/td>\n<td width=\"67\">\n<p style=\"text-align: center;\">180<\/p>\n<\/td>\n<td width=\"67\">\n<p style=\"text-align: center;\">245<\/p>\n<\/td>\n<td width=\"67\">\n<p style=\"text-align: center;\">575<\/p>\n<\/td>\n<td width=\"75\">\n<p style=\"text-align: center;\">800<\/p>\n<\/td>\n<\/tr>\n<tr>\n<td width=\"36\">13<\/td>\n<td colspan=\"2\" width=\"158\">Peso Embalado<\/td>\n<td width=\"63\">\n<p style=\"text-align: center;\">kg<\/p>\n<\/td>\n<td width=\"59\">\n<p style=\"text-align: center;\">110<\/p>\n<\/td>\n<td width=\"67\">\n<p style=\"text-align: center;\">240<\/p>\n<\/td>\n<td width=\"67\">\n<p style=\"text-align: center;\">315<\/p>\n<\/td>\n<td width=\"67\">\n<p style=\"text-align: center;\">660<\/p>\n<\/td>\n<td width=\"75\">\n<p style=\"text-align: center;\">950<\/p>\n<\/td>\n<\/tr>\n<\/tbody>\n<\/table>\n"},{"tab_title":"Vantagens","tab_content":"<ul>\n<li style=\"text-align: justify;\">O v\u00e1cuo elevado \u00e9 alcan\u00e7ado rapidamente;<\/li>\n<li style=\"text-align: justify;\">Alta taxa de bombeamento em uma ampla faixa de press\u00e3o (1-500 Pascal);<\/li>\n<li style=\"text-align: justify;\">A c\u00e2mara da bomba n\u00e3o cont\u00e9m lubrificantes;<\/li>\n<li style=\"text-align: justify;\">Opera\u00e7\u00e3o suave;<\/li>\n<li style=\"text-align: justify;\">Baixo n\u00edvel de ru\u00eddo;<\/li>\n<li style=\"text-align: justify;\">Alta taxa de evacua\u00e7\u00e3o;<\/li>\n<li style=\"text-align: justify;\">Baixo consumo de energia;<\/li>\n<li style=\"text-align: justify;\">Manuten\u00e7\u00e3o simples;<\/li>\n<li style=\"text-align: justify;\">Tamanho compacto.<\/li>\n<\/ul>\n"}],"add_video_tab":null,"add_gallery_tab":null,"add_price_tab":null},"language":"pt-pt","_links":{"self":[{"href":"https:\/\/globecore.com\/pt-pt\/wp-json\/wp\/v2\/pages\/295409","targetHints":{"allow":["GET"]}}],"collection":[{"href":"https:\/\/globecore.com\/pt-pt\/wp-json\/wp\/v2\/pages"}],"about":[{"href":"https:\/\/globecore.com\/pt-pt\/wp-json\/wp\/v2\/types\/page"}],"author":[{"embeddable":true,"href":"https:\/\/globecore.com\/pt-pt\/wp-json\/wp\/v2\/users\/7"}],"replies":[{"embeddable":true,"href":"https:\/\/globecore.com\/pt-pt\/wp-json\/wp\/v2\/comments?post=295409"}],"version-history":[{"count":0,"href":"https:\/\/globecore.com\/pt-pt\/wp-json\/wp\/v2\/pages\/295409\/revisions"}],"up":[{"embeddable":true,"href":"https:\/\/globecore.com\/pt-pt\/wp-json\/wp\/v2\/pages\/295413"}],"wp:featuredmedia":[{"embeddable":true,"href":"https:\/\/globecore.com\/pt-pt\/wp-json\/wp\/v2\/media\/65142"}],"wp:attachment":[{"href":"https:\/\/globecore.com\/pt-pt\/wp-json\/wp\/v2\/media?parent=295409"}],"wp:term":[{"taxonomy":"category","embeddable":true,"href":"https:\/\/globecore.com\/pt-pt\/wp-json\/wp\/v2\/categories?post=295409"}],"curies":[{"name":"wp","href":"https:\/\/api.w.org\/{rel}","templated":true}]}}