{"id":295415,"date":"2024-06-25T13:05:43","date_gmt":"2024-06-25T13:05:43","guid":{"rendered":"https:\/\/globecore.com\/fine-filter-with-filtration-coefficient-beta-4000\/"},"modified":"2026-02-17T09:31:40","modified_gmt":"2026-02-17T09:31:40","slug":"fine-filter-with-filtration-coefficient-beta-4000","status":"publish","type":"page","link":"https:\/\/globecore.com\/pt-pt\/products\/acessorios\/filters\/fine-filter-with-filtration-coefficient-beta-4000\/","title":{"rendered":"O filtro GC Fine com um fator de filtra\u00e7\u00e3o \u03b2 = 4000"},"content":{"rendered":"","protected":false},"excerpt":{"rendered":"<p>O filtro fino GC \u00e9 projetado para remover impurezas mec\u00e2nicas com um fator de filtra\u00e7\u00e3o \u03b2 = 4000. A precis\u00e3o do filtro pode ser selecionada em uma faixa nominal de 0,9 a 22 microns.<br \/>\nO filtro possui uma estrutura fechada composta pelo corpo inferior, inv\u00f3lucro tubular e tampa superior. Todas as partes do corpo est\u00e3o rigidamente seladas entre si. O elemento filtrante \u00e9 instalado no interior e selado com an\u00e9is de borracha.<\/p>\n","protected":false},"author":7,"featured_media":116486,"parent":295418,"menu_order":0,"comment_status":"closed","ping_status":"closed","template":"templates\/single-product.php","meta":{"_acf_changed":false,"_bbp_topic_count":0,"_bbp_reply_count":0,"_bbp_total_topic_count":0,"_bbp_total_reply_count":0,"_bbp_voice_count":0,"_bbp_anonymous_reply_count":0,"_bbp_topic_count_hidden":0,"_bbp_reply_count_hidden":0,"_bbp_forum_subforum_count":0,"footnotes":""},"categories":[2573],"class_list":["post-295415","page","type-page","status-publish","has-post-thumbnail","hentry","category-acessorios","oil_type-combustivel-diesel","oil_type-oleo-hidraulico","oil_type-oleo-industrial","oil_type-oleo-para-transformadores","process_type-filtragem"],"acf":{"add_tab":[{"tab_title":"Descri\u00e7\u00e3o","tab_content":"O filtro GC Fine \u00e9 projetado para remover impurezas mec\u00e2nicas com um fator de filtra\u00e7\u00e3o \u03b2 = 4000. A precis\u00e3o do filtro pode ser selecionada dentro de um intervalo nominal de 0,9 a 22 micr\u00f4metros.\r\n\r\nO filtro possui uma estrutura fechada composta pelo corpo inferior, casing tubular e tampa superior. Todas as partes do corpo s\u00e3o seladas firmemente entre si. O elemento filtrante \u00e9 instalado dentro e selado com an\u00e9is de borracha.\r\n\r\nO corpo inferior cont\u00e9m pontos de conex\u00e3o para as linhas de fluido contaminado e limpo. Tamb\u00e9m h\u00e1 tamp\u00f5es de drenagem localizados l\u00e1.\r\n\r\nA tampa superior cont\u00e9m um tamp\u00e3o de ventila\u00e7\u00e3o."}],"add_def_tab":[{"tab_title":"Especifica\u00e7\u00e3o","tab_content":"<table>\r\n<tbody>\r\n<tr>\r\n<td width=\"36\"><strong>#<\/strong><\/td>\r\n<td style=\"text-align: center;\" width=\"375\"><strong>Par\u00e2metro<\/strong><\/td>\r\n<td style=\"text-align: center;\" width=\"205\"><strong>Valor<\/strong><\/td>\r\n<\/tr>\r\n<tr>\r\n<td width=\"36\">1<\/td>\r\n<td width=\"375\">Capacidade de produ\u00e7\u00e3o, litros\/hora<\/td>\r\n<td style=\"text-align: center;\" width=\"205\">12000<\/td>\r\n<\/tr>\r\n<tr>\r\n<td width=\"36\">2<\/td>\r\n<td width=\"375\">Press\u00e3o m\u00e1xima, bar<\/td>\r\n<td style=\"text-align: center;\" width=\"205\">12<\/td>\r\n<\/tr>\r\n<tr>\r\n<td width=\"36\">3<\/td>\r\n<td width=\"375\">Material da estrutura<\/td>\r\n<td style=\"text-align: center;\" width=\"205\">A\u00e7o, ferro fundido<\/td>\r\n<\/tr>\r\n<tr>\r\n<td width=\"36\">4<\/td>\r\n<td width=\"375\">Temperatura do l\u00edquido filtrado, \u00b0C<\/td>\r\n<td style=\"text-align: center;\" width=\"205\">De -25 a +120<\/td>\r\n<\/tr>\r\n<tr>\r\n<td width=\"36\">5<\/td>\r\n<td width=\"375\">Conex\u00e3o de processo<\/td>\r\n<td style=\"text-align: center;\" width=\"205\">Flanges, \u00d830mm<\/td>\r\n<\/tr>\r\n<tr>\r\n<td width=\"36\">6<\/td>\r\n<td width=\"375\">Dimens\u00f5es, mm:<\/td>\r\n<td width=\"205\"><\/td>\r\n<\/tr>\r\n<tr>\r\n<td width=\"36\"><\/td>\r\n<td width=\"375\">\u2014 Altura<\/td>\r\n<td style=\"text-align: center;\" width=\"205\">1190<\/td>\r\n<\/tr>\r\n<tr>\r\n<td width=\"36\"><\/td>\r\n<td width=\"375\">\u2014 Largura<\/td>\r\n<td style=\"text-align: center;\" width=\"205\">240<\/td>\r\n<\/tr>\r\n<tr>\r\n<td width=\"36\"><\/td>\r\n<td width=\"375\">\u2014 Profundidade<\/td>\r\n<td style=\"text-align: center;\" width=\"205\">210<\/td>\r\n<\/tr>\r\n<tr>\r\n<td width=\"36\">7<\/td>\r\n<td width=\"375\">Peso, kg<\/td>\r\n<td style=\"text-align: center;\" width=\"205\">56<\/td>\r\n<\/tr>\r\n<\/tbody>\r\n<\/table>"},{"tab_title":"Vantagens","tab_content":"<ul>\r\n \t<li>Alta efici\u00eancia de filtra\u00e7\u00e3o;<\/li>\r\n \t<li>Alta precis\u00e3o de filtra\u00e7\u00e3o;<\/li>\r\n \t<li>Estrutura dur\u00e1vel.<\/li>\r\n<\/ul>"}],"add_video_tab":null,"add_gallery_tab":null,"add_price_tab":null},"language":"pt-pt","_links":{"self":[{"href":"https:\/\/globecore.com\/pt-pt\/wp-json\/wp\/v2\/pages\/295415","targetHints":{"allow":["GET"]}}],"collection":[{"href":"https:\/\/globecore.com\/pt-pt\/wp-json\/wp\/v2\/pages"}],"about":[{"href":"https:\/\/globecore.com\/pt-pt\/wp-json\/wp\/v2\/types\/page"}],"author":[{"embeddable":true,"href":"https:\/\/globecore.com\/pt-pt\/wp-json\/wp\/v2\/users\/7"}],"replies":[{"embeddable":true,"href":"https:\/\/globecore.com\/pt-pt\/wp-json\/wp\/v2\/comments?post=295415"}],"version-history":[{"count":1,"href":"https:\/\/globecore.com\/pt-pt\/wp-json\/wp\/v2\/pages\/295415\/revisions"}],"predecessor-version":[{"id":333661,"href":"https:\/\/globecore.com\/pt-pt\/wp-json\/wp\/v2\/pages\/295415\/revisions\/333661"}],"up":[{"embeddable":true,"href":"https:\/\/globecore.com\/pt-pt\/wp-json\/wp\/v2\/pages\/295418"}],"wp:featuredmedia":[{"embeddable":true,"href":"https:\/\/globecore.com\/pt-pt\/wp-json\/wp\/v2\/media\/116486"}],"wp:attachment":[{"href":"https:\/\/globecore.com\/pt-pt\/wp-json\/wp\/v2\/media?parent=295415"}],"wp:term":[{"taxonomy":"category","embeddable":true,"href":"https:\/\/globecore.com\/pt-pt\/wp-json\/wp\/v2\/categories?post=295415"}],"curies":[{"name":"wp","href":"https:\/\/api.w.org\/{rel}","templated":true}]}}