{"id":321782,"date":"2025-07-21T10:26:14","date_gmt":"2025-07-21T10:26:14","guid":{"rendered":"https:\/\/globecore.com\/products\/desgaseificacao-e-purificacao-de-oleo\/cmm-17-oil-degassing-plant\/"},"modified":"2026-03-06T07:41:47","modified_gmt":"2026-03-06T07:41:47","slug":"cmm-15-oil-degassing-plant","status":"publish","type":"page","link":"https:\/\/globecore.com\/pt-pt\/products\/desgaseificacao-e-purificacao-de-oleo\/cmm-15-oil-degassing-plant\/","title":{"rendered":"CMM-15 Unidade de desgaseifica\u00e7\u00e3o de \u00f3leo"},"content":{"rendered":"","protected":false},"excerpt":{"rendered":"<p>A planta CMM-15 \u00e9 projetada para desgasifica\u00e7\u00e3o, remo\u00e7\u00e3o de s\u00f3lidos e aquecimento de \u00f3leo para transformadores de pot\u00eancia com tens\u00f5es de at\u00e9 1.150\u202fkV. A unidade tem uma capacidade de processamento de 15.000 litros por hora. \u00c9 constru\u00edda como um sistema aut\u00f4nomo, com todos os componentes e conjuntos operacionais protegidos por pain\u00e9is met\u00e1licos e equipada com portas laterais e traseiras com molas a g\u00e1s para f\u00e1cil acesso.<\/p>\n","protected":false},"author":7,"featured_media":321783,"parent":17032,"menu_order":0,"comment_status":"closed","ping_status":"closed","template":"templates\/single-product.php","meta":{"_acf_changed":false,"_bbp_topic_count":0,"_bbp_reply_count":0,"_bbp_total_topic_count":0,"_bbp_total_reply_count":0,"_bbp_voice_count":0,"_bbp_anonymous_reply_count":0,"_bbp_topic_count_hidden":0,"_bbp_reply_count_hidden":0,"_bbp_forum_subforum_count":0,"footnotes":""},"categories":[1341],"class_list":["post-321782","page","type-page","status-publish","has-post-thumbnail","hentry","category-oil-maintenance-pt-pt","oil_type-fluido-dieletrico-fr3","oil_type-fluido-dieletrico-midel-7131","oil_type-fluido-resistente-ao-fogo-fyrquel","oil_type-oleo-de-silicone","oil_type-oleo-para-transformadores","oil_type-oleo-shell-diala","process_type-desgaseificacao","process_type-desidratacao","process_type-filtragem"],"acf":{"add_tab":[{"tab_title":"Descri\u00e7\u00e3o","tab_content":"<p style=\"text-align: justify;\">A planta CMM-15 \u00e9 projetada para desgaseifica\u00e7\u00e3o, remo\u00e7\u00e3o de s\u00f3lidos e aquecimento de \u00f3leo para transformadores de pot\u00eancia com tens\u00e3o de at\u00e9 1.150 kV. A capacidade de processamento da m\u00e1quina \u00e9 de 15.000 litros por hora.<\/p>\r\n<p style=\"text-align: justify;\">A planta CMM-15 \u00e9 constru\u00edda como uma unidade aut\u00f4noma, com todos os componentes e conjuntos operacionais protegidos por pain\u00e9is met\u00e1licos e portas laterais e traseiras com molas a g\u00e1s para f\u00e1cil abertura.<\/p>\r\n<p style=\"text-align: justify;\">A unidade consiste em uma c\u00e2mara de v\u00e1cuo, bombas de entrada e sa\u00edda de \u00f3leo, filtros grossos e finos, armadilha de \u00f3leo, aquecedor de \u00f3leo, tubula\u00e7\u00f5es com v\u00e1lvulas, se\u00e7\u00e3o de bomba de v\u00e1cuo e um painel de controle.<\/p>"}],"add_def_tab":[{"tab_title":"Par\u00e2metros","tab_content":"<table width=\"auto\">\r\n<tbody>\r\n<tr>\r\n<td width=\"29\"><strong>\u2116<\/strong><\/td>\r\n<td width=\"401\">\r\n<p style=\"text-align: center;\"><strong>Par\u00e2metro<\/strong><\/p>\r\n<\/td>\r\n<td width=\"214\">\r\n<p style=\"text-align: center;\"><strong>Valor<\/strong><\/p>\r\n<\/td>\r\n<\/tr>\r\n<tr>\r\n<td width=\"29\">1<\/td>\r\n<td width=\"401\">Capacidade (modo de desgasifica\u00e7\u00e3o, secagem e filtra\u00e7\u00e3o), m<sup>3<\/sup>\/hora (gpm)<\/td>\r\n<td width=\"214\">\r\n<p style=\"text-align: center;\">15 (66)<\/p>\r\n<\/td>\r\n<\/tr>\r\n<tr>\r\n<td width=\"29\">2<\/td>\r\n<td width=\"401\">Capacidade (modo de aquecimento e filtra\u00e7\u00e3o), m<sup>3<\/sup>\/hora (gpm)<\/td>\r\n<td width=\"214\">\r\n<p style=\"text-align: center;\">17 (74,84)<\/p>\r\n<\/td>\r\n<\/tr>\r\n<tr>\r\n<td width=\"29\">3<\/td>\r\n<td width=\"401\">Par\u00e2metros do \u00f3leo processado*:\r\n<ul>\r\n \t<li>teor volum\u00e9trico de g\u00e1s %, m\u00e1x.<\/li>\r\n \t<li>teor de umidade em massa, ppm, m\u00e1x.<\/li>\r\n \t<li>fina filtragem, micr\u00f4metros<\/li>\r\n<\/ul>\r\n<\/td>\r\n<td width=\"214\">\r\n<p style=\"text-align: center;\">0,1<\/p>\r\n<p style=\"text-align: center;\">10 ppm ou 5 ppm ou 5 ppm+ (opcionalmente)<\/p>\r\n<p style=\"text-align: center;\">1<\/p>\r\n<\/td>\r\n<\/tr>\r\n<tr>\r\n<td width=\"29\">4<\/td>\r\n<td width=\"401\">Temperatura do \u00f3leo na sa\u00edda no modo de aquecimento, \u00baC (\u00baF)<\/td>\r\n<td width=\"214\">\r\n<p style=\"text-align: center;\">90 (194)<\/p>\r\n<\/td>\r\n<\/tr>\r\n<tr>\r\n<td width=\"29\">5<\/td>\r\n<td width=\"401\">Press\u00e3o de sa\u00edda, MPa (psi)<\/td>\r\n<td width=\"214\">\r\n<p style=\"text-align: center;\">0,58 (0,4)<\/p>\r\n<\/td>\r\n<\/tr>\r\n<tr>\r\n<td width=\"29\">6<\/td>\r\n<td width=\"401\">Pot\u00eancia m\u00e1xima, kW<\/td>\r\n<td width=\"214\">\r\n<p style=\"text-align: center;\">205<\/p>\r\n<\/td>\r\n<\/tr>\r\n<tr>\r\n<td width=\"29\">7<\/td>\r\n<td width=\"401\">Press\u00e3o residual na c\u00e2mara de v\u00e1cuo durante a desgasifica\u00e7\u00e3o, Pa (psi)<\/td>\r\n<td width=\"214\">\r\n<p style=\"text-align: center;\">267 (0,039)<\/p>\r\n<\/td>\r\n<\/tr>\r\n<tr>\r\n<td width=\"29\">8<\/td>\r\n<td width=\"401\">Press\u00e3o residual na c\u00e2mara de v\u00e1cuo durante o teste de estanqueidade, Pa (psi)<\/td>\r\n<td width=\"214\">\r\n<p style=\"text-align: center;\">26,7 (0,0039)<\/p>\r\n<\/td>\r\n<\/tr>\r\n<tr>\r\n<td width=\"29\">9<\/td>\r\n<td width=\"401\">Par\u00e2metros da alimenta\u00e7\u00e3o el\u00e9trica<\/td>\r\n<td width=\"214\">\r\n<p style=\"text-align: center;\">Qualquer op\u00e7\u00e3o a pedido do cliente<\/p>\r\n<\/td>\r\n<\/tr>\r\n<tr>\r\n<td width=\"29\">10<\/td>\r\n<td width=\"401\">Dimens\u00f5es, mm (pol)<\/td>\r\n<td width=\"214\"><\/td>\r\n<\/tr>\r\n<tr>\r\n<td width=\"29\"><\/td>\r\n<td width=\"401\">\u2013 comprimento<\/td>\r\n<td width=\"214\">\r\n<p style=\"text-align: center;\">4.365 (172)<\/p>\r\n<\/td>\r\n<\/tr>\r\n<tr>\r\n<td width=\"29\"><\/td>\r\n<td width=\"401\">\u2013 altura<\/td>\r\n<td width=\"214\">\r\n<p style=\"text-align: center;\">2.270 (89)<\/p>\r\n<\/td>\r\n<\/tr>\r\n<tr>\r\n<td width=\"29\"><\/td>\r\n<td width=\"401\">\u2013 largura<\/td>\r\n<td width=\"214\">\r\n<p style=\"text-align: center;\">2.300 (91)<\/p>\r\n<\/td>\r\n<\/tr>\r\n<tr>\r\n<td width=\"29\">11<\/td>\r\n<td width=\"401\">Peso, kg (lbs)<\/td>\r\n<td width=\"214\">\r\n<p style=\"text-align: center;\">3.100 (6.834)<\/p>\r\n<\/td>\r\n<\/tr>\r\n<\/tbody>\r\n<\/table>\r\n<strong>Nota:<\/strong> * par\u00e2metros iniciais do \u00f3leo:\r\n<ul>\r\n \t<li>teor volum\u00e9trico de g\u00e1s \u2013 abaixo de 5%;<\/li>\r\n \t<li>teor de umidade em massa \u2013 abaixo de 0,1% (100 g\/ton);<\/li>\r\n \t<li>temperatura \u2013 acima de 0 \u00baC\/32 \u00baF.<\/li>\r\n<\/ul>\r\n**Todo equipamento vendido nos EUA \u00e9 projetado para operar com energia CA de 60 Hz."},{"tab_title":"Benef\u00edcios","tab_content":"<ul>\r\n \t<li style=\"text-align: justify;\">versatilidade;<\/li>\r\n \t<li style=\"text-align: justify;\">n\u00e3o h\u00e1 necessidade de usar adsorventes para secagem do \u00f3leo isolante;<\/li>\r\n \t<li style=\"text-align: justify;\">sem polui\u00e7\u00e3o do ar e sem gera\u00e7\u00e3o de res\u00edduos para descarte ou armazenamento;<\/li>\r\n \t<li style=\"text-align: justify;\">opera\u00e7\u00e3o e manuten\u00e7\u00e3o simples;<\/li>\r\n \t<li style=\"text-align: justify;\">melhor qualidade do \u00f3leo mesmo ap\u00f3s um ciclo de processamento;<\/li>\r\n \t<li style=\"text-align: justify;\">baixo consumo de energia;<\/li>\r\n \t<li style=\"text-align: justify;\">n\u00edveis baixos de ru\u00eddo.<\/li>\r\n<\/ul>"},{"tab_title":"Aplica\u00e7\u00e3o","tab_content":"[product_oil_types]"},{"tab_title":"Webinar","tab_content":"<div class=\"responsive-embed widescreen\">\r\n<div class=\"responsive-embed widescreen\">\r\n<div class=\"responsive-embed widescreen\">\r\n<div class=\"responsive-embed widescreen\"><iframe title=\"Manuten\u00e7\u00e3o dos transformadores de pot\u00eancia\" src=\"https:\/\/www.youtube.com\/embed\/RblXgV_sUy0?feature=oembed\" width=\"500\" height=\"281\" frameborder=\"0\" allowfullscreen=\"allowfullscreen\"><\/iframe><\/div>\r\n<\/div>\r\n<\/div>\r\n<\/div>"}],"add_video_tab":[{"video_tab_title":"Video","add_video_id":[{"video_id":"J-gNjDEq1Hc"},{"video_id":"9NUcIoMKuJQ"},{"video_id":"S0v7oeakhQs"}]}],"add_gallery_tab":null,"add_price_tab":null},"language":"pt-pt","_links":{"self":[{"href":"https:\/\/globecore.com\/pt-pt\/wp-json\/wp\/v2\/pages\/321782","targetHints":{"allow":["GET"]}}],"collection":[{"href":"https:\/\/globecore.com\/pt-pt\/wp-json\/wp\/v2\/pages"}],"about":[{"href":"https:\/\/globecore.com\/pt-pt\/wp-json\/wp\/v2\/types\/page"}],"author":[{"embeddable":true,"href":"https:\/\/globecore.com\/pt-pt\/wp-json\/wp\/v2\/users\/7"}],"replies":[{"embeddable":true,"href":"https:\/\/globecore.com\/pt-pt\/wp-json\/wp\/v2\/comments?post=321782"}],"version-history":[{"count":1,"href":"https:\/\/globecore.com\/pt-pt\/wp-json\/wp\/v2\/pages\/321782\/revisions"}],"predecessor-version":[{"id":336049,"href":"https:\/\/globecore.com\/pt-pt\/wp-json\/wp\/v2\/pages\/321782\/revisions\/336049"}],"up":[{"embeddable":true,"href":"https:\/\/globecore.com\/pt-pt\/wp-json\/wp\/v2\/pages\/17032"}],"wp:featuredmedia":[{"embeddable":true,"href":"https:\/\/globecore.com\/pt-pt\/wp-json\/wp\/v2\/media\/321783"}],"wp:attachment":[{"href":"https:\/\/globecore.com\/pt-pt\/wp-json\/wp\/v2\/media?parent=321782"}],"wp:term":[{"taxonomy":"category","embeddable":true,"href":"https:\/\/globecore.com\/pt-pt\/wp-json\/wp\/v2\/categories?post=321782"}],"curies":[{"name":"wp","href":"https:\/\/api.w.org\/{rel}","templated":true}]}}