{"id":32319,"date":"2020-07-01T17:09:03","date_gmt":"2020-07-01T17:09:03","guid":{"rendered":"https:\/\/globecore.com\/products\/instruments\/toet-transformer-oil-express-tester\/"},"modified":"2026-03-06T12:37:44","modified_gmt":"2026-03-06T12:37:44","slug":"toet-transformer-oil-express-tester","status":"publish","type":"page","link":"https:\/\/globecore.com\/pt-pt\/products\/instrumentospt\/toet-transformer-oil-express-tester\/","title":{"rendered":"TOR-1 Medidor de umidade do \u00f3leo"},"content":{"rendered":"","protected":false},"excerpt":{"rendered":"<p>O TOR-1 \u00e9 um dispositivo projetado para a determina\u00e7\u00e3o r\u00e1pida e precisa da fra\u00e7\u00e3o m\u00e1ssica de \u00e1gua em \u00f3leos isolantes, mesmo em n\u00edveis muito baixos. Sua alta velocidade e precis\u00e3o de medi\u00e7\u00e3o tornam o TOR-1 uma solu\u00e7\u00e3o ideal para o monitoramento regular in loco do teor de umidade em \u00f3leos de transformadores, garantindo controle confi\u00e1vel durante a opera\u00e7\u00e3o. O dispositivo mede a atividade da \u00e1gua e a temperatura, e calcula o conte\u00fado absoluto de \u00e1gua em ppm.<\/p>\n","protected":false},"author":7,"featured_media":320478,"parent":32199,"menu_order":0,"comment_status":"closed","ping_status":"closed","template":"templates\/single-product.php","meta":{"_acf_changed":false,"_bbp_topic_count":0,"_bbp_reply_count":0,"_bbp_total_topic_count":0,"_bbp_total_reply_count":0,"_bbp_voice_count":0,"_bbp_anonymous_reply_count":0,"_bbp_topic_count_hidden":0,"_bbp_reply_count_hidden":0,"_bbp_forum_subforum_count":0,"footnotes":""},"categories":[1684],"class_list":["post-32319","page","type-page","status-publish","has-post-thumbnail","hentry","category-instruments-pt-pt","oil_type-combustivel-diesel","oil_type-oleo-hidraulico","oil_type-oleo-industrial","oil_type-oleo-para-transformadores","process_type-teste-de-humidade"],"acf":{"add_tab":[{"tab_title":"Descri\u00e7\u00e3o","tab_content":"<p style=\"text-align: justify;\">O dispositivo de medi\u00e7\u00e3o para \u00f3leo de transformador TOR-1 foi projetado para determinar a fra\u00e7\u00e3o m\u00e1ssica de \u00e1gua dissolvida em \u00f3leos minerais isolantes, cuja viscosidade a uma temperatura de 50\u00b0C n\u00e3o excede 70 cSt.<\/p>\r\n<p style=\"text-align: justify;\">Ao trabalhar com este dispositivo, deve-se levar em considera\u00e7\u00e3o que o testador \u00e9 apenas um guia para uma r\u00e1pida determina\u00e7\u00e3o do teor de umidade, para a an\u00e1lise final, voc\u00ea deve entrar em contato com um laborat\u00f3rio certificado.<\/p>\r\n<p style=\"text-align: justify;\">Testes laboratoriais padr\u00e3o levam, na melhor das hip\u00f3teses, um dia e exigem muitos recursos humanos e financeiros. O uso do TOR-1 permite diagnosticar rapidamente o \u00f3leo do transformador e tomar uma decis\u00e3o r\u00e1pida no campo pr\u00f3ximo ao transformador.<\/p>\r\n\r\n<h2 style=\"text-align: center;\">Composi\u00e7\u00e3o do dispositivo TOR-1<\/h2>\r\n<ul style=\"text-align: justify;\">\r\n \t<li aria-level=\"1\">O dispositivo combina todos os dispositivos necess\u00e1rios para uma opera\u00e7\u00e3o simples e conveniente:<\/li>\r\n \t<li aria-level=\"1\">Painel LCD para indica\u00e7\u00e3o do teor de umidade do \u00f3leo testado;<\/li>\r\n \t<li aria-level=\"1\">copo de armazenamento para o \u00f3leo testado;<\/li>\r\n \t<li aria-level=\"1\">sensor de umidade para determina\u00e7\u00e3o da fra\u00e7\u00e3o m\u00e1ssica de umidade em \u00f3leos lubrificantes e isolantes;<\/li>\r\n \t<li aria-level=\"1\">impressora para imprimir os resultados do teste em papel.<\/li>\r\n<\/ul>\r\n<h2 style=\"text-align: center;\">Princ\u00edpio da Opera\u00e7\u00e3o<\/h2>\r\n<p style=\"text-align: justify;\">A medi\u00e7\u00e3o da umidade no \u00f3leo \u00e9 semelhante \u00e0 medi\u00e7\u00e3o da umidade no ar. O teor de \u00e1gua do \u00f3leo pode ser descrito como um valor absoluto em ppm ou como um valor relativo aw:<\/p>\r\n\r\n<ul>\r\n \t<li style=\"text-align: justify;\">ppm \u00e9 a raz\u00e3o entre a massa de umidade e a massa de \u00f3leo;<\/li>\r\n \t<li style=\"text-align: justify;\">aw \u00e9 o teor de umidade real como porcentagem de \u00f3leo totalmente saturado.<\/li>\r\n<\/ul>\r\n<p style=\"text-align: justify;\">O valor aw=0 corresponde ao \u00f3leo sem \u00e1gua, enquanto aw=1 corresponde ao \u00f3leo totalmente saturado com umidade.<\/p>\r\n<p style=\"text-align: justify;\">O instrumento mede aw usando um sensor capacitivo que fornece estabilidade a longo prazo e excelente resist\u00eancia \u00e0 contamina\u00e7\u00e3o. As grandezas f\u00edsicas medidas s\u00e3o a atividade da \u00e1gua aw e a temperatura T. Usando essas grandezas, o testador expresso calcula o teor de umidade (ppm) no \u00f3leo mineral de transformador. O c\u00e1lculo do teor de \u00e1gua de \u00f3leos de transformadores n\u00e3o minerais e \u00f3leos lubrificantes pode ser realizado inserindo os par\u00e2metros espec\u00edficos desses \u00f3leos. Os valores medidos e calculados est\u00e3o dispon\u00edveis em duas sa\u00eddas anal\u00f3gicas livremente escal\u00e1veis \u200b\u200be configur\u00e1veis.<\/p>"}],"add_def_tab":[{"tab_title":"Especifica\u00e7\u00f5es","tab_content":"<table>\r\n<tbody>\r\n<tr>\r\n<td width=\"56\"><strong>\u2116<\/strong><\/td>\r\n<td width=\"378\">\r\n<p style=\"text-align: center;\"><strong>Nome do par\u00e2metro<\/strong><\/p>\r\n<\/td>\r\n<td width=\"207\">\r\n<p style=\"text-align: center;\"><strong>Valores<\/strong><\/p>\r\n<\/td>\r\n<\/tr>\r\n<tr>\r\n<td width=\"56\">1.<\/td>\r\n<td width=\"378\">Faixa de opera\u00e7\u00e3o, aw (atividade da \u00e1gua (aw))<\/td>\r\n<td width=\"207\">\r\n<p style=\"text-align: center;\">0\u20261<\/p>\r\n<\/td>\r\n<\/tr>\r\n<tr>\r\n<td width=\"56\">2.<\/td>\r\n<td width=\"378\">Faixa de trabalho de medi\u00e7\u00e3o do teor de \u00e1gua dissolvida, ppm<\/td>\r\n<td width=\"207\">\r\n<p style=\"text-align: center;\">0\u2026.500<\/p>\r\n<\/td>\r\n<\/tr>\r\n<tr>\r\n<td width=\"56\">3.<\/td>\r\n<td width=\"378\">Precis\u00e3o a 20 \u00b0C<\/td>\r\n<td width=\"207\">\r\n<p style=\"text-align: center;\">\u00b10.02 aw (0\u20260.9 aw) \u00b10.03 aw (0.9\u20261 aw)<\/p>\r\n<\/td>\r\n<\/tr>\r\n<tr>\r\n<td width=\"56\">4.<\/td>\r\n<td width=\"378\">Medi\u00e7\u00e3o de temperatura<\/td>\r\n<td width=\"207\">\r\n<p style=\"text-align: center;\">sim<\/p>\r\n<\/td>\r\n<\/tr>\r\n<tr>\r\n<td width=\"56\">5.<\/td>\r\n<td width=\"378\">Temperatura do ambiente de trabalho, \u00b0\u0421<\/td>\r\n<td width=\"207\">\r\n<p style=\"text-align: center;\">0\u202655<\/p>\r\n<\/td>\r\n<\/tr>\r\n<tr>\r\n<td width=\"56\">6.<\/td>\r\n<td width=\"378\">Pot\u00eancia instalada, W<\/td>\r\n<td width=\"207\">\r\n<p style=\"text-align: center;\">10<\/p>\r\n<\/td>\r\n<\/tr>\r\n<tr>\r\n<td width=\"56\">7.<\/td>\r\n<td width=\"378\">Tens\u00e3o de alimenta\u00e7\u00e3o de uma rede CA monof\u00e1sica com uma frequ\u00eancia de 50 Hz, V<\/td>\r\n<td width=\"207\">\r\n<p style=\"text-align: center;\">220<\/p>\r\n<\/td>\r\n<\/tr>\r\n<tr>\r\n<td width=\"56\">8.<\/td>\r\n<td width=\"378\">Dimens\u00f5es totais, mm n\u00e3o mais\r\n\r\n\u2013 comprimento\r\n\r\n\u2013 largura\r\n\r\n\u2013 altura<\/td>\r\n<td width=\"207\">&nbsp;\r\n<p style=\"text-align: center;\">190<\/p>\r\n<p style=\"text-align: center;\">255<\/p>\r\n<p style=\"text-align: center;\">365<\/p>\r\n<\/td>\r\n<\/tr>\r\n<tr>\r\n<td width=\"56\">9.<\/td>\r\n<td width=\"378\">Peso, kg n\u00e3o mais<\/td>\r\n<td width=\"207\">\r\n<p style=\"text-align: center;\">6<\/p>\r\n<\/td>\r\n<\/tr>\r\n<\/tbody>\r\n<\/table>"},{"tab_title":"Benef\u00edcios","tab_content":"<ul>\r\n \t<li style=\"text-align: justify;\" aria-level=\"1\">compacidade;<\/li>\r\n \t<li style=\"text-align: justify;\" aria-level=\"1\">facilidade de uso: para trocar a amostra, basta trocar o vidro remov\u00edvel e pressionar o bot\u00e3o \u201cIniciar\u201d para iniciar a medi\u00e7\u00e3o;<\/li>\r\n \t<li style=\"text-align: justify;\" aria-level=\"1\">multifuncionalidade;<\/li>\r\n \t<li style=\"text-align: justify;\" aria-level=\"1\">funciona sem um computador pessoal;<\/li>\r\n \t<li style=\"text-align: justify;\" aria-level=\"1\">pode ser usado para testes de \u00f3leo em campo pr\u00f3ximo ao transformador devido a um grau de prote\u00e7\u00e3o suficiente (bot\u00f5es met\u00e1licos resistentes a vandalismo, prote\u00e7\u00e3o de elementos sens\u00edveis, prote\u00e7\u00e3o integrada de equipamentos el\u00e9tricos) e uma fonte de alimenta\u00e7\u00e3o estabilizada;<\/li>\r\n \t<li style=\"text-align: justify;\" aria-level=\"1\">os resultados da medi\u00e7\u00e3o podem ser impressos na impressora embutida.<\/li>\r\n<\/ul>"},{"tab_title":"Aplica\u00e7\u00e3o","tab_content":"[product_oil_types]"},{"tab_title":"Webinar","tab_content":"<div class=\"responsive-embed widescreen\">\r\n<div class=\"responsive-embed widescreen\">\r\n<div class=\"responsive-embed widescreen\">\r\n<div class=\"responsive-embed widescreen\"><iframe title=\"Medi\u00e7\u00e3o de hidrog\u00eanio e umidade no \u00f3leo do transformador.\" src=\"https:\/\/www.youtube.com\/embed\/2IzuLpL1QeY?feature=oembed\" width=\"500\" height=\"281\" frameborder=\"0\" allowfullscreen=\"allowfullscreen\"><\/iframe><\/div>\r\n<\/div>\r\n<\/div>\r\n<\/div>"}],"add_video_tab":[{"video_tab_title":"Video","add_video_id":[{"video_id":"II_bKuoBEto"},{"video_id":"aoVKeCKHjCU"},{"video_id":"GQuLmCdZp4o"},{"video_id":"AOMQxuO8zlY"}]}],"add_gallery_tab":[{"gallery_tab_title":"Foto","add_img":[102374,102386,102398,102410]}],"add_price_tab":[{"price_tab_title":"Get a quote"}]},"language":"pt-pt","_links":{"self":[{"href":"https:\/\/globecore.com\/pt-pt\/wp-json\/wp\/v2\/pages\/32319","targetHints":{"allow":["GET"]}}],"collection":[{"href":"https:\/\/globecore.com\/pt-pt\/wp-json\/wp\/v2\/pages"}],"about":[{"href":"https:\/\/globecore.com\/pt-pt\/wp-json\/wp\/v2\/types\/page"}],"author":[{"embeddable":true,"href":"https:\/\/globecore.com\/pt-pt\/wp-json\/wp\/v2\/users\/7"}],"replies":[{"embeddable":true,"href":"https:\/\/globecore.com\/pt-pt\/wp-json\/wp\/v2\/comments?post=32319"}],"version-history":[{"count":1,"href":"https:\/\/globecore.com\/pt-pt\/wp-json\/wp\/v2\/pages\/32319\/revisions"}],"predecessor-version":[{"id":336179,"href":"https:\/\/globecore.com\/pt-pt\/wp-json\/wp\/v2\/pages\/32319\/revisions\/336179"}],"up":[{"embeddable":true,"href":"https:\/\/globecore.com\/pt-pt\/wp-json\/wp\/v2\/pages\/32199"}],"wp:featuredmedia":[{"embeddable":true,"href":"https:\/\/globecore.com\/pt-pt\/wp-json\/wp\/v2\/media\/320478"}],"wp:attachment":[{"href":"https:\/\/globecore.com\/pt-pt\/wp-json\/wp\/v2\/media?parent=32319"}],"wp:term":[{"taxonomy":"category","embeddable":true,"href":"https:\/\/globecore.com\/pt-pt\/wp-json\/wp\/v2\/categories?post=32319"}],"curies":[{"name":"wp","href":"https:\/\/api.w.org\/{rel}","templated":true}]}}