{"id":32413,"date":"2020-12-24T13:11:48","date_gmt":"2020-12-24T13:11:48","guid":{"rendered":"https:\/\/globecore.com\/products\/instruments\/toet-2-tester-for-moisture-and-hydrogen-content-measurement-in-transformer-oil\/"},"modified":"2026-03-06T13:26:01","modified_gmt":"2026-03-06T13:26:01","slug":"toet-2-tester-for-moisture-and-hydrogen-content-measurement-in-transformer-oil","status":"publish","type":"page","link":"https:\/\/globecore.com\/pt-pt\/products\/instrumentospt\/toet-2-tester-for-moisture-and-hydrogen-content-measurement-in-transformer-oil\/","title":{"rendered":"TOR-2 Analisador de hidrog\u00eanio e umidade para monitoramento de \u00f3leo de transformador"},"content":{"rendered":"","protected":false},"excerpt":{"rendered":"<p>O TOR-2 \u00e9 um testador expresso de \u00f3leo para transformadores projetado para medir o teor de umidade e hidrog\u00eanio em \u00f3leos isolantes minerais e \u00e0 base de \u00e9ter. O monitoramento cont\u00ednuo do hidrog\u00eanio permite a detec\u00e7\u00e3o precoce de poss\u00edveis danos ao transformador, ajudando a prevenir falhas. A umidade e o hidrog\u00eanio s\u00e3o medidos em partes por milh\u00e3o (ppm), e a presen\u00e7a de outros gases no \u00f3leo n\u00e3o afeta a precis\u00e3o da medi\u00e7\u00e3o. Sua alta velocidade de medi\u00e7\u00e3o torna o TOR-2 uma solu\u00e7\u00e3o ideal para o monitoramento regular in loco do teor de umidade em \u00f3leos de transformadores.<\/p>\n","protected":false},"author":7,"featured_media":129724,"parent":32199,"menu_order":0,"comment_status":"closed","ping_status":"closed","template":"templates\/single-product.php","meta":{"_acf_changed":false,"_bbp_topic_count":0,"_bbp_reply_count":0,"_bbp_total_topic_count":0,"_bbp_total_reply_count":0,"_bbp_voice_count":0,"_bbp_anonymous_reply_count":0,"_bbp_topic_count_hidden":0,"_bbp_reply_count_hidden":0,"_bbp_forum_subforum_count":0,"footnotes":""},"categories":[1684],"class_list":["post-32413","page","type-page","status-publish","has-post-thumbnail","hentry","category-instruments-pt-pt","oil_type-combustivel-diesel","oil_type-oleo-hidraulico","oil_type-oleo-industrial","oil_type-oleo-para-transformadores","process_type-teste-de-hidrogenio","process_type-teste-de-humidade"],"acf":{"add_tab":[{"tab_title":"Descri\u00e7\u00e3o","tab_content":"<p style=\"text-align: justify;\">O testador expresso de \u00f3leo de transformador TOR-2 \u00e9 projetado para determinar a umidade e o conte\u00fado de hidrog\u00eanio em \u00f3leos minerais isolantes e \u00f3leos isolantes \u00e0 base de \u00e9ter. O teor de umidade e hidrog\u00eanio \u00e9 medido em partes por milh\u00e3o (ppm).<\/p>\r\n<p style=\"text-align: justify;\">Conhecendo o teor de hidrog\u00eanio e umidade no \u00f3leo, bem como a taxa de sua mudan\u00e7a, \u00e9 poss\u00edvel determinar com anteced\u00eancia os defeitos que se desenvolvem no transformador e tomar medidas oportunas para evitar danos ao transformador.<\/p>\r\n\r\n<h2 style=\"text-align: center;\">Medi\u00e7\u00e3o do teor de umidade<\/h2>\r\n<p style=\"text-align: justify;\">O aparelho mede a atividade da \u00e1gua por meio de um sensor capacitivo, que garante estabilidade ao longo do tempo e n\u00e3o \u00e9 afetado por contamina\u00e7\u00f5es. A temperatura do \u00f3leo tamb\u00e9m \u00e9 medida. O teor de umidade \u00e9 calculado a partir dessas medi\u00e7\u00f5es.<\/p>\r\n\r\n<h2 style=\"text-align: center;\">Medi\u00e7\u00e3o do teor de hidrog\u00eanio<\/h2>\r\n<p style=\"text-align: justify;\">Um sensor de estado s\u00f3lido altamente seletivo imerso diretamente em \u00f3leo \u00e9 usado para medir o conte\u00fado de hidrog\u00eanio. O sensor garante a precis\u00e3o e confiabilidade das medi\u00e7\u00f5es diretas. A baixa solubilidade do hidrog\u00eanio no \u00f3leo e sua alta capacidade de difus\u00e3o facilitam a detec\u00e7\u00e3o em baixas concentra\u00e7\u00f5es, possibilitando detectar a presen\u00e7a de defeito no transformador.<\/p>"}],"add_def_tab":[{"tab_title":"Especifica\u00e7\u00f5es","tab_content":"<table>\r\n<tbody>\r\n<tr>\r\n<td><b>\u2116<\/b><\/td>\r\n<td>\r\n<p style=\"text-align: center;\"><b>Nome do par\u00e2metro<\/b><\/p>\r\n<\/td>\r\n<td>\r\n<p style=\"text-align: center;\"><b>Valor<\/b><\/p>\r\n<\/td>\r\n<\/tr>\r\n<tr>\r\n<td colspan=\"3\">Caracter\u00edsticas de medi\u00e7\u00e3o de umidade<\/td>\r\n<\/tr>\r\n<tr>\r\n<td>1<\/td>\r\n<td>\r\n<p style=\"text-align: left;\">Faixa de trabalho aw (atividade de \u00e1gua (aw))<\/p>\r\n<\/td>\r\n<td>\r\n<p style=\"text-align: center;\">0\u20261<\/p>\r\n<\/td>\r\n<\/tr>\r\n<tr>\r\n<td>2<\/td>\r\n<td>\r\n<p style=\"text-align: left;\">Precis\u00e3o a 20 \u00b0 C (68 \u00b0 F)<\/p>\r\n<\/td>\r\n<td>\r\n<p style=\"text-align: center;\">\u00b10.02 aw (0\u20260.9 aw) \u00b10.03 aw (0.9\u20261 aw)<\/p>\r\n<\/td>\r\n<\/tr>\r\n<tr>\r\n<td>3<\/td>\r\n<td>\r\n<p style=\"text-align: left;\">Medi\u00e7\u00e3o de temperatura<\/p>\r\n<\/td>\r\n<td>\r\n<p style=\"text-align: center;\">sim<\/p>\r\n<\/td>\r\n<\/tr>\r\n<tr>\r\n<td>4<\/td>\r\n<td>\r\n<p style=\"text-align: left;\">Temperatura do ambiente de trabalho, \u00b0 \u0421 (\u00b0 F)<\/p>\r\n<\/td>\r\n<td>\r\n<p style=\"text-align: center;\">0\u202655 (32\u2026 131)<\/p>\r\n<\/td>\r\n<\/tr>\r\n<tr>\r\n<td colspan=\"3\">Caracter\u00edsticas de medi\u00e7\u00e3o de hidrog\u00eanio<\/td>\r\n<\/tr>\r\n<tr>\r\n<td>6<\/td>\r\n<td>\r\n<p style=\"text-align: left;\">Faixa de medi\u00e7\u00e3o, ppm<\/p>\r\n<\/td>\r\n<td>\r\n<p style=\"text-align: center;\">25-5000<\/p>\r\n<\/td>\r\n<\/tr>\r\n<tr>\r\n<td>7<\/td>\r\n<td>\r\n<p style=\"text-align: left;\">Precis\u00e3o<\/p>\r\n<\/td>\r\n<td>\r\n<p style=\"text-align: center;\">20% da leitura ou 25 ppm<\/p>\r\n<\/td>\r\n<\/tr>\r\n<tr>\r\n<td>8<\/td>\r\n<td>\r\n<p style=\"text-align: left;\">Repetibilidade<\/p>\r\n<\/td>\r\n<td>\r\n<p style=\"text-align: center;\">10% da leitura ou 15 ppm<\/p>\r\n<\/td>\r\n<\/tr>\r\n<tr>\r\n<td>9<\/td>\r\n<td>\r\n<p style=\"text-align: left;\">Tempo de resposta<\/p>\r\n<\/td>\r\n<td>\r\n<p style=\"text-align: center;\">&lt;60 min (mudan\u00e7a de 90% da etapa)<\/p>\r\n<\/td>\r\n<\/tr>\r\n<tr>\r\n<td>10<\/td>\r\n<td>\r\n<p style=\"text-align: left;\">Sensibilidade Cruzada:<\/p>\r\n<\/td>\r\n<td>\r\n<p style=\"text-align: center;\">Sensibilidade cruzada inferior a 2% para outros gases (CO, CO2, hidrocarbonetos)<\/p>\r\n<\/td>\r\n<\/tr>\r\n<tr>\r\n<td>11<\/td>\r\n<td>\r\n<p style=\"text-align: left;\">Temperatura do ambiente de trabalho, \u00b0 \u0421 (\u00b0 F)<\/p>\r\n<\/td>\r\n<td>\r\n<p style=\"text-align: center;\">0\u202655 (32\u2026 131)<\/p>\r\n<\/td>\r\n<\/tr>\r\n<tr>\r\n<td>13<\/td>\r\n<td>\r\n<p style=\"text-align: left;\">Pot\u00eancia instalada, W<\/p>\r\n<\/td>\r\n<td>\r\n<p style=\"text-align: center;\">60<\/p>\r\n<\/td>\r\n<\/tr>\r\n<tr>\r\n<td>14<\/td>\r\n<td>\r\n<p style=\"text-align: left;\">Tens\u00e3o de alimenta\u00e7\u00e3o de uma rede CA monof\u00e1sica com uma frequ\u00eancia de 50 Hz, V<\/p>\r\n<\/td>\r\n<td>\r\n<p style=\"text-align: center;\">220<\/p>\r\n<\/td>\r\n<\/tr>\r\n<tr>\r\n<td>15<\/td>\r\n<td>\r\n<p style=\"text-align: left;\">Dimens\u00f5es gerais, mm (pol.) N\u00e3o mais<\/p>\r\n<p style=\"text-align: left;\">\u2013 comprimento<\/p>\r\n<p style=\"text-align: left;\">\u2013 largura<\/p>\r\n<p style=\"text-align: left;\">\u2013 altura<\/p>\r\n<\/td>\r\n<td>&nbsp;\r\n<p style=\"text-align: center;\">190 (7)<\/p>\r\n<p style=\"text-align: center;\">255 (10)<\/p>\r\n<p style=\"text-align: center;\">365 (14)<\/p>\r\n<\/td>\r\n<\/tr>\r\n<tr>\r\n<td>16<\/td>\r\n<td>\r\n<p style=\"text-align: left;\">Peso, kg (lbs) n\u00e3o mais<\/p>\r\n<\/td>\r\n<td>\r\n<p style=\"text-align: center;\">5,5 (14)<\/p>\r\n<\/td>\r\n<\/tr>\r\n<\/tbody>\r\n<\/table>"},{"tab_title":"Benef\u00edcios","tab_content":"<ul>\r\n \t<li style=\"text-align: justify;\">determina\u00e7\u00e3o de umidade e hidrog\u00eanio mesmo em pequenas quantidades;<\/li>\r\n \t<li style=\"text-align: justify;\">O monitoramento cont\u00ednuo do conte\u00fado de hidrog\u00eanio fornece informa\u00e7\u00f5es confi\u00e1veis \u200b\u200bsobre danos incipientes que podem levar \u00e0 falha do transformador;<\/li>\r\n \t<li style=\"text-align: justify;\">compacidade;<\/li>\r\n \t<li style=\"text-align: justify;\">simplicidade no trabalho (para trocar a amostra basta trocar o recipiente remov\u00edvel e pressionar o bot\u00e3o \u201cIniciar\u201d para iniciar a medi\u00e7\u00e3o);<\/li>\r\n \t<li style=\"text-align: justify;\">nenhum consum\u00edvel \u00e9 necess\u00e1rio para medi\u00e7\u00f5es;<\/li>\r\n \t<li style=\"text-align: justify;\">a presen\u00e7a de outros gases no \u00f3leo n\u00e3o afeta a confiabilidade das medi\u00e7\u00f5es;<\/li>\r\n \t<li style=\"text-align: justify;\">facilidade de calibra\u00e7\u00e3o;<\/li>\r\n \t<li style=\"text-align: justify;\">n\u00e3o requer manuten\u00e7\u00e3o preventiva.<\/li>\r\n<\/ul>"},{"tab_title":"Aplica\u00e7\u00e3o","tab_content":"[product_oil_types]"},{"tab_title":"Webinar","tab_content":"<div class=\"responsive-embed widescreen\">\r\n<div class=\"responsive-embed widescreen\">\r\n<div class=\"responsive-embed widescreen\">\r\n<div class=\"responsive-embed widescreen\"><iframe title=\"Medi\u00e7\u00e3o de hidrog\u00eanio e umidade no \u00f3leo do transformador.\" src=\"https:\/\/www.youtube.com\/embed\/2IzuLpL1QeY?feature=oembed\" width=\"500\" height=\"281\" frameborder=\"0\" allowfullscreen=\"allowfullscreen\"><\/iframe><\/div>\r\n<\/div>\r\n<\/div>\r\n<\/div>"}],"add_video_tab":[{"video_tab_title":"Video","add_video_id":[{"video_id":"geCgNNG05DA"},{"video_id":"GQuLmCdZp4o"},{"video_id":"sR7e-dAzFrY"}]}],"add_gallery_tab":[{"gallery_tab_title":"Foto","add_img":[67745,67756,67767,67778,67789]}],"add_price_tab":[{"price_tab_title":"Get a quote"}]},"language":"pt-pt","_links":{"self":[{"href":"https:\/\/globecore.com\/pt-pt\/wp-json\/wp\/v2\/pages\/32413","targetHints":{"allow":["GET"]}}],"collection":[{"href":"https:\/\/globecore.com\/pt-pt\/wp-json\/wp\/v2\/pages"}],"about":[{"href":"https:\/\/globecore.com\/pt-pt\/wp-json\/wp\/v2\/types\/page"}],"author":[{"embeddable":true,"href":"https:\/\/globecore.com\/pt-pt\/wp-json\/wp\/v2\/users\/7"}],"replies":[{"embeddable":true,"href":"https:\/\/globecore.com\/pt-pt\/wp-json\/wp\/v2\/comments?post=32413"}],"version-history":[{"count":1,"href":"https:\/\/globecore.com\/pt-pt\/wp-json\/wp\/v2\/pages\/32413\/revisions"}],"predecessor-version":[{"id":336189,"href":"https:\/\/globecore.com\/pt-pt\/wp-json\/wp\/v2\/pages\/32413\/revisions\/336189"}],"up":[{"embeddable":true,"href":"https:\/\/globecore.com\/pt-pt\/wp-json\/wp\/v2\/pages\/32199"}],"wp:featuredmedia":[{"embeddable":true,"href":"https:\/\/globecore.com\/pt-pt\/wp-json\/wp\/v2\/media\/129724"}],"wp:attachment":[{"href":"https:\/\/globecore.com\/pt-pt\/wp-json\/wp\/v2\/media?parent=32413"}],"wp:term":[{"taxonomy":"category","embeddable":true,"href":"https:\/\/globecore.com\/pt-pt\/wp-json\/wp\/v2\/categories?post=32413"}],"curies":[{"name":"wp","href":"https:\/\/api.w.org\/{rel}","templated":true}]}}