{"id":326645,"date":"2025-10-24T15:21:26","date_gmt":"2025-10-24T15:21:26","guid":{"rendered":"https:\/\/globecore.com\/?page_id=326645"},"modified":"2025-10-24T15:41:18","modified_gmt":"2025-10-24T15:41:18","slug":"cookie-policy","status":"publish","type":"page","link":"https:\/\/globecore.com\/pt-pt\/cookie-policy\/","title":{"rendered":"Pol\u00edtica de Cookies"},"content":{"rendered":"<p>Sobre esta pol\u00edtica de cookies<\/p>\n<p>Esta Pol\u00edtica de Cookies explica o que s\u00e3o cookies e como os utilizamos. Deve ler esta pol\u00edtica para compreender o que s\u00e3o cookies, como os utilizamos, os tipos de cookies que utilizamos, ou seja, as informa\u00e7\u00f5es que recolhemos utilizando cookies e como essas informa\u00e7\u00f5es s\u00e3o utilizadas, bem como como controlar as prefer\u00eancias de cookies. Para mais informa\u00e7\u00f5es sobre a forma como utilizamos, armazenamos e mantemos os seus dados pessoais seguros, consulte a nossa Pol\u00edtica de Privacidade.<\/p>\n<p>Pode, a qualquer momento, alterar ou retirar o seu consentimento da Declara\u00e7\u00e3o de Cookies no nosso website.<br \/>\nSaiba mais sobre quem somos, como pode contactar-nos e como tratamos os dados pessoais na nossa Pol\u00edtica de Privacidade.<br \/>\nO seu consentimento aplica-se aos seguintes dom\u00ednios: globecore.com<br \/>\n[user_consent_state]<\/p>\n<p>O que s\u00e3o cookies?<br \/>\nOs cookies s\u00e3o pequenos ficheiros de texto utilizados para armazenar pequenas informa\u00e7\u00f5es. Os cookies s\u00e3o armazenados no seu dispositivo quando o website \u00e9 carregado no seu navegador. Estes cookies ajudam-nos a fazer com que o site funcione corretamente, a torn\u00e1-lo mais seguro, a proporcionar uma melhor experi\u00eancia ao utilizador e a compreender o seu desempenho, bem como a analisar o que funciona e onde precisa de ser melhorado.<br \/>\nComo usamos os cookies?<\/p>\n<p>Tal como a maioria dos servi\u00e7os online, o nosso site utiliza cookies pr\u00f3prios e de terceiros para diversos fins. Os cookies pr\u00f3prios s\u00e3o principalmente necess\u00e1rios para o correto funcionamento do website e n\u00e3o recolhem quaisquer dados pessoais identific\u00e1veis.<\/p>\n<p>Os cookies de terceiros utilizados nos nossos websites s\u00e3o utilizados principalmente para compreender o desempenho do website, como interage com ele, manter os nossos servi\u00e7os seguros, fornecer-lhe an\u00fancios relevantes e, em suma, proporcionar uma experi\u00eancia de utilizador melhor e melhorada, ajudando a agilizar as suas futuras intera\u00e7\u00f5es com o nosso website.<\/p>\n<p>Que tipos de cookies utilizamos?<\/p>\n<p>Essencial: Alguns cookies s\u00e3o essenciais para que possa experimentar todas as funcionalidades do nosso website. Permitem-nos manter as sess\u00f5es do utilizador e prevenir quaisquer amea\u00e7as \u00e0 seguran\u00e7a. N\u00e3o recolhem nem armazenam nenhuma informa\u00e7\u00e3o pessoal. Por exemplo, estes cookies permitem-lhe iniciar sess\u00e3o na sua conta, adicionar produtos ao seu carrinho e finalizar a compra em seguran\u00e7a.<\/p>\n<p>Estat\u00edsticas: Estes cookies armazenam informa\u00e7\u00f5es como o n\u00famero de visitantes do website, o n\u00famero de visitantes \u00fanicos, quais as p\u00e1ginas do website que foram visitadas, a origem da visita, etc. Estes dados ajudam-nos a compreender e analisar o desempenho do site e onde precisa de ser melhorado.<\/p>\n<p>Marketing: O nosso site exibe an\u00fancios. Estes cookies s\u00e3o utilizados para personalizar os an\u00fancios que lhe mostramos para que sejam relevantes para si. Estes cookies tamb\u00e9m nos ajudam a monitorizar a efici\u00eancia destas campanhas publicit\u00e1rias.<br \/>\nAs informa\u00e7\u00f5es armazenadas nestes cookies tamb\u00e9m podem ser utilizadas por fornecedores de an\u00fancios terceiros para exibir an\u00fancios noutros sites no navegador.<\/p>\n<p>Funcional: Estes cookies auxiliam determinadas funcionalidades n\u00e3o essenciais no nosso website. Estas funcionalidades incluem a incorpora\u00e7\u00e3o de conte\u00fados como v\u00eddeos ou a partilha de conte\u00fados do website em plataformas de redes sociais.<\/p>\n<p>Prefer\u00eancias: Estes cookies ajudam-nos a armazenar as suas defini\u00e7\u00f5es e prefer\u00eancias de navega\u00e7\u00e3o, como as prefer\u00eancias de idioma, para que tenha uma experi\u00eancia melhor e mais eficiente em futuras visitas ao website.<\/p>\n<p>Como posso controlar as prefer\u00eancias de cookies?<\/p>\n<p>Caso decida alterar as suas prefer\u00eancias posteriormente durante a navega\u00e7\u00e3o, pode clicar no separador &#8220;Pol\u00edtica de Privacidade e Cookies&#8221; no seu ecr\u00e3. Isto ir\u00e1 exibir o aviso de consentimento novamente, permitindo-lhe alterar as suas prefer\u00eancias ou retirar totalmente o seu consentimento.<\/p>\n<p>Al\u00e9m disso, diferentes navegadores oferecem diferentes m\u00e9todos para bloquear e eliminar cookies utilizados pelos websites. Pode alterar as defini\u00e7\u00f5es do seu navegador para bloquear\/apagar os cookies. Para saber mais sobre como gerir e eliminar cookies, visite wikipedia.org, www.allaboutcookies.org.<\/p>\n","protected":false},"excerpt":{"rendered":"<p>Sobre esta pol\u00edtica de cookies Esta Pol\u00edtica de Cookies explica o que s\u00e3o cookies e como os utilizamos. Deve ler esta pol\u00edtica para compreender o que s\u00e3o cookies, como os utilizamos, os tipos de cookies que utilizamos, ou seja, as informa\u00e7\u00f5es que recolhemos utilizando cookies e como essas informa\u00e7\u00f5es s\u00e3o utilizadas, bem como como controlar<a class=\"cg-read-more\" href=\"https:\/\/globecore.com\/pt-pt\/cookie-policy\/\" target=\"_blank\">Leia mais <\/a><\/p>\n","protected":false},"author":41,"featured_media":0,"parent":0,"menu_order":0,"comment_status":"closed","ping_status":"closed","template":"templates\/privacy.php","meta":{"_acf_changed":false,"_bbp_topic_count":0,"_bbp_reply_count":0,"_bbp_total_topic_count":0,"_bbp_total_reply_count":0,"_bbp_voice_count":0,"_bbp_anonymous_reply_count":0,"_bbp_topic_count_hidden":0,"_bbp_reply_count_hidden":0,"_bbp_forum_subforum_count":0,"footnotes":""},"categories":[],"class_list":["post-326645","page","type-page","status-publish","hentry"],"acf":[],"language":"pt-pt","_links":{"self":[{"href":"https:\/\/globecore.com\/pt-pt\/wp-json\/wp\/v2\/pages\/326645","targetHints":{"allow":["GET"]}}],"collection":[{"href":"https:\/\/globecore.com\/pt-pt\/wp-json\/wp\/v2\/pages"}],"about":[{"href":"https:\/\/globecore.com\/pt-pt\/wp-json\/wp\/v2\/types\/page"}],"author":[{"embeddable":true,"href":"https:\/\/globecore.com\/pt-pt\/wp-json\/wp\/v2\/users\/41"}],"replies":[{"embeddable":true,"href":"https:\/\/globecore.com\/pt-pt\/wp-json\/wp\/v2\/comments?post=326645"}],"version-history":[{"count":0,"href":"https:\/\/globecore.com\/pt-pt\/wp-json\/wp\/v2\/pages\/326645\/revisions"}],"wp:attachment":[{"href":"https:\/\/globecore.com\/pt-pt\/wp-json\/wp\/v2\/media?parent=326645"}],"wp:term":[{"taxonomy":"category","embeddable":true,"href":"https:\/\/globecore.com\/pt-pt\/wp-json\/wp\/v2\/categories?post=326645"}],"curies":[{"name":"wp","href":"https:\/\/api.w.org\/{rel}","templated":true}]}}