{"id":330082,"date":"2023-05-05T11:33:16","date_gmt":"2023-05-05T11:33:16","guid":{"rendered":"https:\/\/globecore.com\/products\/instrumentospt\/breakdown-voltage-tester-tor-60-tor-60-lsl\/"},"modified":"2026-03-06T13:50:48","modified_gmt":"2026-03-06T13:50:48","slug":"breakdown-voltage-tester-tor-60-tor-60-lsl","status":"publish","type":"page","link":"https:\/\/globecore.com\/pt-pt\/products\/instrumentospt\/breakdown-voltage-tester-tor-60-tor-60-lsl\/","title":{"rendered":"TOR-60 (TOR-60 SL) Testador de Tens\u00e3o de Ruptura"},"content":{"rendered":"","protected":false},"excerpt":{"rendered":"<p>A unidade TOR-60 foi projetada para a medi\u00e7\u00e3o automatizada e precisa da rigidez diel\u00e9trica (tens\u00e3o de ruptura at\u00e9 60 kV) de \u00f3leo de transformador e outros fluidos diel\u00e9tricos, de acordo com as normas IEC 60156, ASTM D877 e ASTM D1816. Ela pode operar de forma aut\u00f4noma ou em rede, transferindo os resultados para um computador para a cria\u00e7\u00e3o de um banco de dados local, gera\u00e7\u00e3o de relat\u00f3rios, plotagem de gr\u00e1ficos e impress\u00e3o de resultados. O dispositivo \u00e9 totalmente autom\u00e1tico e suporta testes tanto de acordo com procedimentos padr\u00e3o quanto com procedimentos personalizados definidos pelo usu\u00e1rio.<\/p>\n","protected":false},"author":7,"featured_media":110607,"parent":32199,"menu_order":0,"comment_status":"closed","ping_status":"closed","template":"templates\/single-product.php","meta":{"_acf_changed":false,"_bbp_topic_count":0,"_bbp_reply_count":0,"_bbp_total_topic_count":0,"_bbp_total_reply_count":0,"_bbp_voice_count":0,"_bbp_anonymous_reply_count":0,"_bbp_topic_count_hidden":0,"_bbp_reply_count_hidden":0,"_bbp_forum_subforum_count":0,"footnotes":""},"categories":[1684],"class_list":["post-330082","page","type-page","status-publish","has-post-thumbnail","hentry","category-instruments-pt-pt","oil_type-fluido-dieletrico-fr3","oil_type-fluido-dieletrico-midel-7131","oil_type-oleo-de-silicone","oil_type-oleo-para-transformadores","process_type-teste-de-tensao-de-ruptura"],"acf":{"add_tab":[{"tab_title":"Descri\u00e7\u00e3o","tab_content":"<p style=\"text-align: justify;\">A unidade TOR-60 foi projetada para medir a rigidez diel\u00e9trica do \u00f3leo de transformador e de outros fluidos diel\u00e9tricos de acordo com IEC 60156, ASTM D877 e ASTM D1816.<\/p>\r\n<p style=\"text-align: justify;\">Trata-se de um dispositivo totalmente autom\u00e1tico que permite testes de acordo com os procedimentos definidos nessas normas, bem como de acordo com os procedimentos definidos pelo usu\u00e1rio na se\u00e7\u00e3o apropriada do menu de configura\u00e7\u00e3o.<\/p>\r\n\r\n<h2 style=\"text-align: center;\">Princ\u00edpio de funcionamento<\/h2>\r\n<p style=\"text-align: justify;\">O n\u00facleo da unidade \u00e9 composto pelo transformador de alta tens\u00e3o e pelos m\u00f3dulos eletr\u00f4nicos. A unidade opera aumentando gradualmente a tens\u00e3o na bobina secund\u00e1ria do transformador de alta tens\u00e3o, desde zero at\u00e9 a tens\u00e3o m\u00e1xima, ou at\u00e9 a tens\u00e3o na qual ocorre a ruptura el\u00e9trica no fluido diel\u00e9trico na c\u00e9lula de medi\u00e7\u00e3o instalada nos contatos de alta tens\u00e3o do transformador.<\/p>\r\n<p style=\"text-align: justify;\">A tens\u00e3o na bobina secund\u00e1ria do transformador ocorre devido ao aumento gradual da tens\u00e3o na bobina prim\u00e1ria, alimentada com tens\u00e3o senoidal pelo inversor de controle, um dos m\u00f3dulos eletr\u00f4nicos.<\/p>\r\n<p style=\"text-align: justify;\">O aumento da tens\u00e3o \u00e9 gerenciado por um microcontrolador atrav\u00e9s do inversor de controle. O inversor de controle \u00e9 comandado pelo m\u00f3dulo de controle da unidade.<\/p>\r\n<p style=\"text-align: justify;\">Durante a opera\u00e7\u00e3o, a tens\u00e3o CA (50-60 Hz) \u00e9 fornecida a partir dos terminais da bobina secund\u00e1ria atrav\u00e9s dos eletrodos da c\u00e9lula para o fluido diel\u00e9trico na c\u00e9lula de medi\u00e7\u00e3o. A ruptura ocorre entre os eletrodos no espa\u00e7o preenchido com o fluido diel\u00e9trico.<\/p>"}],"add_def_tab":[{"tab_title":"Especifica\u00e7\u00e3o","tab_content":"<table width=\"614\">\r\n<tbody>\r\n<tr>\r\n<td width=\"40\"><strong>n\u00ba<\/strong><\/td>\r\n<td style=\"text-align: center;\" width=\"267\"><strong>Item<\/strong><\/td>\r\n<td style=\"text-align: center;\" width=\"153\"><strong>Valor<\/strong><\/td>\r\n<\/tr>\r\n<tr>\r\n<td width=\"40\">1<\/td>\r\n<td style=\"text-align: left;\" width=\"267\">Tens\u00e3o de opera\u00e7\u00e3o AC (bateria recarreg\u00e1vel interna), V<\/td>\r\n<td style=\"text-align: center;\" width=\"153\">85 \u2014 264<\/td>\r\n<\/tr>\r\n<tr>\r\n<td width=\"40\">2<\/td>\r\n<td style=\"text-align: left;\" width=\"267\">Frequ\u00eancia de rede, Hz<\/td>\r\n<td style=\"text-align: center;\" width=\"153\">48 \u2013 63<\/td>\r\n<\/tr>\r\n<tr>\r\n<td width=\"40\">3<\/td>\r\n<td style=\"text-align: left;\" width=\"267\">Consumo de energia, VA<\/td>\r\n<td style=\"text-align: center;\" width=\"153\">m\u00e1x. 70<\/td>\r\n<\/tr>\r\n<tr>\r\n<td width=\"40\">4<\/td>\r\n<td style=\"text-align: left;\" width=\"267\">Tens\u00e3o m\u00e1xima de sa\u00edda, kV<\/td>\r\n<td style=\"text-align: center;\" width=\"153\">Senoidal, at\u00e9 60 kV<\/td>\r\n<\/tr>\r\n<tr>\r\n<td width=\"40\">5<\/td>\r\n<td style=\"text-align: left;\" width=\"267\">Precis\u00e3o da medi\u00e7\u00e3o da tens\u00e3o de sa\u00edda<\/td>\r\n<td style=\"text-align: center;\" width=\"153\">\u00b11 %<\/td>\r\n<\/tr>\r\n<tr>\r\n<td width=\"40\">6<\/td>\r\n<td style=\"text-align: left;\" width=\"267\">Taxa de aumento da tens\u00e3o, kV\/sec<\/td>\r\n<td style=\"text-align: center;\" width=\"153\">0,5 a 10 *<\/td>\r\n<\/tr>\r\n<tr>\r\n<td width=\"40\">7<\/td>\r\n<td style=\"text-align: left;\" width=\"267\">Resolu\u00e7\u00e3o da indica\u00e7\u00e3o da tens\u00e3o de sa\u00edda, V<\/td>\r\n<td style=\"text-align: center;\" width=\"153\">100<\/td>\r\n<\/tr>\r\n<tr>\r\n<td width=\"40\">8<\/td>\r\n<td style=\"text-align: left;\" width=\"267\">Tempo de desligamento da alta tens\u00e3o ap\u00f3s ruptura, \u03bcs<\/td>\r\n<td style=\"text-align: center;\" width=\"153\">m\u00e1x. 10, t\u00edpico 4<\/td>\r\n<\/tr>\r\n<tr>\r\n<td width=\"40\">9<\/td>\r\n<td style=\"text-align: left;\" width=\"267\">Volume da c\u00e9lula de medi\u00e7\u00e3o, cm<sup>3<\/sup> (in<sup>3<\/sup>)<\/td>\r\n<td style=\"text-align: center;\" width=\"153\">500 (30)<\/td>\r\n<\/tr>\r\n<tr>\r\n<td width=\"40\">10<\/td>\r\n<td style=\"text-align: left;\" width=\"267\">Faixa de medi\u00e7\u00e3o da temperatura ambiente, \u00b0C (\u00b0F)<\/td>\r\n<td style=\"text-align: center;\" width=\"153\">-10 \u2013 50 (14 \u2013 212)<\/td>\r\n<\/tr>\r\n<tr>\r\n<td width=\"40\">11<\/td>\r\n<td style=\"text-align: left;\" width=\"267\">Resolu\u00e7\u00e3o da medi\u00e7\u00e3o de temperatura, \u00b0C (\u00b0F)<\/td>\r\n<td style=\"text-align: center;\" width=\"153\">0,1 (32,18)<\/td>\r\n<\/tr>\r\n<tr>\r\n<td width=\"40\">12<\/td>\r\n<td style=\"text-align: left;\" width=\"267\">Impressora incorporada<\/td>\r\n<td style=\"text-align: center;\" width=\"153\">Sim<\/td>\r\n<\/tr>\r\n<tr>\r\n<td width=\"40\">13<\/td>\r\n<td style=\"text-align: left;\" width=\"267\">Temperatura de opera\u00e7\u00e3o, \u00b0C (\u00b0F)<\/td>\r\n<td style=\"text-align: center;\" width=\"153\">-10 \u2013 50 (14 \u2013 122)<\/td>\r\n<\/tr>\r\n<tr>\r\n<td width=\"40\">14<\/td>\r\n<td style=\"text-align: left;\" width=\"267\">Temperatura de armazenamento, \u00b0C (\u00b0F)<\/td>\r\n<td style=\"text-align: center;\" width=\"153\">de \u201320 (\u20134) a +60 (140)<\/td>\r\n<\/tr>\r\n<tr>\r\n<td width=\"40\">15<\/td>\r\n<td style=\"text-align: left;\" width=\"267\">Umidade relativa, %<\/td>\r\n<td style=\"text-align: center;\" width=\"153\">At\u00e9 90 sem condensa\u00e7\u00e3o<\/td>\r\n<\/tr>\r\n<tr>\r\n<td width=\"40\">16<\/td>\r\n<td style=\"text-align: left;\" width=\"267\">Dimens\u00f5es, mm (in)<\/td>\r\n<td style=\"text-align: center;\" width=\"153\">510 (20) \u00d7 300 (12) \u00d7 334 (13)<\/td>\r\n<\/tr>\r\n<tr>\r\n<td width=\"40\">17<\/td>\r\n<td style=\"text-align: left;\" width=\"267\">Peso, kg (lbs), m\u00e1x.<\/td>\r\n<td style=\"text-align: center;\" width=\"153\">30 (66)<\/td>\r\n<\/tr>\r\n<\/tbody>\r\n<\/table>\r\n*- Ajust\u00e1vel"},{"tab_title":"Vantagens","tab_content":"<ul>\r\n \t<li style=\"text-align: justify;\">Medi\u00e7\u00e3o automatizada e precisa da tens\u00e3o de ruptura at\u00e9 60 kV;<\/li>\r\n \t<li style=\"text-align: justify;\">Desligamento instant\u00e2neo (4 \u03bcs) da tens\u00e3o de teste em caso de ruptura;<\/li>\r\n \t<li style=\"text-align: justify;\">Pode operar de forma aut\u00f4noma ou em rede, transferindo resultados para um PC, criando um banco de dados local, gerando relat\u00f3rios, plotando gr\u00e1ficos e imprimindo resultados;<\/li>\r\n \t<li style=\"text-align: justify;\">Software dispon\u00edvel para implementa\u00e7\u00e3o de procedimentos de medi\u00e7\u00e3o padr\u00e3o e personalizados \u2013 o dispositivo pode ser usado para fins de pesquisa;<\/li>\r\n \t<li style=\"text-align: justify;\">Simples e f\u00e1cil de operar e manter.<\/li>\r\n<\/ul>"},{"tab_title":"Aplica\u00e7\u00e3o","tab_content":"[product_oil_types]"}],"add_video_tab":[{"video_tab_title":"Video","add_video_id":[{"video_id":"1IPsfPVvYPo"},{"video_id":"9okWs12hhdk"}]}],"add_gallery_tab":null,"add_price_tab":null},"language":"pt-pt","_links":{"self":[{"href":"https:\/\/globecore.com\/pt-pt\/wp-json\/wp\/v2\/pages\/330082","targetHints":{"allow":["GET"]}}],"collection":[{"href":"https:\/\/globecore.com\/pt-pt\/wp-json\/wp\/v2\/pages"}],"about":[{"href":"https:\/\/globecore.com\/pt-pt\/wp-json\/wp\/v2\/types\/page"}],"author":[{"embeddable":true,"href":"https:\/\/globecore.com\/pt-pt\/wp-json\/wp\/v2\/users\/7"}],"replies":[{"embeddable":true,"href":"https:\/\/globecore.com\/pt-pt\/wp-json\/wp\/v2\/comments?post=330082"}],"version-history":[{"count":5,"href":"https:\/\/globecore.com\/pt-pt\/wp-json\/wp\/v2\/pages\/330082\/revisions"}],"predecessor-version":[{"id":336210,"href":"https:\/\/globecore.com\/pt-pt\/wp-json\/wp\/v2\/pages\/330082\/revisions\/336210"}],"up":[{"embeddable":true,"href":"https:\/\/globecore.com\/pt-pt\/wp-json\/wp\/v2\/pages\/32199"}],"wp:featuredmedia":[{"embeddable":true,"href":"https:\/\/globecore.com\/pt-pt\/wp-json\/wp\/v2\/media\/110607"}],"wp:attachment":[{"href":"https:\/\/globecore.com\/pt-pt\/wp-json\/wp\/v2\/media?parent=330082"}],"wp:term":[{"taxonomy":"category","embeddable":true,"href":"https:\/\/globecore.com\/pt-pt\/wp-json\/wp\/v2\/categories?post=330082"}],"curies":[{"name":"wp","href":"https:\/\/api.w.org\/{rel}","templated":true}]}}