{"id":42174,"date":"2021-07-02T05:38:00","date_gmt":"2021-07-02T05:38:00","guid":{"rendered":"https:\/\/globecore.com\/products\/instruments\/system-for-transformers-online-diagnostic-and-oil-online-processing-tor-5\/"},"modified":"2026-03-18T10:23:00","modified_gmt":"2026-03-18T10:23:00","slug":"system-for-transformers-online-diagnostic-and-oil-online-processing-tor-5","status":"publish","type":"page","link":"https:\/\/globecore.com\/pt-pt\/products\/online-transformer-monitoring-systems\/system-for-transformers-online-diagnostic-and-oil-online-processing-tor-5\/","title":{"rendered":"TOR-5 Sistemas de monitoramento de transformadores on-line"},"content":{"rendered":"","protected":false},"excerpt":{"rendered":"<p>O sistema TOR-5 monitora e controla continuamente a condi\u00e7\u00e3o dos transformadores de pot\u00eancia, incluindo tipos especiais como transformadores de tra\u00e7\u00e3o, minera\u00e7\u00e3o, mar\u00edtimos e de aumento de tens\u00e3o de turbinas e\u00f3licas, avaliando o estado de seu \u00f3leo isolante e do isolamento. O sistema mede par\u00e2metros chave, como teor de \u00e1gua no \u00f3leo e no isolamento s\u00f3lido, resist\u00eancia diel\u00e9trica e \u00edndice de qualidade do \u00f3leo. Ele se conecta diretamente ao transformador, criando uma circula\u00e7\u00e3o em circuito fechado, na qual o \u00f3leo \u00e9 retirado do fundo do tanque, passa pelos sensores e retorna ao topo. As medi\u00e7\u00f5es s\u00e3o realizadas uma vez por minuto e transmitidas a um servidor em nuvem, onde c\u00e1lculos adicionais fornecem uma avalia\u00e7\u00e3o completa da condi\u00e7\u00e3o do transformador.<\/p>\n","protected":false},"author":7,"featured_media":38926,"parent":104910,"menu_order":0,"comment_status":"closed","ping_status":"closed","template":"templates\/single-product.php","meta":{"_acf_changed":false,"_bbp_topic_count":0,"_bbp_reply_count":0,"_bbp_total_topic_count":0,"_bbp_total_reply_count":0,"_bbp_voice_count":0,"_bbp_anonymous_reply_count":0,"_bbp_topic_count_hidden":0,"_bbp_reply_count_hidden":0,"_bbp_forum_subforum_count":0,"footnotes":""},"categories":[2479,1341],"class_list":["post-42174","page","type-page","status-publish","has-post-thumbnail","hentry","category-manutencao-do-transformador","category-oil-maintenance-pt-pt","oil_type-transformadores-de-distribuicao","oil_type-transformadores-elevadores","oil_type-transformadores-para-fins-especiais","oil_type-transformadores-redutores","process_type-desidratacao","process_type-monitorizacao"],"acf":{"add_tab":[{"tab_title":"Descri\u00e7\u00e3o","tab_content":"<p style=\"text-align: justify;\">O objetivo principal do sistema TOR-5 \u00e9 o monitoramento online de transformadores de pot\u00eancia avaliando o estado do \u00f3leo isolante, incluindo transformadores de uso especial: tra\u00e7\u00e3o, mina, forno el\u00e9trico, navio, transformadores elevadores de geradores e\u00f3licos, etc.<\/p>\r\n<p style=\"text-align: justify;\">O sistema est\u00e1 conectado ao transformador e constantemente localizado pr\u00f3ximo a ele. Ap\u00f3s a conex\u00e3o, forma-se um circuito fechado de circula\u00e7\u00e3o: o \u00f3leo sai da parte inferior do tanque do transformador, passa pelos sensores do sistema TOR-5 e retorna para a parte superior do tanque do transformador. Sensores com frequ\u00eancia de uma vez por minuto medem os par\u00e2metros do \u00f3leo do transformador e os transmitem para o servidor nuvem, onde outros par\u00e2metros tamb\u00e9m s\u00e3o calculados pelo m\u00e9todo <em><b>GlobeCore<\/b><\/em>, o que possibilita uma avalia\u00e7\u00e3o mais completa do estado do transformador.<\/p>\r\n<p style=\"text-align: justify;\">Par\u00e2metros importantes do transformador, que s\u00e3o determinados usando o sistema TOR-5:<\/p>\r\n\r\n<ul style=\"text-align: justify;\">\r\n \t<li style=\"text-align: justify;\">conte\u00fado de \u00e1gua em \u00f3leo na parte superior e inferior do transformador;<\/li>\r\n \t<li style=\"text-align: justify;\">teor de \u00e1gua no isolamento s\u00f3lido na parte superior e inferior do transformador;<\/li>\r\n \t<li style=\"text-align: justify;\">rigidez diel\u00e9trica do \u00f3leo;<\/li>\r\n \t<li style=\"text-align: justify;\">\u00edndice de qualidade do \u00f3leo.<\/li>\r\n<\/ul>\r\n<p style=\"text-align: justify;\">O \u00edndice de qualidade do \u00f3leo \u00e9 um indicador complexo que permite avaliar a condi\u00e7\u00e3o do \u00f3leo como um todo. Ele se correlaciona bem com o n\u00famero de \u00e1cido, por isso pode ser usado para avaliar o grau de envelhecimento do \u00f3leo.<\/p>\r\n\r\n<h2 style=\"text-align: center;\">Requisitos importantes de informa\u00e7\u00e3o para o usu\u00e1rio<\/h2>\r\n<p style=\"text-align: justify;\">Para visualizar todos os par\u00e2metros medidos e calculados, basta ter acesso \u00e0 Internet. Na Internet, uma p\u00e1gina da web est\u00e1 localizada em um endere\u00e7o especial, cujo acesso \u00e9 fornecido com uma senha. Esta p\u00e1gina da web fornece informa\u00e7\u00f5es sobre todos os transformadores que est\u00e3o conectados aos sistemas TOR-5. Voc\u00ea pode visualizar os dados de qualquer per\u00edodo de tempo. Todos os dados s\u00e3o convenientemente apresentados na forma de gr\u00e1ficos, gr\u00e1ficos de dispers\u00e3o e indicadores, e os transformadores s\u00e3o exibidos em um mapa mundial.<\/p>\r\n<p style=\"text-align: justify;\">No caso de uma breve interrup\u00e7\u00e3o da conex\u00e3o com a Internet, os dados s\u00e3o acumulados no banco de dados interno e, ap\u00f3s o rein\u00edcio da conex\u00e3o, s\u00e3o transmitidos para a aplica\u00e7\u00e3o web.<\/p>\r\n\r\n<h2 style=\"text-align: center;\">Processamento online de \u00f3leo isolante<\/h2>\r\n<p style=\"text-align: justify;\">O TOR-5 \u00e9 adicionalmente equipado com um sistema de filtragem e secagem de \u00f3leo isolante. Quando os par\u00e2metros do transformador atingem os valores definidos pelo operador, o TOR-5 muda automaticamente do modo de diagn\u00f3stico para filtragem e secagem do \u00f3leo isolante.<\/p>\r\n<p style=\"text-align: justify;\">Neste modo, o \u00f3leo \u00e9 retirado do fundo do transformador, ap\u00f3s o qual \u00e9 bombeado sequencialmente atrav\u00e9s de um filtro com uma finura de filtra\u00e7\u00e3o de dez m\u00edcrons e tr\u00eas adsorventes (cartuchos de sorvente), cada um dos quais cont\u00e9m 15 quilogramas de sorvente consistindo de gr\u00e2nulos com uma estrutura microporosa. Com a ajuda de um filtro, as impurezas mec\u00e2nicas s\u00e3o removidas do \u00f3leo, e o sorvente absorve e ret\u00e9m as mol\u00e9culas de \u00e1gua em seus cristais. Depois disso, \u00f3leo limpo e seco \u00e9 alimentado para o topo do tanque do transformador. O processo de absor\u00e7\u00e3o e reten\u00e7\u00e3o de \u00e1gua n\u00e3o requer aquecimento do \u00f3leo e \u00e9 igualmente eficaz, independentemente da temperatura. O processamento do \u00f3leo ocorre sem desligar o transformador, independentemente da hora do dia, das condi\u00e7\u00f5es clim\u00e1ticas ou da presen\u00e7a de pessoal de servi\u00e7o.<\/p>\r\n<p style=\"text-align: justify;\">Depois que os par\u00e2metros do \u00f3leo voltam ao normal, a unidade TOR-5 muda automaticamente do modo de tratamento de \u00f3leo para o modo de monitoramento de par\u00e2metros.<\/p>"}],"add_def_tab":[{"tab_title":"Especifica\u00e7\u00e3o","tab_content":"<table>\r\n<tbody>\r\n<tr>\r\n<td style=\"text-align: center;\" width=\"385\"><strong>Item<\/strong><\/td>\r\n<td style=\"text-align: center;\" width=\"224\"><strong>Valor<\/strong><\/td>\r\n<\/tr>\r\n<tr>\r\n<td>Desempenho, L\/h<\/td>\r\n<td style=\"text-align: center;\">30<\/td>\r\n<\/tr>\r\n<tr>\r\n<td>Quantidade de \u00e1gua adsorvida, L<\/td>\r\n<td style=\"text-align: center;\">9<\/td>\r\n<\/tr>\r\n<tr>\r\n<td>Quantidade de sorvente em um adsorvedor, kg<\/td>\r\n<td style=\"text-align: center;\">21<\/td>\r\n<\/tr>\r\n<tr>\r\n<td>Press\u00e3o de sa\u00edda, bar<\/td>\r\n<td style=\"text-align: center;\">2<\/td>\r\n<\/tr>\r\n<tr>\r\n<td>Altura de alimenta\u00e7\u00e3o do \u00f3leo em rela\u00e7\u00e3o \u00e0 conex\u00e3o de sa\u00edda, m<\/td>\r\n<td style=\"text-align: center;\">20<\/td>\r\n<\/tr>\r\n<tr>\r\n<td>Pot\u00eancia m\u00e1xima requerida, W, n\u00e3o mais que<\/td>\r\n<td style=\"text-align: center;\">2000<\/td>\r\n<\/tr>\r\n<tr>\r\n<td><strong>Par\u00e2metros da fonte de alimenta\u00e7\u00e3o<\/strong><\/td>\r\n<td><\/td>\r\n<\/tr>\r\n<tr>\r\n<td>N\u00famero de fases<\/td>\r\n<td style=\"text-align: center;\">3p+1N+PE<\/td>\r\n<\/tr>\r\n<tr>\r\n<td>Tens\u00e3o, V<\/td>\r\n<td style=\"text-align: center;\">380<\/td>\r\n<\/tr>\r\n<tr>\r\n<td>Corrente alternada com frequ\u00eancia, Hz<\/td>\r\n<td style=\"text-align: center;\">50<\/td>\r\n<\/tr>\r\n<tr>\r\n<td><strong>Dimens\u00f5es das conex\u00f5es<\/strong><\/td>\r\n<td><\/td>\r\n<\/tr>\r\n<tr>\r\n<td>Entrada de \u00f3leo, DN<\/td>\r\n<td style=\"text-align: center;\">20<\/td>\r\n<\/tr>\r\n<tr>\r\n<td>Sa\u00edda de \u00f3leo, DN<\/td>\r\n<td style=\"text-align: center;\">20<\/td>\r\n<\/tr>\r\n<tr>\r\n<td><strong>Dimens\u00f5es, n\u00e3o mais que<\/strong><\/td>\r\n<td><\/td>\r\n<\/tr>\r\n<tr>\r\n<td>Comprimento, mm<\/td>\r\n<td style=\"text-align: center;\">1.541<\/td>\r\n<\/tr>\r\n<tr>\r\n<td>Largura, mm<\/td>\r\n<td style=\"text-align: center;\">552<\/td>\r\n<\/tr>\r\n<tr>\r\n<td>Altura, mm<\/td>\r\n<td style=\"text-align: center;\">1955<\/td>\r\n<\/tr>\r\n<tr>\r\n<td>Peso, kg, n\u00e3o mais que<\/td>\r\n<td style=\"text-align: center;\">435<\/td>\r\n<\/tr>\r\n<\/tbody>\r\n<\/table>"},{"tab_title":"Vantagens","tab_content":"<ul>\r\n \t<li style=\"text-align: justify;\" aria-level=\"1\">baixo custo relativo do sistema. O custo de novos transformadores e perdas por falha de emerg\u00eancia de transformadores existentes chega a centenas de milhares e milh\u00f5es de d\u00f3lares. E o custo do sistema TOR-5 \u00e9 apenas uma pequena parte dessas despesas, o que torna sua compra e utiliza\u00e7\u00e3o um investimento lucrativo;<\/li>\r\n \t<li style=\"text-align: justify;\" aria-level=\"1\">multifuncionalidade. O sistema atende a tr\u00eas tarefas: determinar online os par\u00e2metros importantes dos transformadores, filtrar e secar o \u00f3leo isolante, al\u00e9m de informar rapidamente e informar o usu\u00e1rio sobre o seu trabalho e o funcionamento do transformador;<\/li>\r\n \t<li style=\"text-align: justify;\" aria-level=\"1\">versatilidade. O sistema TOR-5 \u00e9 adequado para a manuten\u00e7\u00e3o de transformadores novos e antigos a \u00f3leo, bem como transformadores para diversos fins;<\/li>\r\n \t<li style=\"text-align: justify;\" aria-level=\"1\">tamanho compacto. O sistema consiste no n\u00famero m\u00ednimo de componentes necess\u00e1rios para uma opera\u00e7\u00e3o eficiente, que s\u00e3o alojados em uma \u00fanica carca\u00e7a de 115 cent\u00edmetros de largura, 208 cent\u00edmetros de altura e 35 cent\u00edmetros de comprimento;<\/li>\r\n \t<li style=\"text-align: justify;\" aria-level=\"1\">a vida \u00fatil do sistema \u00e9 compat\u00edvel com a vida \u00fatil do transformador devido \u00e0 prote\u00e7\u00e3o confi\u00e1vel de todos os componentes contra danos e precipita\u00e7\u00e3o;<\/li>\r\n \t<li style=\"text-align: justify;\" aria-level=\"1\">usabilidade do aplicativo da web. A p\u00e1gina da web exibe uma lista de subesta\u00e7\u00f5es e transformadores para cada subesta\u00e7\u00e3o. O programa tamb\u00e9m inclui a exibi\u00e7\u00e3o de transformadores em um mapa com a apresenta\u00e7\u00e3o de medidas e c\u00e1lculos em forma de gr\u00e1ficos e diagramas. Ao escolher um objeto, voc\u00ea pode obter informa\u00e7\u00f5es completas sobre o estado do \u00f3leo para todo o per\u00edodo desde a instala\u00e7\u00e3o do sistema TOR-5 pr\u00f3ximo ao transformador ou por um per\u00edodo de tempo selecionado;<\/li>\r\n \t<li style=\"text-align: justify;\" aria-level=\"1\">facilidade de conex\u00e3o. Ap\u00f3s a etapa preparat\u00f3ria, o sistema \u00e9 conectado ao transformador em poucos minutos;<\/li>\r\n \t<li style=\"text-align: justify;\" aria-level=\"1\">o processamento do \u00f3leo \u00e9 realizado sem desligar o transformador em modo autom\u00e1tico;<\/li>\r\n \t<li style=\"text-align: justify;\" aria-level=\"1\">controle remoto. Mesmo nas f\u00e9rias, o chefe da concession\u00e1ria de energia el\u00e9trica ou funcion\u00e1rio da \u00e1rea de servi\u00e7o pode acessar o sistema de qualquer local de trabalho e saber o estado do parque de transformadores, sem esperar o resultado do laborat\u00f3rio e sem sair do equipamento local de opera\u00e7\u00e3o;<\/li>\r\n \t<li style=\"text-align: justify;\" aria-level=\"1\">informa\u00e7\u00f5es mais completas e avalia\u00e7\u00e3o da din\u00e2mica das mudan\u00e7as no estado do transformador. Devido \u00e0 constante aquisi\u00e7\u00e3o de dados, \u00e9 poss\u00edvel avaliar a din\u00e2mica das mudan\u00e7as no estado do \u00f3leo do transformador, o que torna o sistema TOR-5 mais informativo em compara\u00e7\u00e3o com as an\u00e1lises laboratoriais peri\u00f3dicas.<\/li>\r\n<\/ul>"},{"tab_title":"Aplica\u00e7\u00e3o","tab_content":"[product_oil_types]"},{"tab_title":"Benef\u00edcios","tab_content":"<ul>\r\n \t<li style=\"text-align: justify;\" aria-level=\"1\">extens\u00e3o da vida \u00fatil de novos transformadores por dezenas de anos. Para transformadores mais antigos, o sistema TOR-5 permite, com base na din\u00e2mica do envelhecimento do \u00f3leo, determinar quando \u00e9 necess\u00e1rio fazer reparos ou colocar o equipamento fora de servi\u00e7o no prazo, evitando uma emerg\u00eancia;<\/li>\r\n \t<li style=\"text-align: justify;\" aria-level=\"1\">aumento do tempo entre manuten\u00e7\u00e3o de transformadores devido ao tratamento preventivo de \u00f3leo isolante;<\/li>\r\n \t<li style=\"text-align: justify;\" aria-level=\"1\">economia de dinheiro pela recusa de exames laboratoriais e obten\u00e7\u00e3o de informa\u00e7\u00f5es mais completas e oportunas sobre o estado do transformador;<\/li>\r\n \t<li style=\"text-align: justify;\" aria-level=\"1\">reduzindo o custo de seguros de transformadores. A probabilidade de quebra de um transformador equipado com o sistema TOR-5 \u00e9 significativamente menor do que a de um transformador n\u00e3o equipado com tal sistema. Nesses casos, o custo da ap\u00f3lice de seguro \u00e9 geralmente menor;<\/li>\r\n \t<li style=\"text-align: justify;\" aria-level=\"1\">redu\u00e7\u00e3o do n\u00famero de pessoal qualificado empregado (especialistas em amostragem, equipe de laborat\u00f3rio, operadores de unidades de filtra\u00e7\u00e3o e secagem de \u00f3leo isolante, etc.);<\/li>\r\n \t<li style=\"text-align: justify;\" aria-level=\"1\">preserva\u00e7\u00e3o do meio ambiente. Uma falha no transformador por meio de um estreito, inc\u00eandio e at\u00e9 mesmo uma explos\u00e3o leva a um desastre ambiental. O sistema TOR-5 <em><strong>GlobeCore<\/strong><\/em> evita essas situa\u00e7\u00f5es e exclui a polui\u00e7\u00e3o ambiental associada a falhas do transformador.<\/li>\r\n<\/ul>"},{"tab_title":"Webinar","tab_content":"<div class=\"responsive-embed widescreen\">\r\n<div class=\"responsive-embed widescreen\">\r\n<div class=\"responsive-embed widescreen\">\r\n<div class=\"responsive-embed widescreen\">\r\n<div class=\"responsive-embed widescreen\">\r\n<div class=\"responsive-embed widescreen\">\r\n<div class=\"responsive-embed widescreen\">\r\n<div class=\"responsive-embed widescreen\">\r\n<div class=\"responsive-embed widescreen\"><iframe title=\"Monitoramento do transformador ao longo de toda sua vida \u00fatil\" src=\"https:\/\/www.youtube.com\/embed\/FCGRMkjKMHw?feature=oembed\" width=\"500\" height=\"281\" frameborder=\"0\" allowfullscreen=\"allowfullscreen\"><\/iframe><\/div>\r\n<\/div>\r\n<\/div>\r\n<\/div>\r\n<\/div>\r\n<\/div>\r\n<\/div>\r\n<\/div>\r\n<\/div>"}],"add_video_tab":[{"video_tab_title":"Video","add_video_id":[{"video_id":"GLnVshP06mk"},{"video_id":"zyAetHbkT8c"},{"video_id":"GQuLmCdZp4o"}]}],"add_gallery_tab":[{"gallery_tab_title":"Foto","add_img":[146871,146885,146899]}],"add_price_tab":[{"price_tab_title":"Get a quote"}]},"language":"pt-pt","_links":{"self":[{"href":"https:\/\/globecore.com\/pt-pt\/wp-json\/wp\/v2\/pages\/42174","targetHints":{"allow":["GET"]}}],"collection":[{"href":"https:\/\/globecore.com\/pt-pt\/wp-json\/wp\/v2\/pages"}],"about":[{"href":"https:\/\/globecore.com\/pt-pt\/wp-json\/wp\/v2\/types\/page"}],"author":[{"embeddable":true,"href":"https:\/\/globecore.com\/pt-pt\/wp-json\/wp\/v2\/users\/7"}],"replies":[{"embeddable":true,"href":"https:\/\/globecore.com\/pt-pt\/wp-json\/wp\/v2\/comments?post=42174"}],"version-history":[{"count":2,"href":"https:\/\/globecore.com\/pt-pt\/wp-json\/wp\/v2\/pages\/42174\/revisions"}],"predecessor-version":[{"id":342061,"href":"https:\/\/globecore.com\/pt-pt\/wp-json\/wp\/v2\/pages\/42174\/revisions\/342061"}],"up":[{"embeddable":true,"href":"https:\/\/globecore.com\/pt-pt\/wp-json\/wp\/v2\/pages\/104910"}],"wp:featuredmedia":[{"embeddable":true,"href":"https:\/\/globecore.com\/pt-pt\/wp-json\/wp\/v2\/media\/38926"}],"wp:attachment":[{"href":"https:\/\/globecore.com\/pt-pt\/wp-json\/wp\/v2\/media?parent=42174"}],"wp:term":[{"taxonomy":"category","embeddable":true,"href":"https:\/\/globecore.com\/pt-pt\/wp-json\/wp\/v2\/categories?post=42174"}],"curies":[{"name":"wp","href":"https:\/\/api.w.org\/{rel}","templated":true}]}}