{"id":46164,"date":"2021-07-12T07:01:13","date_gmt":"2021-07-12T07:01:13","guid":{"rendered":"https:\/\/globecore.com\/products\/moinho-coloidal\/colloid-mil-clm-100-3\/"},"modified":"2026-04-16T12:43:20","modified_gmt":"2026-04-16T12:43:20","slug":"colloid-mil-clm-100-3","status":"publish","type":"page","link":"https:\/\/globecore.com\/pt-pt\/products\/moinho-coloidal\/colloid-mills-for-the-food-industry\/colloid-mil-clm-100-3\/","title":{"rendered":"CLM-100.3 Moinho coloidal"},"content":{"rendered":"","protected":false},"excerpt":{"rendered":"<p>O moinho coloidal CLM-100.3 para a ind\u00fastria aliment\u00edcia \u00e9 projetado para a moagem fina de subst\u00e2ncias at\u00e9 uma consist\u00eancia pastosa, produzindo uma suspens\u00e3o espessa sob condi\u00e7\u00f5es de alto cisalhamento. Todas as partes do moinho em contato com o produto s\u00e3o fabricadas em a\u00e7o inoxid\u00e1vel quimicamente resistente, garantindo higiene e durabilidade. A unidade possui capacidade de 0,1 m\u00b3\/h (0,44 gpm).<\/p>\n","protected":false},"author":7,"featured_media":44458,"parent":67990,"menu_order":0,"comment_status":"closed","ping_status":"closed","template":"templates\/single-product.php","meta":{"_acf_changed":false,"_bbp_topic_count":0,"_bbp_reply_count":0,"_bbp_total_topic_count":0,"_bbp_total_reply_count":0,"_bbp_voice_count":0,"_bbp_anonymous_reply_count":0,"_bbp_topic_count_hidden":0,"_bbp_reply_count_hidden":0,"_bbp_forum_subforum_count":0,"footnotes":""},"categories":[1345],"class_list":["post-46164","page","type-page","status-publish","has-post-thumbnail","hentry","category-fresagem","oil_type-industria-alimentar","process_type-fresagem","process_type-mistura"],"acf":{"add_tab":[{"tab_title":"Descri\u00e7\u00e3o","tab_content":"<p style=\"text-align: justify;\">O moinho coloidal CLM-100.3 foi projetado para moer subst\u00e2ncias em estado pastoso, ou seja, obter uma suspens\u00e3o espessa com altas tens\u00f5es de cisalhamento.<\/p>"}],"add_def_tab":[{"tab_title":"Caracter\u00edsticas","tab_content":"<table>\r\n<tbody>\r\n<tr>\r\n<td>\r\n<p style=\"text-align: center;\"><b>\u2116<\/b><\/p>\r\n<\/td>\r\n<td>\r\n<p style=\"text-align: center;\"><b>Nome do par\u00e2metro<\/b><\/p>\r\n<\/td>\r\n<td>\r\n<p style=\"text-align: center;\"><b>Valores<\/b><\/p>\r\n<\/td>\r\n<\/tr>\r\n<tr>\r\n<td>1<\/td>\r\n<td>Produtividade da unidade, l\/hora (gpm), n\u00e3o mais<\/td>\r\n<td>\r\n<p style=\"text-align: center;\">100 (0,44)*<\/p>\r\n<\/td>\r\n<\/tr>\r\n<tr>\r\n<td>2<\/td>\r\n<td>Volume de carregamento de uma boca, l (gal)<\/td>\r\n<td>\r\n<p style=\"text-align: center;\">5 (1,3)<\/p>\r\n<\/td>\r\n<\/tr>\r\n<tr>\r\n<td>3<\/td>\r\n<td>Tipo de veda\u00e7\u00e3o do eixo<\/td>\r\n<td>\r\n<p style=\"text-align: center;\">labir\u00edntico<\/p>\r\n<\/td>\r\n<\/tr>\r\n<tr>\r\n<td>4<\/td>\r\n<td>Folga axial das facas (predefinida), mm (pol.)<\/td>\r\n<td>\r\n<p style=\"text-align: center;\">0,4\u20260,8 (1,5\u00b710<sup>-2<\/sup>\u2026 3\u00b710<sup>-2<\/sup>)<\/p>\r\n<\/td>\r\n<\/tr>\r\n<tr>\r\n<td>5<\/td>\r\n<td>Velocidade circunferencial de rota\u00e7\u00e3o das facas, m\/s (mph), n\u00e3o mais<\/td>\r\n<td>\r\n<p style=\"text-align: center;\">40 (90)<\/p>\r\n<\/td>\r\n<\/tr>\r\n<tr>\r\n<td>6<\/td>\r\n<td>Velocidade de rota\u00e7\u00e3o do eixo e do rolamento do moinho, rpm<\/td>\r\n<td>\r\n<p style=\"text-align: center;\">5880<\/p>\r\n<\/td>\r\n<\/tr>\r\n<tr>\r\n<td>7<\/td>\r\n<td>Velocidade de rota\u00e7\u00e3o do eixo do motor, rpm<\/td>\r\n<td>\r\n<p style=\"text-align: center;\">2940<\/p>\r\n<\/td>\r\n<\/tr>\r\n<tr>\r\n<td>8<\/td>\r\n<td>Pot\u00eancia de acionamento, kW<\/td>\r\n<td>\r\n<p style=\"text-align: center;\">3<\/p>\r\n<\/td>\r\n<\/tr>\r\n<tr>\r\n<td>9<\/td>\r\n<td>Tens\u00e3o dos circuitos de pot\u00eancia, V<\/td>\r\n<td>\r\n<p style=\"text-align: center;\">A pedido do cliente<\/p>\r\n<\/td>\r\n<\/tr>\r\n<tr>\r\n<td rowspan=\"4\">10<\/td>\r\n<td>Dimens\u00f5es totais, mm (pol.), n\u00e3o mais que:<\/td>\r\n<td><\/td>\r\n<\/tr>\r\n<tr>\r\n<td>-comprimento<\/td>\r\n<td>\r\n<p style=\"text-align: center;\">600 (24)<\/p>\r\n<\/td>\r\n<\/tr>\r\n<tr>\r\n<td>-largura<\/td>\r\n<td>\r\n<p style=\"text-align: center;\">700 (28)<\/p>\r\n<\/td>\r\n<\/tr>\r\n<tr>\r\n<td>-altura<\/td>\r\n<td>\r\n<p style=\"text-align: center;\">650 (26)<\/p>\r\n<\/td>\r\n<\/tr>\r\n<tr>\r\n<td>11<\/td>\r\n<td>Peso, n\u00e3o mais que, kg (lb)<\/td>\r\n<td>\r\n<p style=\"text-align: center;\">70 (154)<\/p>\r\n<\/td>\r\n<\/tr>\r\n<\/tbody>\r\n<\/table>\r\n<p style=\"text-align: justify;\">* \u2013 depende da fluidez do produto e da folga da ferramenta definida.<\/p>"},{"tab_title":"Vantagens","tab_content":"<ul>\r\n \t<li style=\"text-align: justify;\" aria-level=\"1\">dimens\u00f5es compactas;<\/li>\r\n \t<li style=\"text-align: justify;\" aria-level=\"1\">os elementos estruturais da parte de fluxo do moinho s\u00e3o feitos de a\u00e7o inoxid\u00e1vel quimicamente resistente;<\/li>\r\n \t<li style=\"text-align: justify;\" aria-level=\"1\">o moinho pode ser equipado com v\u00e1rios tipos de ferramentas do sistema rotor\/estator e o n\u00famero de etapas de trabalho (an\u00e9is) dependendo do tipo de subst\u00e2ncia processada e do impacto necess\u00e1rio (bico, c\u00e2mara, cone para moagem, cone para produtos viscosos) ;<\/li>\r\n \t<li style=\"text-align: justify;\" aria-level=\"1\">as ferramentas podem ser dobr\u00e1veis \u200b\u200bou feitas de uma \u00fanica pe\u00e7a, e tamb\u00e9m s\u00e3o feitas de v\u00e1rios tipos de a\u00e7o, dependendo da finalidade do moinho;<\/li>\r\n \t<li style=\"text-align: justify;\" aria-level=\"1\">O moinho pode ser operado em ambientes internos e externos sob um dossel.<\/li>\r\n<\/ul>"},{"tab_title":"Webinar","tab_content":"<div class=\"responsive-embed widescreen\">\r\n<div class=\"responsive-embed widescreen\">\r\n<div class=\"responsive-embed widescreen\">\r\n<div class=\"responsive-embed widescreen\"><iframe title=\"Webinar - Moagem Ultrafina na Ind\u00fastria de Alimentos (17.11.2021)\" src=\"https:\/\/www.youtube.com\/embed\/f9boL_C1-Vc?feature=oembed\" width=\"500\" height=\"281\" frameborder=\"0\" allowfullscreen=\"allowfullscreen\"><\/iframe><\/div>\r\n<\/div>\r\n<\/div>\r\n<\/div>"}],"add_video_tab":[{"video_tab_title":"Video","add_video_id":[{"video_id":"cywzi7JToSg"},{"video_id":"r1JwcsHfA6k"},{"video_id":"O-e8bg0a934"},{"video_id":"CyUis1mAy5o"},{"video_id":"nS9M3XFQ9Hk"}]}],"add_gallery_tab":null,"add_price_tab":[{"price_tab_title":"Get a quote"}]},"language":"pt-pt","_links":{"self":[{"href":"https:\/\/globecore.com\/pt-pt\/wp-json\/wp\/v2\/pages\/46164","targetHints":{"allow":["GET"]}}],"collection":[{"href":"https:\/\/globecore.com\/pt-pt\/wp-json\/wp\/v2\/pages"}],"about":[{"href":"https:\/\/globecore.com\/pt-pt\/wp-json\/wp\/v2\/types\/page"}],"author":[{"embeddable":true,"href":"https:\/\/globecore.com\/pt-pt\/wp-json\/wp\/v2\/users\/7"}],"replies":[{"embeddable":true,"href":"https:\/\/globecore.com\/pt-pt\/wp-json\/wp\/v2\/comments?post=46164"}],"version-history":[{"count":3,"href":"https:\/\/globecore.com\/pt-pt\/wp-json\/wp\/v2\/pages\/46164\/revisions"}],"predecessor-version":[{"id":342822,"href":"https:\/\/globecore.com\/pt-pt\/wp-json\/wp\/v2\/pages\/46164\/revisions\/342822"}],"up":[{"embeddable":true,"href":"https:\/\/globecore.com\/pt-pt\/wp-json\/wp\/v2\/pages\/67990"}],"wp:featuredmedia":[{"embeddable":true,"href":"https:\/\/globecore.com\/pt-pt\/wp-json\/wp\/v2\/media\/44458"}],"wp:attachment":[{"href":"https:\/\/globecore.com\/pt-pt\/wp-json\/wp\/v2\/media?parent=46164"}],"wp:term":[{"taxonomy":"category","embeddable":true,"href":"https:\/\/globecore.com\/pt-pt\/wp-json\/wp\/v2\/categories?post=46164"}],"curies":[{"name":"wp","href":"https:\/\/api.w.org\/{rel}","templated":true}]}}