{"id":58493,"date":"2021-04-22T07:07:42","date_gmt":"2021-04-22T07:07:42","guid":{"rendered":"https:\/\/globecore.com\/products\/moinho-magnetico\/avs-150k-wastewater-treatment-complex\/"},"modified":"2026-03-09T09:19:29","modified_gmt":"2026-03-09T09:19:29","slug":"avs-150k-wastewater-treatment-complex","status":"publish","type":"page","link":"https:\/\/globecore.com\/pt-pt\/products\/moinho-magnetico\/avs-150k-wastewater-treatment-complex\/","title":{"rendered":"AVSk-150 Complexo de Tratamento de \u00c1guas Residuais"},"content":{"rendered":"","protected":false},"excerpt":{"rendered":"<p>O complexo AVSk-150 \u00e9 projetado para purifica\u00e7\u00e3o de \u00e1guas residuais, removendo de forma eficaz cromo hexavalente, ferro, fen\u00f3is, cianetos, ars\u00eanio, fl\u00faor e outras impurezas. Ele possui um dispositivo de camada de v\u00f3rtice, onde part\u00edculas ferromagn\u00e9ticas se movem ao longo de trajet\u00f3rias complexas sob um campo eletromagn\u00e9tico girat\u00f3rio. Isso aprimora o tratamento f\u00edsico-qu\u00edmico atrav\u00e9s de efeitos ac\u00fasticos e eletromagn\u00e9ticos, altas press\u00f5es locais devido \u00e0 colis\u00e3o de part\u00edculas e rea\u00e7\u00f5es qu\u00edmicas r\u00e1pidas que ocorrem em segundos ou fra\u00e7\u00f5es de segundo.<\/p>\n","protected":false},"author":7,"featured_media":26844,"parent":20385,"menu_order":0,"comment_status":"closed","ping_status":"closed","template":"templates\/single-product.php","meta":{"_acf_changed":false,"_bbp_topic_count":0,"_bbp_reply_count":0,"_bbp_total_topic_count":0,"_bbp_total_reply_count":0,"_bbp_voice_count":0,"_bbp_anonymous_reply_count":0,"_bbp_topic_count_hidden":0,"_bbp_reply_count_hidden":0,"_bbp_forum_subforum_count":0,"footnotes":""},"categories":[1345],"class_list":["post-58493","page","type-page","status-publish","has-post-thumbnail","hentry","category-fresagem","oil_type-tratamento-de-aguas-residuais","process_type-ativacao","process_type-fresagem","process_type-mistura"],"acf":{"add_tab":[{"tab_title":"Descri\u00e7\u00e3o","tab_content":"<em><strong>GlobeCore<\/strong><\/em> \u00e9 a \u00fanica empresa de alta tecnologia no mundo especializada na produ\u00e7\u00e3o de moinhos eletromagn\u00e9ticos operacionais com aplica\u00e7\u00f5es reais no setor industrial, oferecendo os resultados esperados.\r\n\r\nO complexo AVSk-150 foi desenvolvido para purificar \u00e1guas residuais, removendo cromo hexavalente, ferro, fenol, cianetos, ars\u00eanio, fl\u00faor e outras impurezas.\r\n<h2 style=\"text-align: center;\">Composi\u00e7\u00e3o:<\/h2>\r\n<ul>\r\n \t<li>Dispositivo de camada de v\u00f3rtice AVS-150;<\/li>\r\n \t<li>Dois tanques com bombas dosadoras e agitadores para produtos qu\u00edmicos;<\/li>\r\n \t<li>Vaso de rea\u00e7\u00e3o;<\/li>\r\n \t<li>Bomba de alimenta\u00e7\u00e3o;<\/li>\r\n \t<li>Tanque de mistura qu\u00edmica;<\/li>\r\n \t<li>Tanque de amostragem e captura de part\u00edculas ferromagn\u00e9ticas;<\/li>\r\n \t<li>Arm\u00e1rio de armazenamento de produtos qu\u00edmicos.<\/li>\r\n<\/ul>\r\n<h2 style=\"text-align: center;\">Caracter\u00edsticas do equipamento<\/h2>\r\nO complexo se diferencia de outros equipamentos com o mesmo prop\u00f3sito pela presen\u00e7a de um dispositivo de camada de v\u00f3rtice (uma c\u00e2mara onde part\u00edculas ferromagn\u00e9ticas se movem em trajet\u00f3rias complexas, impulsionadas por um campo eletromagn\u00e9tico rotativo).\r\n\r\nO dispositivo de camada de v\u00f3rtice intensifica os processos f\u00edsicos e qu\u00edmicos de tratamento de \u00e1guas residuais por meio de tratamento ac\u00fastico e eletromagn\u00e9tico, al\u00e9m de gerar alta press\u00e3o local devido \u00e0s colis\u00f5es das part\u00edculas entre si e com as paredes da c\u00e2mara.\r\n<h3 style=\"text-align: center;\">Qualidade da purifica\u00e7\u00e3o das \u00e1guas residuais<\/h3>\r\n<table>\r\n<tbody>\r\n<tr>\r\n<td>\r\n<p style=\"text-align: center;\"><b>Contaminante<\/b><\/p>\r\n<\/td>\r\n<td>\r\n<p style=\"text-align: center;\"><b>Concentra\u00e7\u00e3o inicial<\/b><\/p>\r\n<\/td>\r\n<td>\r\n<p style=\"text-align: center;\"><b>Concentra\u00e7\u00e3o ap\u00f3s o AVSk-150<\/b><\/p>\r\n<\/td>\r\n<\/tr>\r\n<tr>\r\n<td>\r\n<p style=\"text-align: left;\">Cromo hexavalente Cr6+, mg\/dm\u00b3<\/p>\r\n<\/td>\r\n<td>\r\n<p style=\"text-align: center;\">1000<\/p>\r\n<\/td>\r\n<td>\r\n<p style=\"text-align: center;\">0<\/p>\r\n<\/td>\r\n<\/tr>\r\n<tr>\r\n<td>\r\n<p style=\"text-align: left;\">Ferro Fe2+;3+, mg\/dm\u00b3<\/p>\r\n<\/td>\r\n<td>\r\n<p style=\"text-align: center;\">250<\/p>\r\n<\/td>\r\n<td>\r\n<p style=\"text-align: center;\">0<\/p>\r\n<\/td>\r\n<\/tr>\r\n<tr>\r\n<td>\r\n<p style=\"text-align: left;\">Fenol<\/p>\r\n<\/td>\r\n<td>\r\n<p style=\"text-align: center;\">0.5-10 g\/dm\u00b3<\/p>\r\n<\/td>\r\n<td>\r\n<p style=\"text-align: center;\">50-100 mg\/dm\u00b3<\/p>\r\n<\/td>\r\n<\/tr>\r\n<tr>\r\n<td>\r\n<p style=\"text-align: left;\">Cianetos, mg\/l<\/p>\r\n<\/td>\r\n<td>\r\n<p style=\"text-align: center;\">8000<\/p>\r\n<\/td>\r\n<td>\r\n<p style=\"text-align: center;\">0.12<\/p>\r\n<\/td>\r\n<\/tr>\r\n<tr>\r\n<td>\r\n<p style=\"text-align: left;\">Ars\u00eanio, mg\/dm\u00b3<\/p>\r\n<\/td>\r\n<td>\r\n<p style=\"text-align: center;\">2115<\/p>\r\n<\/td>\r\n<td>\r\n<p style=\"text-align: center;\">0<\/p>\r\n<\/td>\r\n<\/tr>\r\n<tr>\r\n<td>\r\n<p style=\"text-align: left;\">Fl\u00faor, mg\/dm\u00b3<\/p>\r\n<\/td>\r\n<td>\r\n<p style=\"text-align: center;\">350<\/p>\r\n<\/td>\r\n<td>\r\n<p style=\"text-align: center;\">10<\/p>\r\n<\/td>\r\n<\/tr>\r\n<\/tbody>\r\n<\/table>"}],"add_def_tab":[{"tab_title":"Especifica\u00e7\u00e3o","tab_content":"<table>\r\n<tbody>\r\n<tr>\r\n<td><b>No<\/b><\/td>\r\n<td>\r\n<p style=\"text-align: center;\"><b>Par\u00e2metro<\/b><\/p>\r\n<\/td>\r\n<td>\r\n<p style=\"text-align: center;\"><b>Valor<\/b><\/p>\r\n<\/td>\r\n<\/tr>\r\n<tr>\r\n<td>1<\/td>\r\n<td>\r\n<p style=\"text-align: left;\">Capacidade de purifica\u00e7\u00e3o de \u00e1guas residuais para remo\u00e7\u00e3o de metais pesados, m\u00b3\/h (gpm) (m\u00e1x)<\/p>\r\n<\/td>\r\n<td>\r\n<p style=\"text-align: center;\">18 (80)<\/p>\r\n<\/td>\r\n<\/tr>\r\n<tr>\r\n<td>3<\/td>\r\n<td>\r\n<p style=\"text-align: left;\">Comprimento da c\u00e2mara de processamento, mm (in)<\/p>\r\n<\/td>\r\n<td>\r\n<p style=\"text-align: center;\">156 (6)<\/p>\r\n<\/td>\r\n<\/tr>\r\n<tr>\r\n<td>4<\/td>\r\n<td>\r\n<p style=\"text-align: left;\">Indu\u00e7\u00e3o magn\u00e9tica no centro do furo, T<\/p>\r\n<\/td>\r\n<td>\r\n<p style=\"text-align: center;\">0,12<\/p>\r\n<\/td>\r\n<\/tr>\r\n<tr>\r\n<td>5<\/td>\r\n<td>\r\n<p style=\"text-align: left;\">Velocidade m\u00e1xima de fluxo, m\/s (in\/s)<\/p>\r\n<\/td>\r\n<td>\r\n<p style=\"text-align: center;\">0,2 (8)<\/p>\r\n<\/td>\r\n<\/tr>\r\n<tr>\r\n<td>6<\/td>\r\n<td>\r\n<p style=\"text-align: left;\">Press\u00e3o m\u00e1xima na c\u00e2mara de processamento, MPa (psi)<\/p>\r\n<\/td>\r\n<td>\r\n<p style=\"text-align: center;\">0,16 (23)<\/p>\r\n<\/td>\r\n<\/tr>\r\n<tr>\r\n<td>7<\/td>\r\n<td>\r\n<p style=\"text-align: left;\">Viscosidade din\u00e2mica do material, Pa\u00b7s (lbf\u00b7s\/ft\u00b2)<\/p>\r\n<\/td>\r\n<td>\r\n<p style=\"text-align: center;\">1 (0,02)<\/p>\r\n<\/td>\r\n<\/tr>\r\n<tr>\r\n<td>8<\/td>\r\n<td>\r\n<p style=\"text-align: left;\">Temperatura m\u00e1xima do produto, \u00ba\u0421 (\u00baF)<\/p>\r\n<\/td>\r\n<td>\r\n<p style=\"text-align: center;\">70 (158)<\/p>\r\n<\/td>\r\n<\/tr>\r\n<tr>\r\n<td>9<\/td>\r\n<td>\r\n<p style=\"text-align: left;\">Par\u00e2metros da fonte de energia<\/p>\r\n<\/td>\r\n<td>\r\n<p style=\"text-align: center;\">Personalizado<\/p>\r\n<\/td>\r\n<\/tr>\r\n<tr>\r\n<td>10<\/td>\r\n<td>\r\n<p style=\"text-align: left;\">Pot\u00eancia ativa, kW<\/p>\r\n<\/td>\r\n<td>\r\n<p style=\"text-align: center;\">9,5<\/p>\r\n<\/td>\r\n<\/tr>\r\n<tr>\r\n<td>11<\/td>\r\n<td>\r\n<p style=\"text-align: left;\">Pot\u00eancia total m\u00e1xima, kVA<\/p>\r\n<\/td>\r\n<td>\r\n<p style=\"text-align: center;\">22<\/p>\r\n<\/td>\r\n<\/tr>\r\n<tr>\r\n<td>12<\/td>\r\n<td>\r\n<p style=\"text-align: left;\">Capacit\u00e2ncia, kVAr<\/p>\r\n<\/td>\r\n<td>\r\n<p style=\"text-align: center;\">40+25+25<\/p>\r\n<\/td>\r\n<\/tr>\r\n<tr>\r\n<td>13<\/td>\r\n<td>\r\n<p style=\"text-align: left;\">Dimens\u00f5es m\u00e1ximas, mm (in):<\/p>\r\n<p style=\"text-align: left;\">Container:<\/p>\r\n<p style=\"text-align: left;\">\u2013 comprimento<\/p>\r\n<p style=\"text-align: left;\">\u2013 largura<\/p>\r\n<p style=\"text-align: left;\">\u2013 altura<\/p>\r\n<p style=\"text-align: left;\">Unidade AVS:<\/p>\r\n<p style=\"text-align: left;\">\u2013 comprimento<\/p>\r\n<p style=\"text-align: left;\">\u2013 largura<\/p>\r\n<p style=\"text-align: left;\">\u2013 altura<\/p>\r\n<p style=\"text-align: left;\">Se\u00e7\u00e3o de controle AVS:<\/p>\r\n<p style=\"text-align: left;\">\u2013 comprimento<\/p>\r\n<p style=\"text-align: left;\">\u2013 largura<\/p>\r\n<p style=\"text-align: left;\">\u2013 altura<\/p>\r\n<\/td>\r\n<td>\r\n<p style=\"text-align: center;\">4800 (189)<\/p>\r\n<p style=\"text-align: center;\">2100 (83)<\/p>\r\n<p style=\"text-align: center;\">2500 (98)<\/p>\r\n<p style=\"text-align: center;\">1060 (42)<\/p>\r\n<p style=\"text-align: center;\">910 (36)<\/p>\r\n<p style=\"text-align: center;\">1250 (49)<\/p>\r\n<p style=\"text-align: center;\">1050 (41)<\/p>\r\n<p style=\"text-align: center;\">800 (31)<\/p>\r\n<p style=\"text-align: center;\">1960 (77)<\/p>\r\n<\/td>\r\n<\/tr>\r\n<tr>\r\n<td>14<\/td>\r\n<td>\r\n<p style=\"text-align: left;\">Peso, kg (lb), m\u00e1x:<\/p>\r\n<p style=\"text-align: left;\">Container (com a unidade e o sistema de purifica\u00e7\u00e3o inclu\u00eddos)<\/p>\r\n<p style=\"text-align: left;\">Se\u00e7\u00e3o de processo<\/p>\r\n<p style=\"text-align: left;\">Se\u00e7\u00e3o de controle<\/p>\r\n<\/td>\r\n<td>\r\n<p style=\"text-align: center;\">5000 (11000)<\/p>\r\n<p style=\"text-align: center;\">380 (830)<\/p>\r\n<p style=\"text-align: center;\">300 (660)<\/p>\r\n<\/td>\r\n<\/tr>\r\n<\/tbody>\r\n<\/table>"},{"tab_title":"Vantagens","tab_content":"<ul>\r\n \t<li style=\"text-align: justify;\">Rea\u00e7\u00f5es qu\u00edmicas r\u00e1pidas na c\u00e2mara de processamento (na ordem de segundos e fra\u00e7\u00f5es de segundo);<\/li>\r\n \t<li style=\"text-align: justify;\">Redu\u00e7\u00e3o de 25-50% no consumo de produtos qu\u00edmicos;<\/li>\r\n \t<li style=\"text-align: justify;\">Redu\u00e7\u00e3o do consumo de energia por um fator de 2-8;<\/li>\r\n \t<li style=\"text-align: justify;\">Redu\u00e7\u00e3o da \u00e1rea ocupada pela instala\u00e7\u00e3o de purifica\u00e7\u00e3o em 10-15%.<\/li>\r\n<\/ul>"},{"tab_title":"Aplica\u00e7\u00e3o","tab_content":"[product_oil_types]"}],"add_video_tab":[{"video_tab_title":"Video","add_video_id":[{"video_id":"uYZauZ3I2tE"},{"video_id":"kFEPFcAIVhU"},{"video_id":"QGo4nJc5PrE"},{"video_id":"9YHd6CzYosE"}]}],"add_gallery_tab":[{"gallery_tab_title":"Foto","add_img":[26108,26126,26099,26090]}],"add_price_tab":[{"price_tab_title":"Get a quote"}]},"language":"pt-pt","_links":{"self":[{"href":"https:\/\/globecore.com\/pt-pt\/wp-json\/wp\/v2\/pages\/58493","targetHints":{"allow":["GET"]}}],"collection":[{"href":"https:\/\/globecore.com\/pt-pt\/wp-json\/wp\/v2\/pages"}],"about":[{"href":"https:\/\/globecore.com\/pt-pt\/wp-json\/wp\/v2\/types\/page"}],"author":[{"embeddable":true,"href":"https:\/\/globecore.com\/pt-pt\/wp-json\/wp\/v2\/users\/7"}],"replies":[{"embeddable":true,"href":"https:\/\/globecore.com\/pt-pt\/wp-json\/wp\/v2\/comments?post=58493"}],"version-history":[{"count":4,"href":"https:\/\/globecore.com\/pt-pt\/wp-json\/wp\/v2\/pages\/58493\/revisions"}],"predecessor-version":[{"id":341821,"href":"https:\/\/globecore.com\/pt-pt\/wp-json\/wp\/v2\/pages\/58493\/revisions\/341821"}],"up":[{"embeddable":true,"href":"https:\/\/globecore.com\/pt-pt\/wp-json\/wp\/v2\/pages\/20385"}],"wp:featuredmedia":[{"embeddable":true,"href":"https:\/\/globecore.com\/pt-pt\/wp-json\/wp\/v2\/media\/26844"}],"wp:attachment":[{"href":"https:\/\/globecore.com\/pt-pt\/wp-json\/wp\/v2\/media?parent=58493"}],"wp:term":[{"taxonomy":"category","embeddable":true,"href":"https:\/\/globecore.com\/pt-pt\/wp-json\/wp\/v2\/categories?post=58493"}],"curies":[{"name":"wp","href":"https:\/\/api.w.org\/{rel}","templated":true}]}}