{"id":66277,"date":"2022-11-25T10:19:02","date_gmt":"2022-11-25T10:19:02","guid":{"rendered":"https:\/\/globecore.com\/products\/filtracao-de-oleos\/industrial-oils-filtration-unit-cmm-12fr-with-self-cleaning-filters\/"},"modified":"2026-03-06T07:56:12","modified_gmt":"2026-03-06T07:56:12","slug":"industrial-oils-filtration-unit-cmm-12fr-with-self-cleaning-filters","status":"publish","type":"page","link":"https:\/\/globecore.com\/pt-pt\/products\/filtracao-de-oleos\/industrial-oils-filtration-unit-cmm-12fr-with-self-cleaning-filters\/","title":{"rendered":"CMM-1,2Fr Unidade de filtra\u00e7\u00e3o de \u00f3leos industriais"},"content":{"rendered":"","protected":false},"excerpt":{"rendered":"<p>A unidade CMM-1,2Fr \u00e9 projetada para limpar l\u00edquidos \u00e0 base de \u00f3leo, como \u00f3leos, fluidos de corte e fluidos hidr\u00e1ulicos de trabalho, de impurezas mec\u00e2nicas. Garante alta pureza do l\u00edquido na produ\u00e7\u00e3o, reparo e manuten\u00e7\u00e3o de equipamentos para usinas, m\u00e1quinas de constru\u00e7\u00e3o e rodovias, motores, m\u00e1quinas-ferramenta e equipamentos de processo. A unidade tem uma taxa de processamento de 0,5\u20131,2\u202fm\u00b3\/h e uma finura de filtra\u00e7\u00e3o de 5\u202f\u03bcm. A CMM-1,2Fr aumenta a confiabilidade e durabilidade de sistemas e conjuntos de \u00f3leo hidr\u00e1ulico. Opera em tr\u00eas modos: recarga do acumulador hidr\u00e1ulico, filtragem do l\u00edquido e limpeza dos filtros. Os filtros s\u00e3o autolimpantes, permitindo opera\u00e7\u00e3o cont\u00ednua, e a unidade determina automaticamente a dura\u00e7\u00e3o de cada modo de opera\u00e7\u00e3o.<\/p>\n","protected":false},"author":7,"featured_media":65952,"parent":17593,"menu_order":0,"comment_status":"closed","ping_status":"closed","template":"templates\/single-product.php","meta":{"_acf_changed":false,"_bbp_topic_count":0,"_bbp_reply_count":0,"_bbp_total_topic_count":0,"_bbp_total_reply_count":0,"_bbp_voice_count":0,"_bbp_anonymous_reply_count":0,"_bbp_topic_count_hidden":0,"_bbp_reply_count_hidden":0,"_bbp_forum_subforum_count":0,"footnotes":""},"categories":[1341],"class_list":["post-66277","page","type-page","status-publish","has-post-thumbnail","hentry","category-oil-maintenance-pt-pt","oil_type-fluido-dieletrico-fr3","oil_type-fluido-dieletrico-midel-7131","oil_type-fluido-resistente-ao-fogo-fyrquel","oil_type-oleo-de-silicone","oil_type-oleo-de-transmissao","oil_type-oleo-hidraulico","oil_type-oleo-industrial","oil_type-oleo-para-cabos","oil_type-oleo-para-compressores","oil_type-oleo-para-transformadores","oil_type-oleo-para-turbinas","process_type-filtragem"],"acf":{"add_tab":[{"tab_title":"Descri\u00e7\u00e3o","tab_content":"<p style=\"text-align: justify;\">A unidade CMM-1,2Fr \u00e9 projetada para limpar l\u00edquidos \u00e0 base de \u00f3leo (\u00f3leos, fluidos de corte, fluidos de trabalho para sistemas hidr\u00e1ulicos de m\u00e1quinas e equipamentos) de impurezas mec\u00e2nicas. A unidade garante a pureza dos l\u00edquidos na produ\u00e7\u00e3o, reparo e manuten\u00e7\u00e3o de equipamentos de empresas de energia, equipamentos de constru\u00e7\u00e3o e rodovi\u00e1rios, motores, m\u00e1quinas-ferramentas, equipamentos de processo, etc. A instala\u00e7\u00e3o aumenta a confiabilidade e a durabilidade dos sistemas e conjuntos de \u00f3leo hidr\u00e1ulico.<\/p>\r\n<p style=\"text-align: justify;\">A unidade CMM-1,2Fr pode processar \u00f3leos minerais com as seguintes propriedades:<\/p>\r\n\r\n<ul>\r\n \t<li style=\"text-align: justify;\">viscosidade cinem\u00e1tica, mm2\/s a 50\u00b0\u0421 - at\u00e9 400;<\/li>\r\n \t<li style=\"text-align: justify;\">classe de pureza industrial de acordo com a ISO 4406 - n\u00e3o pior que 21\/19\/16.<\/li>\r\n<\/ul>\r\n<h2 style=\"text-align: center;\">Princ\u00edpio da Opera\u00e7\u00e3o<\/h2>\r\n<p style=\"text-align: justify;\">A unidade possui tr\u00eas modos de opera\u00e7\u00e3o: carregamento da bateria, filtragem de l\u00edquidos e limpeza do filtro. Os filtros s\u00e3o limpos automaticamente. CMM-1,2Fr determina independentemente a dura\u00e7\u00e3o de cada modo de opera\u00e7\u00e3o.<\/p>\r\n<p style=\"text-align: justify;\">A instala\u00e7\u00e3o consiste nos seguintes elementos:<\/p>\r\n\r\n<ol>\r\n \t<li style=\"text-align: justify;\">Unidade de bomba.<\/li>\r\n \t<li style=\"text-align: justify;\">Filtros grossos (malha).<\/li>\r\n \t<li style=\"text-align: justify;\">Filtros de cartucho para limpeza fina.<\/li>\r\n \t<li style=\"text-align: justify;\">N\u00f3 de seguran\u00e7a.<\/li>\r\n \t<li style=\"text-align: justify;\">Gabinete de controle.<\/li>\r\n \t<li style=\"text-align: justify;\">Acumulador hidr\u00e1ulico.<\/li>\r\n \t<li style=\"text-align: justify;\">Arma\u00e7\u00e3o-palete met\u00e1lica montada sobre rodas.<\/li>\r\n \t<li style=\"text-align: justify;\">Sistema de tubula\u00e7\u00e3o.<\/li>\r\n<\/ol>"}],"add_def_tab":[{"tab_title":"Especifica\u00e7\u00f5es","tab_content":"<table width=\"601\">\r\n<tbody>\r\n<tr>\r\n<td width=\"64\"><strong>\u2116<\/strong><\/td>\r\n<td width=\"427\">\r\n<p style=\"text-align: center;\"><strong>Nome do par\u00e2metro<\/strong><\/p>\r\n<\/td>\r\n<td width=\"110\">\r\n<p style=\"text-align: center;\"><strong>Valores<\/strong><\/p>\r\n<\/td>\r\n<\/tr>\r\n<tr>\r\n<td width=\"64\">1<\/td>\r\n<td width=\"427\">\r\n<p style=\"text-align: left;\">Produtividade, m\u00b3\/h<\/p>\r\n<\/td>\r\n<td width=\"110\">\r\n<p style=\"text-align: center;\">0,5 \u2026 1,2<\/p>\r\n<\/td>\r\n<\/tr>\r\n<tr>\r\n<td width=\"64\">2<\/td>\r\n<td width=\"427\">\r\n<p style=\"text-align: left;\">Fineza de filtragem, m\u00edcrons<\/p>\r\n<\/td>\r\n<td width=\"110\">\r\n<p style=\"text-align: center;\">5<\/p>\r\n<\/td>\r\n<\/tr>\r\n<tr>\r\n<td width=\"64\">3<\/td>\r\n<td width=\"427\">\r\n<p style=\"text-align: left;\">Volume do acumulador hidr\u00e1ulico, l<\/p>\r\n<\/td>\r\n<td width=\"110\">\r\n<p style=\"text-align: center;\">4<\/p>\r\n<\/td>\r\n<\/tr>\r\n<tr>\r\n<td width=\"64\">4<\/td>\r\n<td width=\"427\">\r\n<p style=\"text-align: left;\">Press\u00e3o do \u00f3leo no acumulador, bar, m\u00e1x.<\/p>\r\n<\/td>\r\n<td width=\"110\">\r\n<p style=\"text-align: center;\">12<\/p>\r\n<\/td>\r\n<\/tr>\r\n<tr>\r\n<td width=\"64\">5<\/td>\r\n<td width=\"427\">\r\n<p style=\"text-align: left;\">Temperatura do \u00f3leo processado, \u00b0C<\/p>\r\n<\/td>\r\n<td width=\"110\">\r\n<p style=\"text-align: center;\">0\u202670<\/p>\r\n<\/td>\r\n<\/tr>\r\n<tr>\r\n<td width=\"64\">6<\/td>\r\n<td width=\"427\">\r\n<p style=\"text-align: left;\">kW de pot\u00eancia de entrada instalada<\/p>\r\n<\/td>\r\n<td width=\"110\">\r\n<p style=\"text-align: center;\">1,5<\/p>\r\n<\/td>\r\n<\/tr>\r\n<tr>\r\n<td width=\"64\">7<\/td>\r\n<td width=\"427\">\r\n<p style=\"text-align: left;\">Press\u00e3o nominal do \u00f3leo na entrada, bar, m\u00e1x.<\/p>\r\n<\/td>\r\n<td width=\"110\">\r\n<p style=\"text-align: center;\">0,3<\/p>\r\n<\/td>\r\n<\/tr>\r\n<tr>\r\n<td width=\"64\">8<\/td>\r\n<td width=\"427\">\r\n<p style=\"text-align: left;\">Press\u00e3o m\u00e1xima na sa\u00edda da bomba de transfer\u00eancia, bar<\/p>\r\n<\/td>\r\n<td width=\"110\">\r\n<p style=\"text-align: center;\">12<\/p>\r\n<\/td>\r\n<\/tr>\r\n<tr>\r\n<td width=\"64\">9<\/td>\r\n<td width=\"427\">\r\n<p style=\"text-align: left;\">Tens\u00e3o de alimenta\u00e7\u00e3o de uma rede CA trif\u00e1sica com frequ\u00eancia de 50 Hz (60 Hz),<\/p>\r\n<\/td>\r\n<td width=\"110\">\r\n<p style=\"text-align: center;\">A pedido do cliente<\/p>\r\n<\/td>\r\n<\/tr>\r\n<tr>\r\n<td width=\"64\">10<\/td>\r\n<td width=\"427\">\r\n<p style=\"text-align: left;\">Dimens\u00f5es totais, mm, n\u00e3o mais<\/p>\r\n<p style=\"text-align: left;\">\u2013\u00a0\u00a0\u00a0\u00a0\u00a0\u00a0 comprimento<\/p>\r\n<p style=\"text-align: left;\">\u2013\u00a0\u00a0\u00a0\u00a0\u00a0\u00a0 largura<\/p>\r\n<p style=\"text-align: left;\">\u2013\u00a0\u00a0\u00a0\u00a0\u00a0 altura<\/p>\r\n<\/td>\r\n<td width=\"110\">&nbsp;\r\n<p style=\"text-align: center;\">800<\/p>\r\n<p style=\"text-align: center;\">620<\/p>\r\n<p style=\"text-align: center;\">1500<\/p>\r\n<\/td>\r\n<\/tr>\r\n<tr>\r\n<td width=\"64\">11<\/td>\r\n<td width=\"427\">\r\n<p style=\"text-align: left;\">Peso, kg, n\u00e3o mais<\/p>\r\n<\/td>\r\n<td width=\"110\">\r\n<p style=\"text-align: center;\">130<\/p>\r\n<\/td>\r\n<\/tr>\r\n<\/tbody>\r\n<\/table>"},{"tab_title":"Vantagens","tab_content":"<ul>\r\n \t<li>os elementos filtrantes n\u00e3o precisam ser substitu\u00eddos, pois s\u00e3o autolimpantes;<\/li>\r\n \t<li>\r\n<p style=\"text-align: justify;\">gra\u00e7as aos elementos filtrantes instalados, o equipamento pode funcionar sem interrup\u00e7\u00e3o;<\/p>\r\n<\/li>\r\n \t<li>\r\n<p style=\"text-align: justify;\">dimens\u00f5es compactas;<\/p>\r\n<\/li>\r\n \t<li>\r\n<p style=\"text-align: justify;\">a unidade \u00e9 facilmente movida devido \u00e0 sua coloca\u00e7\u00e3o em uma plataforma com rodas.<\/p>\r\n<\/li>\r\n<\/ul>"},{"tab_title":"Aplica\u00e7\u00e3o","tab_content":"[product_oil_types]"},{"tab_title":"Webinar","tab_content":"<div class=\"responsive-embed widescreen\">\r\n<div class=\"responsive-embed widescreen\">\r\n<div class=\"responsive-embed widescreen\">\r\n<div class=\"responsive-embed widescreen\">\r\n<div class=\"responsive-embed widescreen\">\r\n<div class=\"responsive-embed widescreen\">\r\n<div class=\"responsive-embed widescreen\">\r\n<div class=\"responsive-embed widescreen\">\r\n<div class=\"responsive-embed widescreen\"><iframe title=\"Manuten\u00e7\u00e3o dos transformadores de pot\u00eancia\" src=\"https:\/\/www.youtube.com\/embed\/RblXgV_sUy0?feature=oembed\" width=\"500\" height=\"281\" frameborder=\"0\" allowfullscreen=\"allowfullscreen\"><\/iframe><\/div>\r\n<\/div>\r\n<\/div>\r\n<\/div>\r\n<\/div>\r\n<\/div>\r\n<\/div>\r\n<\/div>\r\n<\/div>"}],"add_video_tab":[{"video_tab_title":"Video","add_video_id":[{"video_id":"vUw0tlBs7QE"},{"video_id":"HCRTHazf4Pg"}]}],"add_gallery_tab":null,"add_price_tab":null},"language":"pt-pt","_links":{"self":[{"href":"https:\/\/globecore.com\/pt-pt\/wp-json\/wp\/v2\/pages\/66277","targetHints":{"allow":["GET"]}}],"collection":[{"href":"https:\/\/globecore.com\/pt-pt\/wp-json\/wp\/v2\/pages"}],"about":[{"href":"https:\/\/globecore.com\/pt-pt\/wp-json\/wp\/v2\/types\/page"}],"author":[{"embeddable":true,"href":"https:\/\/globecore.com\/pt-pt\/wp-json\/wp\/v2\/users\/7"}],"replies":[{"embeddable":true,"href":"https:\/\/globecore.com\/pt-pt\/wp-json\/wp\/v2\/comments?post=66277"}],"version-history":[{"count":1,"href":"https:\/\/globecore.com\/pt-pt\/wp-json\/wp\/v2\/pages\/66277\/revisions"}],"predecessor-version":[{"id":336062,"href":"https:\/\/globecore.com\/pt-pt\/wp-json\/wp\/v2\/pages\/66277\/revisions\/336062"}],"up":[{"embeddable":true,"href":"https:\/\/globecore.com\/pt-pt\/wp-json\/wp\/v2\/pages\/17593"}],"wp:featuredmedia":[{"embeddable":true,"href":"https:\/\/globecore.com\/pt-pt\/wp-json\/wp\/v2\/media\/65952"}],"wp:attachment":[{"href":"https:\/\/globecore.com\/pt-pt\/wp-json\/wp\/v2\/media?parent=66277"}],"wp:term":[{"taxonomy":"category","embeddable":true,"href":"https:\/\/globecore.com\/pt-pt\/wp-json\/wp\/v2\/categories?post=66277"}],"curies":[{"name":"wp","href":"https:\/\/api.w.org\/{rel}","templated":true}]}}