{"id":66570,"date":"2022-11-15T09:44:06","date_gmt":"2022-11-15T09:44:06","guid":{"rendered":"https:\/\/globecore.com\/products\/instrumentospt\/transformer-oils-breakdown-voltage-tester-tor-80a-with-battery\/"},"modified":"2026-03-06T14:09:08","modified_gmt":"2026-03-06T14:09:08","slug":"transformer-oils-breakdown-voltage-tester-tor-80a-with-battery","status":"publish","type":"page","link":"https:\/\/globecore.com\/pt-pt\/products\/instrumentospt\/transformer-oils-breakdown-voltage-tester-tor-80a-with-battery\/","title":{"rendered":"TOR-80A (TOR-80A LSL) Dispositivo de medi\u00e7\u00e3o de tens\u00e3o de ruptura para \u00f3leo de transformador com acumulador"},"content":{"rendered":"","protected":false},"excerpt":{"rendered":"<p>O TOR-80A \u00e9 um dispositivo port\u00e1til para medir a rigidez diel\u00e9trica (tens\u00e3o de ruptura de at\u00e9 80\u202fkV) de \u00f3leo de transformador e outros diel\u00e9tricos l\u00edquidos. Opera de acordo com as normas IEC 60156, VDE 0370, ASTM D877, ASTM D1816 e IRAM 2341, que podem ser atualizadas ou expandidas para atender \u00e0s regulamenta\u00e7\u00f5es e requisitos do cliente. Equipado com uma bateria interna recarreg\u00e1vel, o TOR-80A permite opera\u00e7\u00e3o totalmente aut\u00f4noma diretamente no local, fornecendo medi\u00e7\u00f5es precisas e confi\u00e1veis em campo.<\/p>\n","protected":false},"author":7,"featured_media":102207,"parent":32199,"menu_order":0,"comment_status":"closed","ping_status":"closed","template":"templates\/single-product.php","meta":{"_acf_changed":false,"_bbp_topic_count":0,"_bbp_reply_count":0,"_bbp_total_topic_count":0,"_bbp_total_reply_count":0,"_bbp_voice_count":0,"_bbp_anonymous_reply_count":0,"_bbp_topic_count_hidden":0,"_bbp_reply_count_hidden":0,"_bbp_forum_subforum_count":0,"footnotes":""},"categories":[1684],"class_list":["post-66570","page","type-page","status-publish","has-post-thumbnail","hentry","category-instruments-pt-pt","oil_type-fluido-dieletrico-fr3","oil_type-fluido-dieletrico-midel-7131","oil_type-oleo-de-silicone","oil_type-oleo-para-transformadores","process_type-teste-de-tensao-de-ruptura"],"acf":{"add_tab":[{"tab_title":"Descri\u00e7\u00e3o","tab_content":"<p style=\"text-align: justify;\">O dispositivo TOR-80A (TOR-80A LSL) \u00e9 projetado para testar o \u00f3leo do transformador e outros diel\u00e9tricos l\u00edquidos, determinando a tens\u00e3o de ruptura el\u00e9trica. A tens\u00e3o de ruptura el\u00e9trica \u00e9 determinada de acordo com IEC 60156, VDE 0370, ASTM D877, ASTM D1816, IRAM 2341. Esta lista pode ser complementada e modificada levando em considera\u00e7\u00e3o os desejos dos clientes e com o advento de novas vers\u00f5es de padr\u00f5es.<\/p>\r\n<p style=\"text-align: justify;\">Uma caracter\u00edstica do dispositivo TOR-80A \u00e9 a presen\u00e7a de uma bateria que oferece a possibilidade de opera\u00e7\u00e3o aut\u00f4noma em campo no local de opera\u00e7\u00e3o do transformador.<\/p>\r\n\r\n<h2 style=\"text-align: center;\">Procedimento de teste<\/h2>\r\n<p style=\"text-align: justify;\">Depois de encher a c\u00e9lula de medi\u00e7\u00e3o com \u00f3leo e ligar o aparelho, a tela inicial aparece no visor. O operador seleciona o modelo de medi\u00e7\u00e3o e o tipo de \u00f3leo. O instrumento procede automaticamente ao teste. Ap\u00f3s uma quebra no \u00faltimo ciclo de teste, os totais s\u00e3o exibidos. Se desejar, eles podem ser enviados para impress\u00e3o diretamente do dispositivo.<\/p>"}],"add_def_tab":[{"tab_title":"Especifica\u00e7\u00f5es","tab_content":"<table width=\"601\">\r\n<tbody>\r\n<tr>\r\n<td width=\"45\"><strong>\u2116<\/strong><\/td>\r\n<td width=\"411\">\r\n<p style=\"text-align: center;\"><strong>Designa\u00e7\u00e3o<\/strong><\/p>\r\n<\/td>\r\n<td width=\"145\">\r\n<p style=\"text-align: center;\"><strong>Significado<\/strong><\/p>\r\n<\/td>\r\n<\/tr>\r\n<tr>\r\n<td width=\"45\">1<\/td>\r\n<td width=\"411\">\r\n<p style=\"text-align: left;\">Tens\u00e3o de opera\u00e7\u00e3o CA, V<\/p>\r\n<\/td>\r\n<td width=\"145\">\r\n<p style=\"text-align: center;\">85 \u2013 264<\/p>\r\n<\/td>\r\n<\/tr>\r\n<tr>\r\n<td width=\"45\">2<\/td>\r\n<td width=\"411\">\r\n<p style=\"text-align: left;\">Frequ\u00eancia da fonte de alimenta\u00e7\u00e3o, Hz<\/p>\r\n<\/td>\r\n<td width=\"145\">\r\n<p style=\"text-align: center;\">48 \u2013 63<\/p>\r\n<\/td>\r\n<\/tr>\r\n<tr>\r\n<td width=\"45\">3<\/td>\r\n<td width=\"411\">\r\n<p style=\"text-align: left;\">Pot\u00eancia, VA<\/p>\r\n<\/td>\r\n<td width=\"145\">\r\n<p style=\"text-align: center;\">N\u00e3o mais que 250<\/p>\r\n<\/td>\r\n<\/tr>\r\n<tr>\r\n<td width=\"45\">4<\/td>\r\n<td width=\"411\">\r\n<p style=\"text-align: left;\">Tens\u00e3o m\u00e1xima de sa\u00edda, kV<\/p>\r\n<\/td>\r\n<td width=\"145\">\r\n<p style=\"text-align: center;\">Senoidal, at\u00e9 80 kV RMS<\/p>\r\n<\/td>\r\n<\/tr>\r\n<tr>\r\n<td width=\"45\">5<\/td>\r\n<td width=\"411\">\r\n<p style=\"text-align: left;\">Erro de medi\u00e7\u00e3o da tens\u00e3o de sa\u00edda, %<\/p>\r\n<\/td>\r\n<td width=\"145\">\r\n<p style=\"text-align: center;\">\u00b1 1<\/p>\r\n<\/td>\r\n<\/tr>\r\n<tr>\r\n<td width=\"45\">6<\/td>\r\n<td width=\"411\">\r\n<p style=\"text-align: left;\">Taxa de varia\u00e7\u00e3o de tens\u00e3o, kV\/s (vari\u00e1vel)<\/p>\r\n<\/td>\r\n<td width=\"145\">\r\n<p style=\"text-align: center;\">De 0,1 a 5<\/p>\r\n<\/td>\r\n<\/tr>\r\n<tr>\r\n<td width=\"45\">7<\/td>\r\n<td width=\"411\">\r\n<p style=\"text-align: left;\">Resolu\u00e7\u00e3o ao exibir a tens\u00e3o de sa\u00edda, V<\/p>\r\n<\/td>\r\n<td width=\"145\">\r\n<p style=\"text-align: center;\">100<\/p>\r\n<\/td>\r\n<\/tr>\r\n<tr>\r\n<td width=\"45\">8<\/td>\r\n<td width=\"411\">\r\n<p style=\"text-align: left;\">Tempo de desligamento de alta tens\u00e3o ap\u00f3s falha, \u00b5s<\/p>\r\n<\/td>\r\n<td width=\"145\">\r\n<p style=\"text-align: center;\">10 m\u00e1x.,<\/p>\r\n<p style=\"text-align: center;\">4 t\u00edpico<\/p>\r\n<\/td>\r\n<\/tr>\r\n<tr>\r\n<td width=\"45\">9<\/td>\r\n<td width=\"411\">\r\n<p style=\"text-align: left;\">Medindo o volume da c\u00e9lula, cm3<\/p>\r\n<\/td>\r\n<td width=\"145\">\r\n<p style=\"text-align: center;\">500<\/p>\r\n<\/td>\r\n<\/tr>\r\n<tr>\r\n<td width=\"45\">10<\/td>\r\n<td width=\"411\">\r\n<p style=\"text-align: left;\">Faixa de medi\u00e7\u00e3o de temperatura ambiente,\u00b0S<\/p>\r\n<\/td>\r\n<td width=\"145\">\r\n<p style=\"text-align: center;\">0 \u2013 100<\/p>\r\n<\/td>\r\n<\/tr>\r\n<tr>\r\n<td width=\"45\">11<\/td>\r\n<td width=\"411\">\r\n<p style=\"text-align: left;\">Resolu\u00e7\u00e3o de temperatura,\u00b0S<\/p>\r\n<\/td>\r\n<td width=\"145\">\r\n<p style=\"text-align: center;\">0,1<\/p>\r\n<\/td>\r\n<\/tr>\r\n<tr>\r\n<td width=\"45\">12<\/td>\r\n<td width=\"411\">\r\n<p style=\"text-align: left;\">Impressora embutida<\/p>\r\n<\/td>\r\n<td width=\"145\">\r\n<p style=\"text-align: center;\">sim<\/p>\r\n<\/td>\r\n<\/tr>\r\n<tr>\r\n<td width=\"45\">13<\/td>\r\n<td width=\"411\">\r\n<p style=\"text-align: left;\">bateria<\/p>\r\n<\/td>\r\n<td width=\"145\">\r\n<p style=\"text-align: center;\">sim<\/p>\r\n<\/td>\r\n<\/tr>\r\n<tr>\r\n<td width=\"45\">14<\/td>\r\n<td width=\"411\">\r\n<p style=\"text-align: left;\">Tempo de opera\u00e7\u00e3o aut\u00f4noma cont\u00ednua (da bateria), h<\/p>\r\n<\/td>\r\n<td width=\"145\">\r\n<p style=\"text-align: center;\">8<\/p>\r\n<\/td>\r\n<\/tr>\r\n<tr>\r\n<td width=\"45\">15<\/td>\r\n<td width=\"411\">\r\n<p style=\"text-align: left;\">Hora de carregar<\/p>\r\n<\/td>\r\n<td width=\"145\">\r\n<p style=\"text-align: center;\">8<\/p>\r\n<\/td>\r\n<\/tr>\r\n<tr>\r\n<td width=\"45\">16<\/td>\r\n<td width=\"411\">\r\n<p style=\"text-align: left;\">Temperatura de trabalho,\u00b0S<\/p>\r\n<\/td>\r\n<td width=\"145\">\r\n<p style=\"text-align: center;\">De 0 a +50\/40<\/p>\r\n<\/td>\r\n<\/tr>\r\n<tr>\r\n<td width=\"45\">17<\/td>\r\n<td width=\"411\">\r\n<p style=\"text-align: left;\">Temperatura de transporte e armazenamento,\u00b0S<\/p>\r\n<\/td>\r\n<td width=\"145\">\r\n<p style=\"text-align: center;\">De -15 a +40<\/p>\r\n<\/td>\r\n<\/tr>\r\n<tr>\r\n<td width=\"45\">18<\/td>\r\n<td width=\"411\">\r\n<p style=\"text-align: left;\">Humidade relativa, %<\/p>\r\n<\/td>\r\n<td width=\"145\">\r\n<p style=\"text-align: center;\">At\u00e9 90 sem condensa\u00e7\u00e3o<\/p>\r\n<\/td>\r\n<\/tr>\r\n<tr>\r\n<td width=\"45\">19<\/td>\r\n<td width=\"411\">\r\n<p style=\"text-align: left;\">Press\u00e3o atmosf\u00e9rica, mm. rt. Arte.<\/p>\r\n<\/td>\r\n<td width=\"145\">\r\n<p style=\"text-align: center;\">630 \u2013 800<\/p>\r\n<\/td>\r\n<\/tr>\r\n<tr>\r\n<td width=\"45\">20<\/td>\r\n<td width=\"411\">\r\n<p style=\"text-align: left;\">Dimens\u00f5es totais, mm<\/p>\r\n<\/td>\r\n<td width=\"145\">\r\n<p style=\"text-align: center;\">510x300x413<\/p>\r\n<\/td>\r\n<\/tr>\r\n<tr>\r\n<td width=\"45\">21<\/td>\r\n<td width=\"411\">\r\n<p style=\"text-align: left;\">Peso, kg, n\u00e3o mais<\/p>\r\n<\/td>\r\n<td width=\"145\">\r\n<p style=\"text-align: center;\">38,1<\/p>\r\n<\/td>\r\n<\/tr>\r\n<\/tbody>\r\n<\/table>"},{"tab_title":"Vantagens","tab_content":"<ul>\r\n \t<li style=\"text-align: justify;\">pode trabalhar offline com baterias totalmente carregadas por oito horas;<\/li>\r\n \t<li style=\"text-align: justify;\">atende aos mais altos requisitos t\u00e9cnicos, possui eletr\u00f4nica, design e software modernos;<\/li>\r\n \t<li style=\"text-align: justify;\">aparelho confi\u00e1vel, pr\u00e1tico e f\u00e1cil de usar;<\/li>\r\n \t<li style=\"text-align: justify;\">Economia de tempo e dinheiro testando o \u00f3leo no local de opera\u00e7\u00e3o do transformador.<\/li>\r\n<\/ul>"},{"tab_title":"Aplica\u00e7\u00e3o","tab_content":"[product_oil_types]"},{"tab_title":"Webinar","tab_content":"<div class=\"responsive-embed widescreen\">\r\n<div class=\"responsive-embed widescreen\">\r\n<div class=\"responsive-embed widescreen\">\r\n<div class=\"responsive-embed widescreen\">\r\n<div class=\"responsive-embed widescreen\">\r\n<div class=\"responsive-embed widescreen\">\r\n<div class=\"responsive-embed widescreen\">\r\n<div class=\"responsive-embed widescreen\">\r\n<div class=\"responsive-embed widescreen\"><iframe title=\"Teste BDV Online\" src=\"https:\/\/www.youtube.com\/embed\/_3X1GX4bQ-U?feature=oembed\" width=\"500\" height=\"281\" frameborder=\"0\" allowfullscreen=\"allowfullscreen\"><\/iframe><\/div>\r\n<\/div>\r\n<\/div>\r\n<\/div>\r\n<\/div>\r\n<\/div>\r\n<\/div>\r\n<\/div>\r\n<\/div>"}],"add_video_tab":[{"video_tab_title":"Video","add_video_id":[{"video_id":"1IPsfPVvYPo"},{"video_id":"lWCUHdFo-js"},{"video_id":"GQuLmCdZp4o"}]}],"add_gallery_tab":null,"add_price_tab":null},"language":"pt-pt","_links":{"self":[{"href":"https:\/\/globecore.com\/pt-pt\/wp-json\/wp\/v2\/pages\/66570","targetHints":{"allow":["GET"]}}],"collection":[{"href":"https:\/\/globecore.com\/pt-pt\/wp-json\/wp\/v2\/pages"}],"about":[{"href":"https:\/\/globecore.com\/pt-pt\/wp-json\/wp\/v2\/types\/page"}],"author":[{"embeddable":true,"href":"https:\/\/globecore.com\/pt-pt\/wp-json\/wp\/v2\/users\/7"}],"replies":[{"embeddable":true,"href":"https:\/\/globecore.com\/pt-pt\/wp-json\/wp\/v2\/comments?post=66570"}],"version-history":[{"count":2,"href":"https:\/\/globecore.com\/pt-pt\/wp-json\/wp\/v2\/pages\/66570\/revisions"}],"predecessor-version":[{"id":336220,"href":"https:\/\/globecore.com\/pt-pt\/wp-json\/wp\/v2\/pages\/66570\/revisions\/336220"}],"up":[{"embeddable":true,"href":"https:\/\/globecore.com\/pt-pt\/wp-json\/wp\/v2\/pages\/32199"}],"wp:featuredmedia":[{"embeddable":true,"href":"https:\/\/globecore.com\/pt-pt\/wp-json\/wp\/v2\/media\/102207"}],"wp:attachment":[{"href":"https:\/\/globecore.com\/pt-pt\/wp-json\/wp\/v2\/media?parent=66570"}],"wp:term":[{"taxonomy":"category","embeddable":true,"href":"https:\/\/globecore.com\/pt-pt\/wp-json\/wp\/v2\/categories?post=66570"}],"curies":[{"name":"wp","href":"https:\/\/api.w.org\/{rel}","templated":true}]}}