{"id":66575,"date":"2022-07-19T11:46:33","date_gmt":"2022-07-19T11:46:33","guid":{"rendered":"https:\/\/globecore.com\/products\/instrumentospt\/breakdown-voltage-tester-tor-100\/"},"modified":"2026-03-06T14:14:00","modified_gmt":"2026-03-06T14:14:00","slug":"breakdown-voltage-tester-tor-100","status":"publish","type":"page","link":"https:\/\/globecore.com\/pt-pt\/products\/instrumentospt\/breakdown-voltage-tester-tor-100\/","title":{"rendered":"TOR-100 (TOR-100 LSL) Testador de tens\u00e3o de ruptura"},"content":{"rendered":"","protected":false},"excerpt":{"rendered":"<p>O TOR-100 \u00e9 um testador projetado para medi\u00e7\u00e3o automatizada e precisa da tens\u00e3o de ruptura el\u00e9trica (at\u00e9 100\u202fkV) de \u00f3leo de transformador e outros diel\u00e9tricos l\u00edquidos. Opera de acordo com as normas IEC 60156, VDE 0370, ASTM D877, ASTM D1816 e IRAM 2341, que podem ser atualizadas ou ampliadas para atender aos requisitos do cliente ou a novas vers\u00f5es das normas. O testador possui uma impressora integrada para resultados imediatos e uma porta USB para salvar os dados dos testes em um pen drive, permitindo f\u00e1cil transfer\u00eancia e armazenamento das medi\u00e7\u00f5es em um computador.<\/p>\n","protected":false},"author":7,"featured_media":110288,"parent":32199,"menu_order":0,"comment_status":"closed","ping_status":"closed","template":"templates\/single-product.php","meta":{"_acf_changed":false,"_bbp_topic_count":0,"_bbp_reply_count":0,"_bbp_total_topic_count":0,"_bbp_total_reply_count":0,"_bbp_voice_count":0,"_bbp_anonymous_reply_count":0,"_bbp_topic_count_hidden":0,"_bbp_reply_count_hidden":0,"_bbp_forum_subforum_count":0,"footnotes":""},"categories":[1684],"class_list":["post-66575","page","type-page","status-publish","has-post-thumbnail","hentry","category-instruments-pt-pt","oil_type-fluido-dieletrico-fr3","oil_type-fluido-dieletrico-midel-7131","oil_type-oleo-de-silicone","oil_type-oleo-para-transformadores","process_type-teste-de-tensao-de-ruptura"],"acf":{"add_tab":[{"tab_title":"Descri\u00e7\u00e3o","tab_content":"<p style=\"text-align: justify;\">O testador TOR-100 foi projetado para determinar a tens\u00e3o de ruptura el\u00e9trica do \u00f3leo do transformador e outros diel\u00e9tricos l\u00edquidos de acordo com IEC 60156, VDE 0370, ASTM D877, ASTM D1816, IRAM 2341. Esta lista de padr\u00f5es pode ser complementada e modificada levando em considera\u00e7\u00e3o em conta os desejos dos clientes e com novas vers\u00f5es das normas.<\/p>\r\n\r\n<h2 style=\"text-align: center;\">Princ\u00edpio da Opera\u00e7\u00e3o<\/h2>\r\n<p style=\"text-align: justify;\">O n\u00facleo de trabalho do testador \u00e9 um transformador de alta tens\u00e3o e m\u00f3dulos eletr\u00f4nicos. O princ\u00edpio de opera\u00e7\u00e3o do dispositivo \u00e9 aumentar gradualmente a tens\u00e3o no enrolamento secund\u00e1rio de um transformador de alta tens\u00e3o de zero a um valor m\u00e1ximo ou a um valor no qual ocorrer\u00e1 uma quebra de um diel\u00e9trico l\u00edquido, despejado em uma c\u00e9lula de medi\u00e7\u00e3o instalado nos contatos de alta tens\u00e3o do transformador, que fazem parte de seus eletrodos de sa\u00edda.<\/p>\r\n<p style=\"text-align: justify;\">O aumento de tens\u00e3o nos contatos de alta tens\u00e3o do enrolamento secund\u00e1rio do transformador ocorre devido a um aumento gradual da tens\u00e3o no enrolamento prim\u00e1rio quando uma tens\u00e3o senoidal \u00e9 aplicada a ele a partir de um inversor mestre controlado.<\/p>"}],"add_def_tab":[{"tab_title":"Especifica\u00e7\u00f5es","tab_content":"<table width=\"655\">\r\n<tbody>\r\n<tr>\r\n<td width=\"71\">\u2116<\/td>\r\n<td width=\"326\">\r\n<p style=\"text-align: center;\"><strong>Par\u00e2metro<\/strong><\/p>\r\n<\/td>\r\n<td width=\"258\">\r\n<p style=\"text-align: center;\"><strong>Significado<\/strong><\/p>\r\n<\/td>\r\n<\/tr>\r\n<tr>\r\n<td width=\"71\">1<\/td>\r\n<td width=\"326\">\r\n<p style=\"text-align: left;\">Tens\u00e3o de opera\u00e7\u00e3o CA, V<\/p>\r\n<\/td>\r\n<td width=\"258\">\r\n<p style=\"text-align: center;\">85 \u2013 264<\/p>\r\n<\/td>\r\n<\/tr>\r\n<tr>\r\n<td width=\"71\">2<\/td>\r\n<td width=\"326\">\r\n<p style=\"text-align: left;\">Frequ\u00eancia da fonte de alimenta\u00e7\u00e3o, Hz<\/p>\r\n<\/td>\r\n<td width=\"258\">\r\n<p style=\"text-align: center;\">48 \u2013 63<\/p>\r\n<\/td>\r\n<\/tr>\r\n<tr>\r\n<td width=\"71\">3<\/td>\r\n<td width=\"326\">\r\n<p style=\"text-align: left;\">Consumo de energia, VA<\/p>\r\n<\/td>\r\n<td width=\"258\">\r\n<p style=\"text-align: center;\">N\u00e3o mais que 250<\/p>\r\n<\/td>\r\n<\/tr>\r\n<tr>\r\n<td width=\"71\">4<\/td>\r\n<td width=\"326\">\r\n<p style=\"text-align: left;\">Tens\u00e3o m\u00e1xima de sa\u00edda, kV<\/p>\r\n<\/td>\r\n<td width=\"258\">\r\n<p style=\"text-align: center;\">Senoidal, at\u00e9 100 kV RMS.<\/p>\r\n<\/td>\r\n<\/tr>\r\n<tr>\r\n<td width=\"71\">5<\/td>\r\n<td width=\"326\">\r\n<p style=\"text-align: left;\">Erro de medi\u00e7\u00e3o de tens\u00e3o de sa\u00edda<\/p>\r\n<\/td>\r\n<td width=\"258\">\r\n<p style=\"text-align: center;\">\u00b11%<\/p>\r\n<\/td>\r\n<\/tr>\r\n<tr>\r\n<td width=\"71\">6<\/td>\r\n<td width=\"326\">\r\n<p style=\"text-align: left;\">Taxa de aumento de tens\u00e3o, kV\/s<\/p>\r\n<\/td>\r\n<td width=\"258\">\r\n<p style=\"text-align: center;\">De 0,5 a 10<\/p>\r\n<\/td>\r\n<\/tr>\r\n<tr>\r\n<td width=\"71\">7<\/td>\r\n<td width=\"326\">\r\n<p style=\"text-align: left;\">Resolu\u00e7\u00e3o ao exibir a tens\u00e3o de sa\u00edda, V<\/p>\r\n<\/td>\r\n<td width=\"258\">\r\n<p style=\"text-align: center;\">100<\/p>\r\n<\/td>\r\n<\/tr>\r\n<tr>\r\n<td width=\"71\">8<\/td>\r\n<td width=\"326\">\r\n<p style=\"text-align: left;\">Tempo de desligamento de alta tens\u00e3o ap\u00f3s falha, \u00b5s<\/p>\r\n<\/td>\r\n<td width=\"258\">\r\n<p style=\"text-align: center;\">10 m\u00e1x.,<\/p>\r\n<p style=\"text-align: center;\">4 t\u00edpico.<\/p>\r\n<\/td>\r\n<\/tr>\r\n<tr>\r\n<td width=\"71\">9<\/td>\r\n<td width=\"326\">\r\n<p style=\"text-align: left;\">Medindo o volume da c\u00e9lula, cm<sup>3<\/sup><\/p>\r\n<\/td>\r\n<td width=\"258\">\r\n<p style=\"text-align: center;\">500<\/p>\r\n<\/td>\r\n<\/tr>\r\n<tr>\r\n<td width=\"71\">10<\/td>\r\n<td width=\"326\">\r\n<p style=\"text-align: left;\">Faixa de medi\u00e7\u00e3o de temperatura ambiente,<strong>\u00b0<\/strong>S<\/p>\r\n<\/td>\r\n<td width=\"258\">\r\n<p style=\"text-align: center;\">0 \u2013 100<\/p>\r\n<\/td>\r\n<\/tr>\r\n<tr>\r\n<td width=\"71\">11<\/td>\r\n<td width=\"326\">\r\n<p style=\"text-align: left;\">Resolu\u00e7\u00e3o de temperatura,<strong>\u00b0<\/strong>S<\/p>\r\n<\/td>\r\n<td width=\"258\">\r\n<p style=\"text-align: center;\">0,1<\/p>\r\n<\/td>\r\n<\/tr>\r\n<tr>\r\n<td width=\"71\">12<\/td>\r\n<td width=\"326\">\r\n<p style=\"text-align: left;\">Impressora embutida<\/p>\r\n<\/td>\r\n<td width=\"258\">\r\n<p style=\"text-align: center;\">sim<\/p>\r\n<\/td>\r\n<\/tr>\r\n<tr>\r\n<td width=\"71\">13<\/td>\r\n<td width=\"326\">\r\n<p style=\"text-align: left;\">Temperatura de trabalho,<strong>\u00b0<\/strong>S<\/p>\r\n<\/td>\r\n<td width=\"258\">\r\n<p style=\"text-align: center;\">0 \u2013 50<\/p>\r\n<\/td>\r\n<\/tr>\r\n<tr>\r\n<td width=\"71\">14<\/td>\r\n<td width=\"326\">\r\n<p style=\"text-align: left;\">temperatura de armazenamento,<strong>\u00b0<\/strong>S<\/p>\r\n<\/td>\r\n<td width=\"258\">\r\n<p style=\"text-align: center;\">De \u2013 20 a + 60<\/p>\r\n<\/td>\r\n<\/tr>\r\n<tr>\r\n<td width=\"71\">15<\/td>\r\n<td width=\"326\">\r\n<p style=\"text-align: left;\">Humidade relativa, %<\/p>\r\n<\/td>\r\n<td width=\"258\">\r\n<p style=\"text-align: center;\">At\u00e9 90 sem condensa\u00e7\u00e3o<\/p>\r\n<\/td>\r\n<\/tr>\r\n<tr>\r\n<td width=\"71\">16<\/td>\r\n<td width=\"326\">\r\n<p style=\"text-align: left;\">Press\u00e3o atmosf\u00e9rica, mm. rt. Arte.<\/p>\r\n<\/td>\r\n<td width=\"258\">\r\n<p style=\"text-align: center;\">630 \u2013 800<\/p>\r\n<\/td>\r\n<\/tr>\r\n<tr>\r\n<td width=\"71\">17<\/td>\r\n<td width=\"326\">\r\n<p style=\"text-align: left;\">Dimens\u00f5es totais, mm<\/p>\r\n<\/td>\r\n<td width=\"258\">\r\n<p style=\"text-align: center;\">510x300x350<\/p>\r\n<\/td>\r\n<\/tr>\r\n<tr>\r\n<td width=\"71\">18<\/td>\r\n<td width=\"326\">\r\n<p style=\"text-align: left;\">Peso, kg, n\u00e3o mais<\/p>\r\n<\/td>\r\n<td width=\"258\">\r\n<p style=\"text-align: center;\">30<\/p>\r\n<\/td>\r\n<\/tr>\r\n<\/tbody>\r\n<\/table>"},{"tab_title":"Vantagens","tab_content":"<ul>\r\n \t<li style=\"text-align: justify;\">medi\u00e7\u00e3o automatizada e precisa da tens\u00e3o de ruptura at\u00e9 100 kV;<\/li>\r\n \t<li style=\"text-align: justify;\">desconex\u00e3o instant\u00e2nea (4 \u03bcs) da tens\u00e3o de teste durante a quebra;<\/li>\r\n \t<li style=\"text-align: justify;\">h\u00e1 uma impressora embutida, voc\u00ea pode imprimir os resultados da medi\u00e7\u00e3o;<\/li>\r\n \t<li style=\"text-align: justify;\">H\u00e1 uma porta USB para conectar uma unidade flash. Voc\u00ea pode registrar informa\u00e7\u00f5es do arquivo de dados de teste para reescrever posteriormente em um computador;<\/li>\r\n \t<li style=\"text-align: justify;\">simples e conveniente de operar e manter.<\/li>\r\n<\/ul>"},{"tab_title":"Aplica\u00e7\u00e3o","tab_content":"[product_oil_types]"},{"tab_title":"Webinar","tab_content":"<div class=\"responsive-embed widescreen\">\r\n<div class=\"responsive-embed widescreen\">\r\n<div class=\"responsive-embed widescreen\">\r\n<div class=\"responsive-embed widescreen\">\r\n<div class=\"responsive-embed widescreen\">\r\n<div class=\"responsive-embed widescreen\">\r\n<div class=\"responsive-embed widescreen\">\r\n<div class=\"responsive-embed widescreen\">\r\n<div class=\"responsive-embed widescreen\"><iframe title=\"Teste BDV Online\" src=\"https:\/\/www.youtube.com\/embed\/_3X1GX4bQ-U?feature=oembed\" width=\"500\" height=\"281\" frameborder=\"0\" allowfullscreen=\"allowfullscreen\"><\/iframe><\/div>\r\n<\/div>\r\n<\/div>\r\n<\/div>\r\n<\/div>\r\n<\/div>\r\n<\/div>\r\n<\/div>\r\n<\/div>"}],"add_video_tab":[{"video_tab_title":"Video","add_video_id":[{"video_id":"1IPsfPVvYPo"},{"video_id":"9okWs12hhdk"}]}],"add_gallery_tab":[{"gallery_tab_title":"Foto","add_img":[63251,63261,63271,63281]}],"add_price_tab":[{"price_tab_title":"Get a quote"}]},"language":"pt-pt","_links":{"self":[{"href":"https:\/\/globecore.com\/pt-pt\/wp-json\/wp\/v2\/pages\/66575","targetHints":{"allow":["GET"]}}],"collection":[{"href":"https:\/\/globecore.com\/pt-pt\/wp-json\/wp\/v2\/pages"}],"about":[{"href":"https:\/\/globecore.com\/pt-pt\/wp-json\/wp\/v2\/types\/page"}],"author":[{"embeddable":true,"href":"https:\/\/globecore.com\/pt-pt\/wp-json\/wp\/v2\/users\/7"}],"replies":[{"embeddable":true,"href":"https:\/\/globecore.com\/pt-pt\/wp-json\/wp\/v2\/comments?post=66575"}],"version-history":[{"count":2,"href":"https:\/\/globecore.com\/pt-pt\/wp-json\/wp\/v2\/pages\/66575\/revisions"}],"predecessor-version":[{"id":336224,"href":"https:\/\/globecore.com\/pt-pt\/wp-json\/wp\/v2\/pages\/66575\/revisions\/336224"}],"up":[{"embeddable":true,"href":"https:\/\/globecore.com\/pt-pt\/wp-json\/wp\/v2\/pages\/32199"}],"wp:featuredmedia":[{"embeddable":true,"href":"https:\/\/globecore.com\/pt-pt\/wp-json\/wp\/v2\/media\/110288"}],"wp:attachment":[{"href":"https:\/\/globecore.com\/pt-pt\/wp-json\/wp\/v2\/media?parent=66575"}],"wp:term":[{"taxonomy":"category","embeddable":true,"href":"https:\/\/globecore.com\/pt-pt\/wp-json\/wp\/v2\/categories?post=66575"}],"curies":[{"name":"wp","href":"https:\/\/api.w.org\/{rel}","templated":true}]}}