{"id":67930,"date":"2020-01-31T08:18:26","date_gmt":"2020-01-31T08:18:26","guid":{"rendered":"https:\/\/globecore.com\/products\/secar-oleos-com-zeolito\/cmm-ssd-stationary-transformer-drying-unit\/"},"modified":"2026-03-06T09:07:38","modified_gmt":"2026-03-06T09:07:38","slug":"cmm-ssd-stationary-transformer-drying-unit","status":"publish","type":"page","link":"https:\/\/globecore.com\/pt-pt\/products\/online-transformer-dry-out-systems\/cmm-ssd-stationary-transformer-drying-unit\/","title":{"rendered":"CMM-260C Sistemas on-line de secagem de transformadores"},"content":{"rendered":"","protected":false},"excerpt":{"rendered":"<p>O dispositivo de secagem cont\u00ednua CMM-260C protege transformadores mantendo seu \u00f3leo seco durante toda a vida \u00fatil. A unidade faz circular o \u00f3leo do transformador atrav\u00e9s de um sorvente granular microporoso, que absorve e ret\u00e9m a \u00e1gua de forma segura. Possui capacidade de pelo menos 30\u202flitros\/h (0,13\u202fgpm) e capacidade de absor\u00e7\u00e3o de \u00e1gua de 9\u202flitros (2,4\u202fgal). O dispositivo pode ser conectado a transformadores de qualquer tipo e idade, com instala\u00e7\u00e3o em menos de uma hora. Ele seca o \u00f3leo sem aquecimento, n\u00e3o requer supervis\u00e3o constante do operador e pode ser instalado tempor\u00e1ria ou permanentemente.<\/p>\n","protected":false},"author":7,"featured_media":27620,"parent":104903,"menu_order":0,"comment_status":"closed","ping_status":"closed","template":"templates\/single-product.php","meta":{"_acf_changed":false,"_bbp_topic_count":0,"_bbp_reply_count":0,"_bbp_total_topic_count":0,"_bbp_total_reply_count":0,"_bbp_voice_count":0,"_bbp_anonymous_reply_count":0,"_bbp_topic_count_hidden":0,"_bbp_reply_count_hidden":0,"_bbp_forum_subforum_count":0,"footnotes":""},"categories":[2479,1341],"class_list":["post-67930","page","type-page","status-publish","has-post-thumbnail","hentry","category-manutencao-do-transformador","category-oil-maintenance-pt-pt","oil_type-transformadores-de-distribuicao","oil_type-transformadores-elevadores","oil_type-transformadores-para-fins-especiais","oil_type-transformadores-redutores","process_type-desidratacao"],"acf":{"add_tab":[{"tab_title":"Descri\u00e7\u00e3o","tab_content":"<p style=\"text-align: justify;\">A \u00e1gua \u00e9 um inimigo perigoso do transformador, porque reduz a tens\u00e3o de ruptura do \u00f3leo, acelera o envelhecimento do \u00f3leo e do isolamento s\u00f3lido. \u00c9 imposs\u00edvel excluir completamente o aparecimento de \u00e1gua no transformador: ela se forma independentemente da qualidade do servi\u00e7o ou do grau de estanqueidade. Mas \u00e9 poss\u00edvel proteger o transformador da umidade por secagem cont\u00ednua usando o dispositivo CMM-260C.<\/p>\r\n<p style=\"text-align: justify;\">O CMM-260C \u00e9 conectado ao transformador e o mant\u00e9m seco durante toda a vida \u00fatil, passando o \u00f3leo por um sorvente composto por gr\u00e2nulos com estrutura microporosa. A \u00e1gua \u00e9 absorvida pelo sorvente, retida de forma confi\u00e1vel em seus cristais e n\u00e3o volta para o \u00f3leo.<\/p>"}],"add_def_tab":[{"tab_title":"Especifica\u00e7\u00f5es","tab_content":"<table width=\"602\">\r\n<tbody>\r\n<tr>\r\n<td colspan=\"3\" width=\"516\">\r\n<p style=\"text-align: center;\"><strong>Nome do par\u00e2metro<\/strong><\/p>\r\n<\/td>\r\n<td width=\"85\">\r\n<p style=\"text-align: center;\"><strong>valores<\/strong><\/p>\r\n<\/td>\r\n<\/tr>\r\n<tr>\r\n<td colspan=\"3\" width=\"516\">Produtividade, l\/hora, n\u00e3o menos<\/td>\r\n<td width=\"85\">\r\n<p style=\"text-align: center;\"><strong><em>30<\/em><\/strong><\/p>\r\n<\/td>\r\n<\/tr>\r\n<tr>\r\n<td colspan=\"3\" width=\"516\">A quantidade de \u00e1gua adsorvida, l<\/td>\r\n<td width=\"85\">\r\n<p style=\"text-align: center;\"><strong><em>9<\/em><\/strong><\/p>\r\n<\/td>\r\n<\/tr>\r\n<tr>\r\n<td colspan=\"3\" width=\"516\">Quantidade de sorvente em um adsorvedor, kg<\/td>\r\n<td width=\"85\">\r\n<p style=\"text-align: center;\"><strong><em>20<\/em><\/strong><\/p>\r\n<\/td>\r\n<\/tr>\r\n<tr>\r\n<td colspan=\"4\" width=\"602\">Par\u00e2metros do \u00f3leo processado:<\/td>\r\n<\/tr>\r\n<tr>\r\n<td rowspan=\"3\" width=\"26\"><\/td>\r\n<td colspan=\"2\" width=\"491\">\u2013 teor de umidade em massa de \u00f3leo, ppm, n\u00e3o mais<\/td>\r\n<td width=\"85\">\r\n<p style=\"text-align: center;\"><strong><em>&lt; 5<\/em><\/strong><\/p>\r\n<\/td>\r\n<\/tr>\r\n<tr>\r\n<td colspan=\"2\" width=\"491\">\u2013 grau industrial de acordo com a ISO 4406<\/td>\r\n<td width=\"85\">\r\n<p style=\"text-align: center;\"><strong><em>-\/14\/12<\/em><\/strong><\/p>\r\n<\/td>\r\n<\/tr>\r\n<tr>\r\n<td colspan=\"2\" width=\"491\">\u2013 tens\u00e3o de ruptura, kV, n\u00e3o inferior a<\/td>\r\n<td width=\"85\">\r\n<p style=\"text-align: center;\"><strong><em>&gt; 65<\/em><\/strong><\/p>\r\n<\/td>\r\n<\/tr>\r\n<tr>\r\n<td colspan=\"3\" width=\"516\">Press\u00e3o de sa\u00edda, bar<\/td>\r\n<td width=\"85\">\r\n<p style=\"text-align: center;\"><strong><em>2<\/em><\/strong><\/p>\r\n<\/td>\r\n<\/tr>\r\n<tr>\r\n<td colspan=\"3\" width=\"516\">Altura de abastecimento de \u00f3leo em rela\u00e7\u00e3o ao tubo de sa\u00edda, m<\/td>\r\n<td width=\"85\">\r\n<p style=\"text-align: center;\"><strong><em>20<\/em><\/strong><\/p>\r\n<\/td>\r\n<\/tr>\r\n<tr>\r\n<td colspan=\"3\" width=\"516\">Consumo m\u00e1ximo de energia, kW, n\u00e3o mais<\/td>\r\n<td width=\"85\">\r\n<p style=\"text-align: center;\"><strong><em>0,25<\/em><\/strong><\/p>\r\n<\/td>\r\n<\/tr>\r\n<tr>\r\n<td colspan=\"4\" width=\"602\">Par\u00e2metros de corrente el\u00e9trica<\/td>\r\n<\/tr>\r\n<tr>\r\n<td colspan=\"2\" rowspan=\"2\" width=\"271\"><\/td>\r\n<td width=\"245\">tens\u00e3o, V<\/td>\r\n<td width=\"85\">\r\n<p style=\"text-align: center;\"><strong><em>400<\/em><\/strong><\/p>\r\n<\/td>\r\n<\/tr>\r\n<tr>\r\n<td width=\"245\">vari\u00e1vel com frequ\u00eancia, Hz<\/td>\r\n<td width=\"85\">\r\n<p style=\"text-align: center;\"><strong><em>50<\/em><\/strong><\/p>\r\n<\/td>\r\n<\/tr>\r\n<tr>\r\n<td colspan=\"4\" width=\"602\">\u00a0Dimens\u00f5es totais, mm, n\u00e3o mais do que<\/td>\r\n<\/tr>\r\n<tr>\r\n<td colspan=\"2\" rowspan=\"3\" width=\"271\"><\/td>\r\n<td width=\"245\">comprimento<\/td>\r\n<td width=\"85\">\r\n<p style=\"text-align: center;\"><strong><em>1150<\/em><\/strong><\/p>\r\n<\/td>\r\n<\/tr>\r\n<tr>\r\n<td width=\"245\">altura<\/td>\r\n<td width=\"85\">\r\n<p style=\"text-align: center;\"><strong><em>1980<\/em><\/strong><\/p>\r\n<\/td>\r\n<\/tr>\r\n<tr>\r\n<td width=\"245\">largura<\/td>\r\n<td width=\"85\">\r\n<p style=\"text-align: center;\"><strong><em>490<\/em><\/strong><\/p>\r\n<\/td>\r\n<\/tr>\r\n<tr>\r\n<td colspan=\"3\" width=\"516\"><em>\u00a0<\/em>Peso, kg, n\u00e3o mais do que<\/td>\r\n<td width=\"85\">\r\n<p style=\"text-align: center;\"><strong><em>400<\/em><\/strong><\/p>\r\n<\/td>\r\n<\/tr>\r\n<\/tbody>\r\n<\/table>"},{"tab_title":"Vantagens","tab_content":"<p style=\"text-align: justify;\">\u25cf conecta a transformadores de qualquer marca e qualquer vida \u00fatil;\r\n\u25cf conectado ao transformador em funcionamento por no m\u00e1ximo uma hora;\r\n\u25cf preenchido com sorvente que absorve a \u00e1gua independentemente de sua temperatura e condi\u00e7\u00e3o;\r\n\u25cf seca o \u00f3leo sem aquecimento e n\u00e3o requer monitoramento constante;\r\n\u25cf instalado permanente ou temporariamente.<\/p>"},{"tab_title":"Aplica\u00e7\u00e3o","tab_content":"[product_oil_types]"},{"tab_title":"Webinar","tab_content":"<div class=\"responsive-embed widescreen\">\r\n<div class=\"responsive-embed widescreen\">\r\n<div class=\"responsive-embed widescreen\">\r\n<div class=\"responsive-embed widescreen\">\r\n<div class=\"responsive-embed widescreen\">\r\n<div class=\"responsive-embed widescreen\">\r\n<div class=\"responsive-embed widescreen\">\r\n<div class=\"responsive-embed widescreen\">\r\n<div class=\"responsive-embed widescreen\"><iframe title=\"Webinar - Secagem cont\u00ednua do isolamento de transformadores em funcionamento (12.05.22)\" src=\"https:\/\/www.youtube.com\/embed\/uHsl1kEQl-U?feature=oembed\" width=\"500\" height=\"281\" frameborder=\"0\" allowfullscreen=\"allowfullscreen\"><\/iframe><\/div>\r\n<\/div>\r\n<\/div>\r\n<\/div>\r\n<\/div>\r\n<\/div>\r\n<\/div>\r\n<\/div>\r\n<\/div>"}],"add_video_tab":[{"video_tab_title":"Video","add_video_id":[{"video_id":"BgA5G0nWOfE"},{"video_id":"Subfl4NL9gU"},{"video_id":"BgA5G0nWOfE"}]}],"add_gallery_tab":[{"gallery_tab_title":"Foto","add_img":[42484,42492,42500,42508]}],"add_price_tab":[{"price_tab_title":"Get a Quote"}]},"language":"pt-pt","_links":{"self":[{"href":"https:\/\/globecore.com\/pt-pt\/wp-json\/wp\/v2\/pages\/67930","targetHints":{"allow":["GET"]}}],"collection":[{"href":"https:\/\/globecore.com\/pt-pt\/wp-json\/wp\/v2\/pages"}],"about":[{"href":"https:\/\/globecore.com\/pt-pt\/wp-json\/wp\/v2\/types\/page"}],"author":[{"embeddable":true,"href":"https:\/\/globecore.com\/pt-pt\/wp-json\/wp\/v2\/users\/7"}],"replies":[{"embeddable":true,"href":"https:\/\/globecore.com\/pt-pt\/wp-json\/wp\/v2\/comments?post=67930"}],"version-history":[{"count":1,"href":"https:\/\/globecore.com\/pt-pt\/wp-json\/wp\/v2\/pages\/67930\/revisions"}],"predecessor-version":[{"id":336104,"href":"https:\/\/globecore.com\/pt-pt\/wp-json\/wp\/v2\/pages\/67930\/revisions\/336104"}],"up":[{"embeddable":true,"href":"https:\/\/globecore.com\/pt-pt\/wp-json\/wp\/v2\/pages\/104903"}],"wp:featuredmedia":[{"embeddable":true,"href":"https:\/\/globecore.com\/pt-pt\/wp-json\/wp\/v2\/media\/27620"}],"wp:attachment":[{"href":"https:\/\/globecore.com\/pt-pt\/wp-json\/wp\/v2\/media?parent=67930"}],"wp:term":[{"taxonomy":"category","embeddable":true,"href":"https:\/\/globecore.com\/pt-pt\/wp-json\/wp\/v2\/categories?post=67930"}],"curies":[{"name":"wp","href":"https:\/\/api.w.org\/{rel}","templated":true}]}}