{"id":67934,"date":"2021-04-26T10:30:27","date_gmt":"2021-04-26T10:30:27","guid":{"rendered":"https:\/\/globecore.com\/products\/regeneracao-de-oleo\/cmm-6r-light-transformer-oil-regeneration-unit\/"},"modified":"2026-03-05T13:55:16","modified_gmt":"2026-03-05T13:55:16","slug":"cmm-6r-light-transformer-oil-regeneration-unit","status":"publish","type":"page","link":"https:\/\/globecore.com\/pt-pt\/products\/regeneracao-de-oleo\/cmm-6r-light-transformer-oil-regeneration-unit\/","title":{"rendered":"CMM-6RL Maquina m\u00f3vel  para regenera\u00e7\u00e3o de \u00f3leo de transformador"},"content":{"rendered":"","protected":false},"excerpt":{"rendered":"<p>A GlobeCore CMM-6RL \u00e9 uma unidade de regenera\u00e7\u00e3o de \u00f3leo de transformadores e industriais que restaura o \u00f3leo envelhecido a um estado quase novo, passando-o por seis colunas preenchidas com adsorvente de terra de Fuller. O sistema remove \u00e1cidos, lodo, umidade e produtos de oxida\u00e7\u00e3o, melhorando a tens\u00e3o de ruptura e o desempenho diel\u00e9trico geral. Uma caracter\u00edstica importante \u00e9 a reativa\u00e7\u00e3o do adsorvente na coluna, permitindo que o sorvente seja queimado e reutilizado at\u00e9 300 vezes sem remo\u00e7\u00e3o. A CMM-6RL tamb\u00e9m regenera \u00f3leos hidr\u00e1ulicos, de turbina, de engrenagem e outros \u00f3leos industriais, preservando hidrocarbonetos \u00fateis e reduzindo os custos de descarte e substitui\u00e7\u00e3o. Esta unidade oferece uma solu\u00e7\u00e3o sustent\u00e1vel e eficiente para prolongar a vida \u00fatil do \u00f3leo e do equipamento.<\/p>\n","protected":false},"author":7,"featured_media":58785,"parent":17224,"menu_order":0,"comment_status":"closed","ping_status":"closed","template":"templates\/single-product.php","meta":{"_acf_changed":false,"_bbp_topic_count":0,"_bbp_reply_count":0,"_bbp_total_topic_count":0,"_bbp_total_reply_count":0,"_bbp_voice_count":0,"_bbp_anonymous_reply_count":0,"_bbp_topic_count_hidden":0,"_bbp_reply_count_hidden":0,"_bbp_forum_subforum_count":0,"footnotes":""},"categories":[1341],"class_list":["post-67934","page","type-page","status-publish","has-post-thumbnail","hentry","category-oil-maintenance-pt-pt","oil_type-fluido-dieletrico-fr3","oil_type-fluido-dieletrico-midel-7131","oil_type-fluido-resistente-ao-fogo-fyrquel","oil_type-oleo-de-silicone","oil_type-oleo-de-transmissao","oil_type-oleo-hidraulico","oil_type-oleo-industrial","oil_type-oleo-para-cabos","oil_type-oleo-para-compressores","oil_type-oleo-para-transformadores","oil_type-oleo-para-turbinas","process_type-filtragem","process_type-regeneracao"],"acf":{"add_tab":[{"tab_title":"Descri\u00e7\u00e3o","tab_content":"<p style=\"text-align: justify;\">A unidade m\u00f3vel de \u00f3leo CMM-6RL foi projetada para regenera\u00e7\u00e3o de \u00f3leos de transformadores.<\/p>\r\n<p style=\"text-align: justify;\">A ess\u00eancia do processo de regenera\u00e7\u00e3o \u00e9 passar o \u00f3leo por seis colunas, cada uma contendo 75 quilos de adsorvente de terra de Fuller - uma subst\u00e2ncia com estrutura microporosa. Neste caso, todas as impurezas nocivas e produtos de envelhecimento s\u00e3o retidos nos gr\u00e2nulos adsorventes. O \u00f3leo turvo e marrom torna-se l\u00edmpido e transparente. A tens\u00e3o de ruptura aumenta, o n\u00famero de acidez e a tangente do \u00e2ngulo de perda diel\u00e9trica diminuem. Gra\u00e7as \u00e0 regenera\u00e7\u00e3o, o \u00f3leo usado restaura suas propriedades ao n\u00edvel do \u00f3leo novo e \u00e9 reutilizado no transformador para isolamento e dissipa\u00e7\u00e3o de calor.<\/p>\r\n<p style=\"text-align: justify;\">Assim que a qualidade da regenera\u00e7\u00e3o do \u00f3leo deixa de atender aos requisitos, a unidade pode ser comutada para o modo de reativa\u00e7\u00e3o do sorvente. As propriedades do sorvente s\u00e3o restauradas pela queima, ap\u00f3s o que \u00e9 novamente usado para regenerar o \u00f3leo do transformador.<\/p>"}],"add_def_tab":[{"tab_title":"Especifica\u00e7\u00f5es","tab_content":"<table width=\"599\">\r\n<tbody>\r\n<tr>\r\n<td width=\"20\"><strong>\u2116<\/strong><\/td>\r\n<td width=\"508\">\r\n<p style=\"text-align: center;\"><strong>Nome do par\u00e2metro<\/strong><\/p>\r\n<\/td>\r\n<td width=\"71\">\r\n<p style=\"text-align: center;\"><strong>valores<\/strong><\/p>\r\n<\/td>\r\n<\/tr>\r\n<tr>\r\n<td width=\"20\">1<\/td>\r\n<td width=\"508\">\r\n<p style=\"text-align: left;\">Produtividade, m3\/h<\/p>\r\n<\/td>\r\n<td width=\"71\">\r\n<p style=\"text-align: center;\">0,45*<\/p>\r\n<\/td>\r\n<\/tr>\r\n<tr>\r\n<td width=\"20\">2<\/td>\r\n<td width=\"508\">\r\n<p style=\"text-align: left;\">Tempo de reativa\u00e7\u00e3o do sorvente, n\u00e3o mais<\/p>\r\n<\/td>\r\n<td width=\"71\">\r\n<p style=\"text-align: center;\">19 horas<\/p>\r\n<\/td>\r\n<\/tr>\r\n<tr>\r\n<td width=\"20\">3<\/td>\r\n<td width=\"508\">\r\n<p style=\"text-align: left;\">Consumo de energia instalada, kW<\/p>\r\n<\/td>\r\n<td width=\"71\">\r\n<p style=\"text-align: center;\">14,5<\/p>\r\n<\/td>\r\n<\/tr>\r\n<tr>\r\n<td width=\"20\">4<\/td>\r\n<td width=\"508\">\r\n<p style=\"text-align: left;\">Tens\u00e3o de alimenta\u00e7\u00e3o de uma rede CA trif\u00e1sica com frequ\u00eancia de 50 Hz, 60 Hz, V<\/p>\r\n<\/td>\r\n<td width=\"71\">\r\n<p style=\"text-align: center;\">380<\/p>\r\n<\/td>\r\n<\/tr>\r\n<tr>\r\n<td width=\"20\">5<\/td>\r\n<td width=\"508\">\r\n<p style=\"text-align: left;\">Dimens\u00f5es totais, mm n\u00e3o mais<\/p>\r\n<p style=\"text-align: left;\">\u2013 comprimento<\/p>\r\n<p style=\"text-align: left;\">\u2013 largura<\/p>\r\n<p style=\"text-align: left;\">\u2013 altura<\/p>\r\n<\/td>\r\n<td width=\"71\">&nbsp;\r\n<p style=\"text-align: center;\">2820<\/p>\r\n<p style=\"text-align: center;\">1570<\/p>\r\n<p style=\"text-align: center;\">1520<\/p>\r\n<\/td>\r\n<\/tr>\r\n<tr>\r\n<td width=\"20\">6<\/td>\r\n<td width=\"508\">\r\n<p style=\"text-align: left;\">Peso, kg n\u00e3o mais<\/p>\r\n<\/td>\r\n<td width=\"71\">\r\n<p style=\"text-align: center;\">2100<\/p>\r\n<\/td>\r\n<\/tr>\r\n<\/tbody>\r\n<\/table>\r\n<p style=\"text-align: justify;\">* \u2013 a produtividade da planta depende dos indicadores de qualidade do pequeno processado<\/p>"},{"tab_title":"Vantagens","tab_content":"<ul>\r\n \t<li style=\"text-align: justify;\">dimens\u00f5es compactas;<\/li>\r\n \t<li style=\"text-align: justify;\">pode ser usado em combina\u00e7\u00e3o com unidades de desgaseifica\u00e7\u00e3o;<\/li>\r\n \t<li style=\"text-align: justify;\">o adsorvente pode ser reativado 300-500 vezes;<\/li>\r\n \t<li style=\"text-align: justify;\">Economize dinheiro recondicionando o \u00f3leo e reutilizando-o em transformadores.<\/li>\r\n<\/ul>"},{"tab_title":"Aplica\u00e7\u00e3o","tab_content":"[product_oil_types]"},{"tab_title":"Webinar","tab_content":"<div class=\"responsive-embed widescreen\">\r\n<div class=\"responsive-embed widescreen\">\r\n<div class=\"responsive-embed widescreen\">\r\n<div class=\"responsive-embed widescreen\">\r\n<div class=\"responsive-embed widescreen\">\r\n<div class=\"responsive-embed widescreen\">\r\n<div class=\"responsive-embed widescreen\">\r\n<div class=\"responsive-embed widescreen\">\r\n<div class=\"responsive-embed widescreen\"><iframe title=\"Webinar - Regenera\u00e7\u00e3o de \u00f3leo diel\u00e9trico: um olhar aprofundado (13.10.2021)\" src=\"https:\/\/www.youtube.com\/embed\/vYHxRcDmJqc?feature=oembed\" width=\"500\" height=\"281\" frameborder=\"0\" allowfullscreen=\"allowfullscreen\"><\/iframe><\/div>\r\n<\/div>\r\n<\/div>\r\n<\/div>\r\n<\/div>\r\n<\/div>\r\n<\/div>\r\n<\/div>\r\n<\/div>"}],"add_video_tab":[{"video_tab_title":"Video","add_video_id":[{"video_id":"HcT9MjRqDCk"},{"video_id":"OSNpAC_uLMw"},{"video_id":"tGaNIhL_BAY"}]}],"add_gallery_tab":[{"gallery_tab_title":"Foto","add_img":[59070,59079,59088]}],"add_price_tab":[{"price_tab_title":"Get a quote"}]},"language":"pt-pt","_links":{"self":[{"href":"https:\/\/globecore.com\/pt-pt\/wp-json\/wp\/v2\/pages\/67934","targetHints":{"allow":["GET"]}}],"collection":[{"href":"https:\/\/globecore.com\/pt-pt\/wp-json\/wp\/v2\/pages"}],"about":[{"href":"https:\/\/globecore.com\/pt-pt\/wp-json\/wp\/v2\/types\/page"}],"author":[{"embeddable":true,"href":"https:\/\/globecore.com\/pt-pt\/wp-json\/wp\/v2\/users\/7"}],"replies":[{"embeddable":true,"href":"https:\/\/globecore.com\/pt-pt\/wp-json\/wp\/v2\/comments?post=67934"}],"version-history":[{"count":1,"href":"https:\/\/globecore.com\/pt-pt\/wp-json\/wp\/v2\/pages\/67934\/revisions"}],"predecessor-version":[{"id":335965,"href":"https:\/\/globecore.com\/pt-pt\/wp-json\/wp\/v2\/pages\/67934\/revisions\/335965"}],"up":[{"embeddable":true,"href":"https:\/\/globecore.com\/pt-pt\/wp-json\/wp\/v2\/pages\/17224"}],"wp:featuredmedia":[{"embeddable":true,"href":"https:\/\/globecore.com\/pt-pt\/wp-json\/wp\/v2\/media\/58785"}],"wp:attachment":[{"href":"https:\/\/globecore.com\/pt-pt\/wp-json\/wp\/v2\/media?parent=67934"}],"wp:term":[{"taxonomy":"category","embeddable":true,"href":"https:\/\/globecore.com\/pt-pt\/wp-json\/wp\/v2\/categories?post=67934"}],"curies":[{"name":"wp","href":"https:\/\/api.w.org\/{rel}","templated":true}]}}