{"id":67990,"date":"2023-05-19T09:13:55","date_gmt":"2023-05-19T09:13:55","guid":{"rendered":"https:\/\/globecore.com\/products\/moinho-coloidal\/colloid-mills-for-the-food-industry\/"},"modified":"2026-03-10T17:23:43","modified_gmt":"2026-03-10T17:23:43","slug":"colloid-mills-for-the-food-industry","status":"publish","type":"page","link":"https:\/\/globecore.com\/pt-pt\/products\/moinho-coloidal\/colloid-mills-for-the-food-industry\/","title":{"rendered":"Moinhos col\u00f3ides para a ind\u00fastria alimentar"},"content":{"rendered":"<p style=\"text-align: justify;\">A empresa<em><strong> GlobeCore<\/strong><\/em> fabrica moinhos col\u00f3ides projetados especificamente para uso na ind\u00fastria aliment\u00edcia. Todas as superf\u00edcies dos moinhos col\u00f3ides da <em><strong>GlobeCore<\/strong><\/em> que entram em contato com produtos aliment\u00edcios s\u00e3o feitas de a\u00e7o inoxid\u00e1vel. Al\u00e9m disso, essas superf\u00edcies s\u00e3o f\u00e1ceis de limpar e n\u00e3o afetam o odor, a cor e o sabor do produto final.<\/p>\n","protected":false},"excerpt":{"rendered":"<p>A empresa GlobeCore fabrica moinhos col\u00f3ides projetados especificamente para uso na ind\u00fastria aliment\u00edcia. Todas as superf\u00edcies dos moinhos col\u00f3ides da GlobeCore que entram em contato com produtos aliment\u00edcios s\u00e3o feitas de a\u00e7o inoxid\u00e1vel. Al\u00e9m disso, essas superf\u00edcies s\u00e3o f\u00e1ceis de limpar e n\u00e3o afetam o odor, a cor e o sabor do produto final.<\/p>\n","protected":false},"author":7,"featured_media":44458,"parent":19255,"menu_order":0,"comment_status":"closed","ping_status":"closed","template":"templates\/products-sidebar.php","meta":{"_acf_changed":false,"_bbp_topic_count":0,"_bbp_reply_count":0,"_bbp_total_topic_count":0,"_bbp_total_reply_count":0,"_bbp_voice_count":0,"_bbp_anonymous_reply_count":0,"_bbp_topic_count_hidden":0,"_bbp_reply_count_hidden":0,"_bbp_forum_subforum_count":0,"footnotes":""},"categories":[],"class_list":["post-67990","page","type-page","status-publish","has-post-thumbnail","hentry"],"acf":[],"language":"pt-pt","_links":{"self":[{"href":"https:\/\/globecore.com\/pt-pt\/wp-json\/wp\/v2\/pages\/67990","targetHints":{"allow":["GET"]}}],"collection":[{"href":"https:\/\/globecore.com\/pt-pt\/wp-json\/wp\/v2\/pages"}],"about":[{"href":"https:\/\/globecore.com\/pt-pt\/wp-json\/wp\/v2\/types\/page"}],"author":[{"embeddable":true,"href":"https:\/\/globecore.com\/pt-pt\/wp-json\/wp\/v2\/users\/7"}],"replies":[{"embeddable":true,"href":"https:\/\/globecore.com\/pt-pt\/wp-json\/wp\/v2\/comments?post=67990"}],"version-history":[{"count":1,"href":"https:\/\/globecore.com\/pt-pt\/wp-json\/wp\/v2\/pages\/67990\/revisions"}],"predecessor-version":[{"id":341918,"href":"https:\/\/globecore.com\/pt-pt\/wp-json\/wp\/v2\/pages\/67990\/revisions\/341918"}],"up":[{"embeddable":true,"href":"https:\/\/globecore.com\/pt-pt\/wp-json\/wp\/v2\/pages\/19255"}],"wp:featuredmedia":[{"embeddable":true,"href":"https:\/\/globecore.com\/pt-pt\/wp-json\/wp\/v2\/media\/44458"}],"wp:attachment":[{"href":"https:\/\/globecore.com\/pt-pt\/wp-json\/wp\/v2\/media?parent=67990"}],"wp:term":[{"taxonomy":"category","embeddable":true,"href":"https:\/\/globecore.com\/pt-pt\/wp-json\/wp\/v2\/categories?post=67990"}],"curies":[{"name":"wp","href":"https:\/\/api.w.org\/{rel}","templated":true}]}}