{"id":68020,"date":"2023-05-22T06:44:28","date_gmt":"2023-05-22T06:44:28","guid":{"rendered":"https:\/\/globecore.com\/products\/moinho-coloidal\/colloid-mills-for-bitumen-modification\/"},"modified":"2026-03-10T17:08:44","modified_gmt":"2026-03-10T17:08:44","slug":"colloid-mills-for-bitumen-modification","status":"publish","type":"page","link":"https:\/\/globecore.com\/pt-pt\/products\/moinho-coloidal\/colloid-mills-for-bitumen-modification\/","title":{"rendered":"Moinhos col\u00f3ides para modifica\u00e7\u00e3o de betume"},"content":{"rendered":"","protected":false},"excerpt":{"rendered":"","protected":false},"author":7,"featured_media":67243,"parent":19255,"menu_order":0,"comment_status":"closed","ping_status":"closed","template":"templates\/products-sidebar.php","meta":{"_acf_changed":false,"_bbp_topic_count":0,"_bbp_reply_count":0,"_bbp_total_topic_count":0,"_bbp_total_reply_count":0,"_bbp_voice_count":0,"_bbp_anonymous_reply_count":0,"_bbp_topic_count_hidden":0,"_bbp_reply_count_hidden":0,"_bbp_forum_subforum_count":0,"footnotes":""},"categories":[],"class_list":["post-68020","page","type-page","status-publish","has-post-thumbnail","hentry"],"acf":[],"language":"pt-pt","_links":{"self":[{"href":"https:\/\/globecore.com\/pt-pt\/wp-json\/wp\/v2\/pages\/68020","targetHints":{"allow":["GET"]}}],"collection":[{"href":"https:\/\/globecore.com\/pt-pt\/wp-json\/wp\/v2\/pages"}],"about":[{"href":"https:\/\/globecore.com\/pt-pt\/wp-json\/wp\/v2\/types\/page"}],"author":[{"embeddable":true,"href":"https:\/\/globecore.com\/pt-pt\/wp-json\/wp\/v2\/users\/7"}],"replies":[{"embeddable":true,"href":"https:\/\/globecore.com\/pt-pt\/wp-json\/wp\/v2\/comments?post=68020"}],"version-history":[{"count":1,"href":"https:\/\/globecore.com\/pt-pt\/wp-json\/wp\/v2\/pages\/68020\/revisions"}],"predecessor-version":[{"id":341906,"href":"https:\/\/globecore.com\/pt-pt\/wp-json\/wp\/v2\/pages\/68020\/revisions\/341906"}],"up":[{"embeddable":true,"href":"https:\/\/globecore.com\/pt-pt\/wp-json\/wp\/v2\/pages\/19255"}],"wp:featuredmedia":[{"embeddable":true,"href":"https:\/\/globecore.com\/pt-pt\/wp-json\/wp\/v2\/media\/67243"}],"wp:attachment":[{"href":"https:\/\/globecore.com\/pt-pt\/wp-json\/wp\/v2\/media?parent=68020"}],"wp:term":[{"taxonomy":"category","embeddable":true,"href":"https:\/\/globecore.com\/pt-pt\/wp-json\/wp\/v2\/categories?post=68020"}],"curies":[{"name":"wp","href":"https:\/\/api.w.org\/{rel}","templated":true}]}}